{"id":5251,"date":"2021-11-16T16:28:34","date_gmt":"2021-11-16T16:28:34","guid":{"rendered":"https:\/\/tunisia-building-partners.com\/building-materials\/materiaux-et-equipements-de-construction\/"},"modified":"2024-06-13T15:53:48","modified_gmt":"2024-06-13T15:53:48","slug":"construction-materials-and-equipment","status":"publish","type":"page","link":"https:\/\/tunisia-building-partners.com\/en\/building-materials\/construction-materials-and-equipment\/","title":{"rendered":"Construction materials and equipment"},"content":{"rendered":"<div class=\"wpb-content-wrapper\"><p>[vc_row][vc_column width=&#8221;1\/2&#8243;][vc_column_text css=&#8221;&#8221;]TBP specializes in construction materials and equipment with several products and solutions for building and construction.<\/p>\n<h2>CONSTRUCTION MATERIALS<\/h2>\n<p>Building materials include structural, non-structural, specialty and finishing materials.<\/p>\n<p>Structural materials are the permanent parts of the building that support the loads imposed on the building by people, wind, snow, rain and gravity. Structural materials are normally stronger and heavier than other building materials.<\/p>\n<p>Non-structural materials carry loads but do not transfer them to other parts of the structure. Insulation, drywall, carpet, ceramic tile, and finish flooring are examples of nonstructural materials.<\/p>\n<p>Specialty materials are those that are needed for specific uses such as wet areas or high humidity environments. Finishing materials cover a wide range of products including rendering systems, wall ties, sealants and floor coverings to name a few, which help to give the appearance exterior or the acoustic performance of a given construction.<\/p>\n<p>Our product range covers:<\/p>\n<ul>\n<li>Concrete round iron<\/li>\n<li>Annealed wire<\/li>\n<li>Shaped frames<\/li>\n<li>welded mesh<\/li>\n<li>Bricks<\/li>\n<li>Concrete products: interlocking pavers, sidewalk edging, garden edging<\/li>\n<li>Road gutters<\/li>\n<li>Formwork wood<\/li>\n<li>Plywood<\/li>\n<li>OSB panels<\/li>\n<li>Formwork panels<\/li>\n<li>Formwork accessories<\/li>\n<li>Construction site fencing<\/li>\n<li>Polycarbonate panels<\/li>\n<li>Sandwich signs<\/li>\n<li>Cement<\/li>\n<li>Building glue<\/li>\n<li>Adhesive mortars<\/li>\n<li>Grouting mortar<\/li>\n<li>Waterproofing<\/li>\n<li>Concrete solution<\/li>\n<li>Concrete Solutions<\/li>\n<li>Special adhesive mortars<\/li>\n<li>Self-leveling<\/li>\n<li>Jointed tiles<\/li>\n<li>Liquid Waterproofing Solutions<\/li>\n<li>Bituminous waterproofing<\/li>\n<\/ul>\n<p>[\/vc_column_text][\/vc_column][vc_column width=&#8221;1\/2&#8243;][vc_single_image image=&#8221;2101&#8243; img_size=&#8221;full&#8221;][\/vc_column][\/vc_row][vc_row][vc_column width=&#8221;1\/3&#8243;][\/vc_column][vc_column width=&#8221;1\/3&#8243;][vc_empty_space height=&#8221;40&#8243;][vc_separator color=&#8221;orange&#8221; border_width=&#8221;8&#8243; el_width=&#8221;30&#8243;][vc_empty_space height=&#8221;40&#8243;][\/vc_column][vc_column width=&#8221;1\/3&#8243;][\/vc_column][\/vc_row][vc_row][vc_column width=&#8221;1\/2&#8243;][vc_single_image image=&#8221;2172&#8243; img_size=&#8221;full&#8221;][\/vc_column][vc_column width=&#8221;1\/2&#8243;][vc_column_text css=&#8221;&#8221;]<\/p>\n<h2>EQUIPMENT AND MATERIALS<\/h2>\n<p>Construction equipment used for the construction process are the tools and vehicles that help construction workers achieve their goals. There are a wide variety of materials used in construction today, from cement to sand to wire.<\/p>\n<p>Our product range covers:<\/p>\n<ul>\n<li>Basic equipment: concrete mixer, troweller, vibrating plate, bender, shears, etc.<\/li>\n<li>Portable power equipment<\/li>\n<li>Hand tools<\/li>\n<li>PVC tube<\/li>\n<li>Diamond blades<\/li>\n<li>Dumpster<\/li>\n<li>Trunking<\/li>\n<li>Construction cabins<\/li>\n<\/ul>\n<p>Construction materials and equipment are our strong point. if you have a project in this direction, our engineers and salespeople are at your disposal to provide you with the best solutions.[\/vc_column_text][\/vc_column][\/vc_row]<\/p>\n<\/div>","protected":false},"excerpt":{"rendered":"<p>[vc_row][vc_column width=&#8221;1\/2&#8243;][vc_column_text css=&#8221;&#8221;]TBP specializes in construction materials and equipment with several products and solutions for building and construction. CONSTRUCTION MATERIALS&#8230;<\/p>\n","protected":false},"author":3,"featured_media":0,"parent":3419,"menu_order":0,"comment_status":"closed","ping_status":"closed","template":"","meta":{"ngg_post_thumbnail":0,"footnotes":""},"class_list":["post-5251","page","type-page","status-publish"],"yoast_head":"<!-- This site is optimized with the Yoast SEO plugin v27.0 - https:\/\/yoast.com\/product\/yoast-seo-wordpress\/ -->\n<title>Construction materials and equipment - Tunisia Building Partners<\/title>\n<meta name=\"description\" content=\"Construction materials and equipment, concrete mixer, trowel, vibrating plate, bender, shear, portable power equipment\" \/>\n<meta name=\"robots\" content=\"index, follow, max-snippet:-1, max-image-preview:large, max-video-preview:-1\" \/>\n<link rel=\"canonical\" href=\"https:\/\/tunisia-building-partners.com\/en\/building-materials\/construction-materials-and-equipment\/\" \/>\n<meta property=\"og:locale\" content=\"en_US\" \/>\n<meta property=\"og:type\" content=\"article\" \/>\n<meta property=\"og:title\" content=\"Construction materials and equipment - Tunisia Building Partners\" \/>\n<meta property=\"og:description\" content=\"Construction materials and equipment, concrete mixer, trowel, vibrating plate, bender, shear, portable power equipment\" \/>\n<meta property=\"og:url\" content=\"https:\/\/tunisia-building-partners.com\/en\/building-materials\/construction-materials-and-equipment\/\" \/>\n<meta property=\"og:site_name\" content=\"Tunisia Building Partners\" \/>\n<meta property=\"article:publisher\" content=\"https:\/\/www.facebook.com\/Tunisia.Building.Partners\" \/>\n<meta property=\"article:modified_time\" content=\"2024-06-13T15:53:48+00:00\" \/>\n<meta name=\"twitter:card\" content=\"summary_large_image\" \/>\n<meta name=\"twitter:site\" content=\"@TBPTunisia\" \/>\n<meta name=\"twitter:label1\" content=\"Est. reading time\" \/>\n\t<meta name=\"twitter:data1\" content=\"3 minutes\" \/>\n<script type=\"application\/ld+json\" class=\"yoast-schema-graph\">{\"@context\":\"https:\/\/schema.org\",\"@graph\":[{\"@type\":\"WebPage\",\"@id\":\"https:\/\/tunisia-building-partners.com\/en\/building-materials\/construction-materials-and-equipment\/\",\"url\":\"https:\/\/tunisia-building-partners.com\/en\/building-materials\/construction-materials-and-equipment\/\",\"name\":\"Construction materials and equipment - Tunisia Building Partners\",\"isPartOf\":{\"@id\":\"https:\/\/tunisia-building-partners.com\/en\/#website\"},\"datePublished\":\"2021-11-16T16:28:34+00:00\",\"dateModified\":\"2024-06-13T15:53:48+00:00\",\"description\":\"Construction materials and equipment, concrete mixer, trowel, vibrating plate, bender, shear, portable power equipment\",\"breadcrumb\":{\"@id\":\"https:\/\/tunisia-building-partners.com\/en\/building-materials\/construction-materials-and-equipment\/#breadcrumb\"},\"inLanguage\":\"en-US\",\"potentialAction\":[{\"@type\":\"ReadAction\",\"target\":[\"https:\/\/tunisia-building-partners.com\/en\/building-materials\/construction-materials-and-equipment\/\"]}]},{\"@type\":\"BreadcrumbList\",\"@id\":\"https:\/\/tunisia-building-partners.com\/en\/building-materials\/construction-materials-and-equipment\/#breadcrumb\",\"itemListElement\":[{\"@type\":\"ListItem\",\"position\":1,\"name\":\"Accueil\",\"item\":\"https:\/\/tunisia-building-partners.com\/en\/\"},{\"@type\":\"ListItem\",\"position\":2,\"name\":\"Building Materials\",\"item\":\"https:\/\/tunisia-building-partners.com\/en\/building-materials\/\"},{\"@type\":\"ListItem\",\"position\":3,\"name\":\"Construction materials and equipment\"}]},{\"@type\":\"WebSite\",\"@id\":\"https:\/\/tunisia-building-partners.com\/en\/#website\",\"url\":\"https:\/\/tunisia-building-partners.com\/en\/\",\"name\":\"Tunisia Building Partners\",\"description\":\"Solutions de constructions et b\u00e2timents, solutions b\u00e9ton, mat\u00e9riels \u00e9lectriques, chauffe-eau solaire, aluminium, fer marchand, plomberie et robinetterie, g\u00e9nie civil\",\"publisher\":{\"@id\":\"https:\/\/tunisia-building-partners.com\/en\/#organization\"},\"potentialAction\":[{\"@type\":\"SearchAction\",\"target\":{\"@type\":\"EntryPoint\",\"urlTemplate\":\"https:\/\/tunisia-building-partners.com\/en\/?s={search_term_string}\"},\"query-input\":{\"@type\":\"PropertyValueSpecification\",\"valueRequired\":true,\"valueName\":\"search_term_string\"}}],\"inLanguage\":\"en-US\"},{\"@type\":\"Organization\",\"@id\":\"https:\/\/tunisia-building-partners.com\/en\/#organization\",\"name\":\"Tunisia Building Partners\",\"url\":\"https:\/\/tunisia-building-partners.com\/en\/\",\"logo\":{\"@type\":\"ImageObject\",\"inLanguage\":\"en-US\",\"@id\":\"https:\/\/tunisia-building-partners.com\/en\/#\/schema\/logo\/image\/\",\"url\":\"https:\/\/tunisia-building-partners.com\/wp-content\/uploads\/2019\/09\/Logo.png\",\"contentUrl\":\"https:\/\/tunisia-building-partners.com\/wp-content\/uploads\/2019\/09\/Logo.png\",\"width\":853,\"height\":368,\"caption\":\"Tunisia Building Partners\"},\"image\":{\"@id\":\"https:\/\/tunisia-building-partners.com\/en\/#\/schema\/logo\/image\/\"},\"sameAs\":[\"https:\/\/www.facebook.com\/Tunisia.Building.Partners\",\"https:\/\/x.com\/TBPTunisia\",\"https:\/\/www.linkedin.com\/company\/28818891\",\"https:\/\/www.youtube.com\/channel\/UCtUmZUwZlDBs2S3GHJuAfuQ\/\"]}]}<\/script>\n<!-- \/ Yoast SEO plugin. -->","yoast_head_json":{"title":"Construction materials and equipment - Tunisia Building Partners","description":"Construction materials and equipment, concrete mixer, trowel, vibrating plate, bender, shear, portable power equipment","robots":{"index":"index","follow":"follow","max-snippet":"max-snippet:-1","max-image-preview":"max-image-preview:large","max-video-preview":"max-video-preview:-1"},"canonical":"https:\/\/tunisia-building-partners.com\/en\/building-materials\/construction-materials-and-equipment\/","og_locale":"en_US","og_type":"article","og_title":"Construction materials and equipment - Tunisia Building Partners","og_description":"Construction materials and equipment, concrete mixer, trowel, vibrating plate, bender, shear, portable power equipment","og_url":"https:\/\/tunisia-building-partners.com\/en\/building-materials\/construction-materials-and-equipment\/","og_site_name":"Tunisia Building Partners","article_publisher":"https:\/\/www.facebook.com\/Tunisia.Building.Partners","article_modified_time":"2024-06-13T15:53:48+00:00","twitter_card":"summary_large_image","twitter_site":"@TBPTunisia","twitter_misc":{"Est. reading time":"3 minutes"},"schema":{"@context":"https:\/\/schema.org","@graph":[{"@type":"WebPage","@id":"https:\/\/tunisia-building-partners.com\/en\/building-materials\/construction-materials-and-equipment\/","url":"https:\/\/tunisia-building-partners.com\/en\/building-materials\/construction-materials-and-equipment\/","name":"Construction materials and equipment - Tunisia Building Partners","isPartOf":{"@id":"https:\/\/tunisia-building-partners.com\/en\/#website"},"datePublished":"2021-11-16T16:28:34+00:00","dateModified":"2024-06-13T15:53:48+00:00","description":"Construction materials and equipment, concrete mixer, trowel, vibrating plate, bender, shear, portable power equipment","breadcrumb":{"@id":"https:\/\/tunisia-building-partners.com\/en\/building-materials\/construction-materials-and-equipment\/#breadcrumb"},"inLanguage":"en-US","potentialAction":[{"@type":"ReadAction","target":["https:\/\/tunisia-building-partners.com\/en\/building-materials\/construction-materials-and-equipment\/"]}]},{"@type":"BreadcrumbList","@id":"https:\/\/tunisia-building-partners.com\/en\/building-materials\/construction-materials-and-equipment\/#breadcrumb","itemListElement":[{"@type":"ListItem","position":1,"name":"Accueil","item":"https:\/\/tunisia-building-partners.com\/en\/"},{"@type":"ListItem","position":2,"name":"Building Materials","item":"https:\/\/tunisia-building-partners.com\/en\/building-materials\/"},{"@type":"ListItem","position":3,"name":"Construction materials and equipment"}]},{"@type":"WebSite","@id":"https:\/\/tunisia-building-partners.com\/en\/#website","url":"https:\/\/tunisia-building-partners.com\/en\/","name":"Tunisia Building Partners","description":"Solutions de constructions et b\u00e2timents, solutions b\u00e9ton, mat\u00e9riels \u00e9lectriques, chauffe-eau solaire, aluminium, fer marchand, plomberie et robinetterie, g\u00e9nie civil","publisher":{"@id":"https:\/\/tunisia-building-partners.com\/en\/#organization"},"potentialAction":[{"@type":"SearchAction","target":{"@type":"EntryPoint","urlTemplate":"https:\/\/tunisia-building-partners.com\/en\/?s={search_term_string}"},"query-input":{"@type":"PropertyValueSpecification","valueRequired":true,"valueName":"search_term_string"}}],"inLanguage":"en-US"},{"@type":"Organization","@id":"https:\/\/tunisia-building-partners.com\/en\/#organization","name":"Tunisia Building Partners","url":"https:\/\/tunisia-building-partners.com\/en\/","logo":{"@type":"ImageObject","inLanguage":"en-US","@id":"https:\/\/tunisia-building-partners.com\/en\/#\/schema\/logo\/image\/","url":"https:\/\/tunisia-building-partners.com\/wp-content\/uploads\/2019\/09\/Logo.png","contentUrl":"https:\/\/tunisia-building-partners.com\/wp-content\/uploads\/2019\/09\/Logo.png","width":853,"height":368,"caption":"Tunisia Building Partners"},"image":{"@id":"https:\/\/tunisia-building-partners.com\/en\/#\/schema\/logo\/image\/"},"sameAs":["https:\/\/www.facebook.com\/Tunisia.Building.Partners","https:\/\/x.com\/TBPTunisia","https:\/\/www.linkedin.com\/company\/28818891","https:\/\/www.youtube.com\/channel\/UCtUmZUwZlDBs2S3GHJuAfuQ\/"]}]}},"_links":{"self":[{"href":"https:\/\/tunisia-building-partners.com\/en\/wp-json\/wp\/v2\/pages\/5251","targetHints":{"allow":["GET"]}}],"collection":[{"href":"https:\/\/tunisia-building-partners.com\/en\/wp-json\/wp\/v2\/pages"}],"about":[{"href":"https:\/\/tunisia-building-partners.com\/en\/wp-json\/wp\/v2\/types\/page"}],"author":[{"embeddable":true,"href":"https:\/\/tunisia-building-partners.com\/en\/wp-json\/wp\/v2\/users\/3"}],"replies":[{"embeddable":true,"href":"https:\/\/tunisia-building-partners.com\/en\/wp-json\/wp\/v2\/comments?post=5251"}],"version-history":[{"count":3,"href":"https:\/\/tunisia-building-partners.com\/en\/wp-json\/wp\/v2\/pages\/5251\/revisions"}],"predecessor-version":[{"id":5254,"href":"https:\/\/tunisia-building-partners.com\/en\/wp-json\/wp\/v2\/pages\/5251\/revisions\/5254"}],"up":[{"embeddable":true,"href":"https:\/\/tunisia-building-partners.com\/en\/wp-json\/wp\/v2\/pages\/3419"}],"wp:attachment":[{"href":"https:\/\/tunisia-building-partners.com\/en\/wp-json\/wp\/v2\/media?parent=5251"}],"curies":[{"name":"wp","href":"https:\/\/api.w.org\/{rel}","templated":true}]}}