{"id":5197,"date":"2024-03-31T16:38:17","date_gmt":"2024-03-31T16:38:17","guid":{"rendered":"https:\/\/tunisia-building-partners.com\/building-materials\/portes-dexterieur\/"},"modified":"2024-06-05T12:34:29","modified_gmt":"2024-06-05T12:34:29","slug":"exterior-doors","status":"publish","type":"page","link":"https:\/\/tunisia-building-partners.com\/en\/building-materials\/exterior-doors\/","title":{"rendered":"Exterior doors"},"content":{"rendered":"<div class=\"wpb-content-wrapper\"><p>[vc_row][vc_column width=&#8221;1\/2&#8243;][vc_column_text css=&#8221;&#8221;]Tunisia Building Partners via its partner COMAF, offers a wide range of exterior doors such as:<\/p>\n<ul>\n<li>Armored doors<\/li>\n<li>Fire doors<\/li>\n<li>Metal doors<\/li>\n<\/ul>\n<p>Our doors are designed to provide both security and aesthetics, to meet the specific needs of each customer. We use high quality materials to ensure optimal durability and resistance.<\/p>\n<p>Our armored doors are reinforced with advanced burglar-proof systems, such as multi-point locks and security bars. They are also available in a variety of designs and finishes to suit any architectural style.[\/vc_column_text][\/vc_column][vc_column width=&#8221;1\/2&#8243;][vc_column_text css=&#8221;&#8221;]For buildings requiring fire protection, our fire doors are certified to the highest safety standards. They are ideal for hotels, hospitals and any other building where fire safety is a priority.<\/p>\n<p>Our metal doors offer a perfect combination of robustness and elegant simplicity. They are available in different thicknesses and can be personalized with various patterns or colors.<\/p>\n<p>At Tunisia Building Partners, we pride ourselves on providing high quality exterior door solutions to meet all your security and aesthetic requirements.<\/p>\n<p>Contact us today to discover our products![\/vc_column_text][\/vc_column][\/vc_row][vc_row][vc_column][vc_empty_space][vc_row_inner][vc_column_inner width=&#8221;1\/5&#8243;][\/vc_column_inner][vc_column_inner width=&#8221;3\/5&#8243;][vc_column_text css=&#8221;&#8221;]<\/p>\n<h2 style=\"text-align: center;\">Our specialties in exterior doors<\/h2>\n<p>[\/vc_column_text][\/vc_column_inner][vc_column_inner width=&#8221;1\/5&#8243;][\/vc_column_inner][\/vc_row_inner][vc_empty_space height=&#8221;50&#8243;][\/vc_column][\/vc_row][vc_row][vc_column width=&#8221;1\/2&#8243;][vc_single_image image=&#8221;5056&#8243; img_size=&#8221;full&#8221;][\/vc_column][vc_column width=&#8221;1\/2&#8243;][vc_column_text css=&#8221;&#8221;]<\/p>\n<h2>REINFORCED DOOR<\/h2>\n<p>TBP, via its partner COMAF, presents a wide choice of armored doors to reinforce the security of your home. Whether you are looking for a traditional armored door, a fire door or even a burglar-proof door, we have what you need.<\/p>\n<p>Our armored doors are designed with high-end materials and meet the strictest security standards. They can also be personalized according to your needs and aesthetic preferences, with a wide choice of colors and patterns.<\/p>\n<p>But why choose an armored door? Quite simply because it offers additional protection against break-in attempts. Indeed, thanks to their solid and resistant structure, our armored doors can deter burglars and protect your family and your property.<\/p>\n<p>Finally, our burglar-proof doors offer maximum protection against intrusion attempts thanks to their advanced locking system and highly secure locks.[\/vc_column_text][\/vc_column][\/vc_row][vc_row][vc_column width=&#8221;1\/3&#8243;][\/vc_column][vc_column width=&#8221;1\/3&#8243;][vc_empty_space height=&#8221;40&#8243;][vc_separator color=&#8221;orange&#8221; border_width=&#8221;8&#8243; el_width=&#8221;30&#8243;][vc_empty_space height=&#8221;40&#8243;][\/vc_column][vc_column width=&#8221;1\/3&#8243;][\/vc_column][\/vc_row][vc_row][vc_column width=&#8221;1\/2&#8243;][vc_column_text css=&#8221;&#8221;]<\/p>\n<h2>FIRE DOOR<\/h2>\n<p>TBP, via its partner COMAF, offers a wide choice of fire doors to meet different fire safety standards. These doors are designed to resist fire for a certain period of time, allowing the evacuation of occupants and the protection of the building. Our fire doors are certified according to European standards and offer high performance in terms of fire resistance.<\/p>\n<p>We offer a varied range of fire doors, suitable for all types of buildings such as hotels, offices, schools and shopping centers. Our doors can be installed both indoors and outdoors and we also offer customizable options to meet the specific needs of each project.<\/p>\n<p>Our fire doors are made with high-quality materials, such as steel and fire-resistant glass, to ensure they are effective in the event of a fire. They are also equipped with automatic closing systems for rapid response in the event of an emergency.<\/p>\n<p>In addition to their fire resistance, our fire doors also have insulating properties which can contribute to energy conservation in a building. This can help reduce energy costs and promote sustainable construction.<\/p>\n<p>We also offer fire doors with different classifications depending on their fire resistance duration, ranging from 30 minutes to 3 hours. This allows customers to choose the best option for their specific needs and comply with current fire safety standards.<\/p>\n<p>Our experienced team can help you select and install the right fire doors for your project. We work closely with our clients to understand their requirements and provide tailor-made solutions that meet their expectations.[\/vc_column_text][\/vc_column][vc_column width=&#8221;1\/2&#8243;][vc_single_image image=&#8221;5058&#8243; img_size=&#8221;full&#8221;][\/vc_column][\/vc_row][vc_row][vc_column width=&#8221;1\/3&#8243;][\/vc_column][vc_column width=&#8221;1\/3&#8243;][vc_empty_space height=&#8221;40&#8243;][vc_separator color=&#8221;orange&#8221; border_width=&#8221;8&#8243; el_width=&#8221;30&#8243;][vc_empty_space height=&#8221;40&#8243;][\/vc_column][vc_column width=&#8221;1\/3&#8243;][\/vc_column][\/vc_row][vc_row][vc_column width=&#8221;1\/2&#8243;][vc_single_image image=&#8221;5061&#8243; img_size=&#8221;full&#8221;][\/vc_column][vc_column width=&#8221;1\/2&#8243;][vc_column_text css=&#8221;&#8221;]<\/p>\n<h2>METAL DOOR<\/h2>\n<p>A wide choice of metal doors is available on tunisia-building-partners.com via its partner COMAF. These metal doors are designed with high quality materials to ensure maximum security. You will find metal doors that are both aesthetic and resistant, suitable for homes, commercial or industrial buildings. In addition to being solid, these metal doors also offer good thermal and sound insulation.<\/p>\n<p>We offer different options to personalize your metal door according to your needs and preferences. Choose from several colors, finishes and patterns to add style to your entrance while increasing its security. In addition, our partners offer professional installation services to ensure a perfect installation.<\/p>\n<p>Our metal doors are also equipped with high security locks, with different options such as multi-point locks and burglar-proof systems. So you can have peace of mind knowing that your property is well protected against break-in attempts.<\/p>\n<p>By choosing our metal doors, you also benefit from easy and inexpensive maintenance. The materials used are weather resistant and do not require much maintenance to stay in good condition.[\/vc_column_text][\/vc_column][\/vc_row]<\/p>\n<\/div>","protected":false},"excerpt":{"rendered":"<p>[vc_row][vc_column width=&#8221;1\/2&#8243;][vc_column_text css=&#8221;&#8221;]Tunisia Building Partners via its partner COMAF, offers a wide range of exterior doors such as: Armored doors&#8230;<\/p>\n","protected":false},"author":3,"featured_media":0,"parent":3419,"menu_order":0,"comment_status":"closed","ping_status":"closed","template":"","meta":{"ngg_post_thumbnail":0,"footnotes":""},"class_list":["post-5197","page","type-page","status-publish"],"yoast_head":"<!-- This site is optimized with the Yoast SEO plugin v27.0 - https:\/\/yoast.com\/product\/yoast-seo-wordpress\/ -->\n<title>Exterior doors - Tunisia Building Partners<\/title>\n<meta name=\"description\" content=\"Exterior doors, Armored doors, Fire doors, Metal doors, construction materials, construction site doors, building material tunisia\" \/>\n<meta name=\"robots\" content=\"index, follow, max-snippet:-1, max-image-preview:large, max-video-preview:-1\" \/>\n<link rel=\"canonical\" href=\"https:\/\/tunisia-building-partners.com\/en\/building-materials\/exterior-doors\/\" \/>\n<meta property=\"og:locale\" content=\"en_US\" \/>\n<meta property=\"og:type\" content=\"article\" \/>\n<meta property=\"og:title\" content=\"Exterior doors - Tunisia Building Partners\" \/>\n<meta property=\"og:description\" content=\"Exterior doors, Armored doors, Fire doors, Metal doors, construction materials, construction site doors, building material tunisia\" \/>\n<meta property=\"og:url\" content=\"https:\/\/tunisia-building-partners.com\/en\/building-materials\/exterior-doors\/\" \/>\n<meta property=\"og:site_name\" content=\"Tunisia Building Partners\" \/>\n<meta property=\"article:publisher\" content=\"https:\/\/www.facebook.com\/Tunisia.Building.Partners\" \/>\n<meta property=\"article:modified_time\" content=\"2024-06-05T12:34:29+00:00\" \/>\n<meta name=\"twitter:card\" content=\"summary_large_image\" \/>\n<meta name=\"twitter:site\" content=\"@TBPTunisia\" \/>\n<meta name=\"twitter:label1\" content=\"Est. reading time\" \/>\n\t<meta name=\"twitter:data1\" content=\"5 minutes\" \/>\n<script type=\"application\/ld+json\" class=\"yoast-schema-graph\">{\"@context\":\"https:\/\/schema.org\",\"@graph\":[{\"@type\":\"WebPage\",\"@id\":\"https:\/\/tunisia-building-partners.com\/en\/building-materials\/exterior-doors\/\",\"url\":\"https:\/\/tunisia-building-partners.com\/en\/building-materials\/exterior-doors\/\",\"name\":\"Exterior doors - Tunisia Building Partners\",\"isPartOf\":{\"@id\":\"https:\/\/tunisia-building-partners.com\/en\/#website\"},\"datePublished\":\"2024-03-31T16:38:17+00:00\",\"dateModified\":\"2024-06-05T12:34:29+00:00\",\"description\":\"Exterior doors, Armored doors, Fire doors, Metal doors, construction materials, construction site doors, building material tunisia\",\"breadcrumb\":{\"@id\":\"https:\/\/tunisia-building-partners.com\/en\/building-materials\/exterior-doors\/#breadcrumb\"},\"inLanguage\":\"en-US\",\"potentialAction\":[{\"@type\":\"ReadAction\",\"target\":[\"https:\/\/tunisia-building-partners.com\/en\/building-materials\/exterior-doors\/\"]}]},{\"@type\":\"BreadcrumbList\",\"@id\":\"https:\/\/tunisia-building-partners.com\/en\/building-materials\/exterior-doors\/#breadcrumb\",\"itemListElement\":[{\"@type\":\"ListItem\",\"position\":1,\"name\":\"Accueil\",\"item\":\"https:\/\/tunisia-building-partners.com\/en\/\"},{\"@type\":\"ListItem\",\"position\":2,\"name\":\"Building Materials\",\"item\":\"https:\/\/tunisia-building-partners.com\/en\/building-materials\/\"},{\"@type\":\"ListItem\",\"position\":3,\"name\":\"Exterior doors\"}]},{\"@type\":\"WebSite\",\"@id\":\"https:\/\/tunisia-building-partners.com\/en\/#website\",\"url\":\"https:\/\/tunisia-building-partners.com\/en\/\",\"name\":\"Tunisia Building Partners\",\"description\":\"Solutions de constructions et b\u00e2timents, solutions b\u00e9ton, mat\u00e9riels \u00e9lectriques, chauffe-eau solaire, aluminium, fer marchand, plomberie et robinetterie, g\u00e9nie civil\",\"publisher\":{\"@id\":\"https:\/\/tunisia-building-partners.com\/en\/#organization\"},\"potentialAction\":[{\"@type\":\"SearchAction\",\"target\":{\"@type\":\"EntryPoint\",\"urlTemplate\":\"https:\/\/tunisia-building-partners.com\/en\/?s={search_term_string}\"},\"query-input\":{\"@type\":\"PropertyValueSpecification\",\"valueRequired\":true,\"valueName\":\"search_term_string\"}}],\"inLanguage\":\"en-US\"},{\"@type\":\"Organization\",\"@id\":\"https:\/\/tunisia-building-partners.com\/en\/#organization\",\"name\":\"Tunisia Building Partners\",\"url\":\"https:\/\/tunisia-building-partners.com\/en\/\",\"logo\":{\"@type\":\"ImageObject\",\"inLanguage\":\"en-US\",\"@id\":\"https:\/\/tunisia-building-partners.com\/en\/#\/schema\/logo\/image\/\",\"url\":\"https:\/\/tunisia-building-partners.com\/wp-content\/uploads\/2019\/09\/Logo.png\",\"contentUrl\":\"https:\/\/tunisia-building-partners.com\/wp-content\/uploads\/2019\/09\/Logo.png\",\"width\":853,\"height\":368,\"caption\":\"Tunisia Building Partners\"},\"image\":{\"@id\":\"https:\/\/tunisia-building-partners.com\/en\/#\/schema\/logo\/image\/\"},\"sameAs\":[\"https:\/\/www.facebook.com\/Tunisia.Building.Partners\",\"https:\/\/x.com\/TBPTunisia\",\"https:\/\/www.linkedin.com\/company\/28818891\",\"https:\/\/www.youtube.com\/channel\/UCtUmZUwZlDBs2S3GHJuAfuQ\/\"]}]}<\/script>\n<!-- \/ Yoast SEO plugin. -->","yoast_head_json":{"title":"Exterior doors - Tunisia Building Partners","description":"Exterior doors, Armored doors, Fire doors, Metal doors, construction materials, construction site doors, building material tunisia","robots":{"index":"index","follow":"follow","max-snippet":"max-snippet:-1","max-image-preview":"max-image-preview:large","max-video-preview":"max-video-preview:-1"},"canonical":"https:\/\/tunisia-building-partners.com\/en\/building-materials\/exterior-doors\/","og_locale":"en_US","og_type":"article","og_title":"Exterior doors - Tunisia Building Partners","og_description":"Exterior doors, Armored doors, Fire doors, Metal doors, construction materials, construction site doors, building material tunisia","og_url":"https:\/\/tunisia-building-partners.com\/en\/building-materials\/exterior-doors\/","og_site_name":"Tunisia Building Partners","article_publisher":"https:\/\/www.facebook.com\/Tunisia.Building.Partners","article_modified_time":"2024-06-05T12:34:29+00:00","twitter_card":"summary_large_image","twitter_site":"@TBPTunisia","twitter_misc":{"Est. reading time":"5 minutes"},"schema":{"@context":"https:\/\/schema.org","@graph":[{"@type":"WebPage","@id":"https:\/\/tunisia-building-partners.com\/en\/building-materials\/exterior-doors\/","url":"https:\/\/tunisia-building-partners.com\/en\/building-materials\/exterior-doors\/","name":"Exterior doors - Tunisia Building Partners","isPartOf":{"@id":"https:\/\/tunisia-building-partners.com\/en\/#website"},"datePublished":"2024-03-31T16:38:17+00:00","dateModified":"2024-06-05T12:34:29+00:00","description":"Exterior doors, Armored doors, Fire doors, Metal doors, construction materials, construction site doors, building material tunisia","breadcrumb":{"@id":"https:\/\/tunisia-building-partners.com\/en\/building-materials\/exterior-doors\/#breadcrumb"},"inLanguage":"en-US","potentialAction":[{"@type":"ReadAction","target":["https:\/\/tunisia-building-partners.com\/en\/building-materials\/exterior-doors\/"]}]},{"@type":"BreadcrumbList","@id":"https:\/\/tunisia-building-partners.com\/en\/building-materials\/exterior-doors\/#breadcrumb","itemListElement":[{"@type":"ListItem","position":1,"name":"Accueil","item":"https:\/\/tunisia-building-partners.com\/en\/"},{"@type":"ListItem","position":2,"name":"Building Materials","item":"https:\/\/tunisia-building-partners.com\/en\/building-materials\/"},{"@type":"ListItem","position":3,"name":"Exterior doors"}]},{"@type":"WebSite","@id":"https:\/\/tunisia-building-partners.com\/en\/#website","url":"https:\/\/tunisia-building-partners.com\/en\/","name":"Tunisia Building Partners","description":"Solutions de constructions et b\u00e2timents, solutions b\u00e9ton, mat\u00e9riels \u00e9lectriques, chauffe-eau solaire, aluminium, fer marchand, plomberie et robinetterie, g\u00e9nie civil","publisher":{"@id":"https:\/\/tunisia-building-partners.com\/en\/#organization"},"potentialAction":[{"@type":"SearchAction","target":{"@type":"EntryPoint","urlTemplate":"https:\/\/tunisia-building-partners.com\/en\/?s={search_term_string}"},"query-input":{"@type":"PropertyValueSpecification","valueRequired":true,"valueName":"search_term_string"}}],"inLanguage":"en-US"},{"@type":"Organization","@id":"https:\/\/tunisia-building-partners.com\/en\/#organization","name":"Tunisia Building Partners","url":"https:\/\/tunisia-building-partners.com\/en\/","logo":{"@type":"ImageObject","inLanguage":"en-US","@id":"https:\/\/tunisia-building-partners.com\/en\/#\/schema\/logo\/image\/","url":"https:\/\/tunisia-building-partners.com\/wp-content\/uploads\/2019\/09\/Logo.png","contentUrl":"https:\/\/tunisia-building-partners.com\/wp-content\/uploads\/2019\/09\/Logo.png","width":853,"height":368,"caption":"Tunisia Building Partners"},"image":{"@id":"https:\/\/tunisia-building-partners.com\/en\/#\/schema\/logo\/image\/"},"sameAs":["https:\/\/www.facebook.com\/Tunisia.Building.Partners","https:\/\/x.com\/TBPTunisia","https:\/\/www.linkedin.com\/company\/28818891","https:\/\/www.youtube.com\/channel\/UCtUmZUwZlDBs2S3GHJuAfuQ\/"]}]}},"_links":{"self":[{"href":"https:\/\/tunisia-building-partners.com\/en\/wp-json\/wp\/v2\/pages\/5197","targetHints":{"allow":["GET"]}}],"collection":[{"href":"https:\/\/tunisia-building-partners.com\/en\/wp-json\/wp\/v2\/pages"}],"about":[{"href":"https:\/\/tunisia-building-partners.com\/en\/wp-json\/wp\/v2\/types\/page"}],"author":[{"embeddable":true,"href":"https:\/\/tunisia-building-partners.com\/en\/wp-json\/wp\/v2\/users\/3"}],"replies":[{"embeddable":true,"href":"https:\/\/tunisia-building-partners.com\/en\/wp-json\/wp\/v2\/comments?post=5197"}],"version-history":[{"count":3,"href":"https:\/\/tunisia-building-partners.com\/en\/wp-json\/wp\/v2\/pages\/5197\/revisions"}],"predecessor-version":[{"id":5200,"href":"https:\/\/tunisia-building-partners.com\/en\/wp-json\/wp\/v2\/pages\/5197\/revisions\/5200"}],"up":[{"embeddable":true,"href":"https:\/\/tunisia-building-partners.com\/en\/wp-json\/wp\/v2\/pages\/3419"}],"wp:attachment":[{"href":"https:\/\/tunisia-building-partners.com\/en\/wp-json\/wp\/v2\/media?parent=5197"}],"curies":[{"name":"wp","href":"https:\/\/api.w.org\/{rel}","templated":true}]}}