{"id":3823,"date":"2021-10-11T07:45:03","date_gmt":"2021-10-11T07:45:03","guid":{"rendered":"https:\/\/tunisia-building-partners.com\/menuiserie-en-aluminium\/"},"modified":"2024-06-06T16:31:17","modified_gmt":"2024-06-06T16:31:17","slug":"aluminum-carpentry","status":"publish","type":"page","link":"https:\/\/tunisia-building-partners.com\/en\/aluminum-carpentry\/","title":{"rendered":"Aluminum Carpentry"},"content":{"rendered":"<div class=\"wpb-content-wrapper\"><p>[vc_row][vc_column width=&#8221;1\/2&#8243;][vc_column_text]Aluminum carpentry is a crucial choice for your building or villa. Indeed, on each construction site the choice of materials for the carpentry is an essential step.<\/p>\n<p>You can choose between materials such as: PVC, aluminium, wood, steel, etc. Each material has its particularities.<\/p>\n<p>However, aluminum remains one of the most used and most efficient materials which we recommend for a house with a modern design or a building facade. Its use provides many architectural advantages.<\/p>\n<h2>WHY choose ALUMINUM carpentry?<\/h2>\n<p>Aluminum is a healthy and durable material. It has many qualities: lightness, robustness and its resistance to corrosion. Aluminum is also appreciated for its aesthetics and architectural impact.<\/p>\n<p>It is non-toxic and non-magnetic. It is not combustible and does not generate harmful fumes.<\/p>\n<p><a href=\"https:\/\/tunisia-building-partners.com\/en\/menuiserie-en-aluminium\/curtain-walls\/\">Curtain wall<\/a>, facade cladding, interior doors, windows, railings, sliding windows and mixed aluminum Alu-wood require a minimum of maintenance. Since aluminum is strong, devices made with this metal have a long lifespan.<\/p>\n<p>&nbsp;[\/vc_column_text][\/vc_column][vc_column width=&#8221;1\/2&#8243;][vc_column_text]<\/p>\n<h2>OUR skills IN ALUMINUM carpentry<\/h2>\n<p><strong>STUDY AND ADVICE<\/strong><br \/>\nThis is the success key of any project. It can only be accomplished through rich experience and very specific technical skills\u2026<\/p>\n<p><strong>HIGH QUALITY WORKMANSHIP<\/strong><br \/>\nThanks to the continuous development of our team skills, to the latest generation material resources as well as to our wide range of products and services\u2026<\/p>\n<p><strong>COORDINATION AND FOLLOW-UP<\/strong><br \/>\nYou have invested in <a href=\"https:\/\/www.gam-tunisie.com\/\" target=\"_blank\" rel=\"noopener\">our<\/a> aluminum carpentry, because you want the best for you, for your family and for your client&#8230;[\/vc_column_text][\/vc_column][\/vc_row][vc_row][vc_column][vc_empty_space][vc_single_image image=&#8221;2672&#8243; img_size=&#8221;full&#8221; alignment=&#8221;center&#8221;][vc_empty_space height=&#8221;30&#8243;][vc_row_inner][vc_column_inner width=&#8221;1\/5&#8243;][\/vc_column_inner][vc_column_inner width=&#8221;3\/5&#8243;][vc_column_text]<\/p>\n<h2 style=\"text-align: center;\">OUR SPECIALTIES IN ALUMINUM carpentry<\/h2>\n<p>[\/vc_column_text][\/vc_column_inner][vc_column_inner width=&#8221;1\/5&#8243;][\/vc_column_inner][\/vc_row_inner][vc_empty_space height=&#8221;25&#8243;][\/vc_column][\/vc_row][vc_row][vc_column width=&#8221;1\/2&#8243;][vc_single_image image=&#8221;2342&#8243; img_size=&#8221;full&#8221; alignment=&#8221;center&#8221;][vc_column_text]<\/p>\n<h2 style=\"text-align: center;\">CURTAIN WALLS<\/h2>\n<p style=\"text-align: center;\">We offer several types of curtain walls including sizing studies and execution files. Our range of products in Curtain Walls (Aluminum Joinery) contains: Exterior Glued Glazing (VEC), Exterior Glazing Pare close (VEP), Traditional (TRD), With horizontal bands BH, Smooth or false facades VEC.<\/p>\n<p>[\/vc_column_text][\/vc_column][vc_column width=&#8221;1\/2&#8243;][vc_single_image image=&#8221;2343&#8243; img_size=&#8221;full&#8221; alignment=&#8221;center&#8221;][vc_column_text]<\/p>\n<h2 style=\"text-align: center;\">FACADES CLADDING<\/h2>\n<p style=\"text-align: center;\">Cladding facades is a product range belonging&nbsp; to aluminum carpentry. TBP offers the following products and services: composite panel cladding, ventilated facade cladding and sunscreens. it is used to complete for a building, among other things, its thermal insulation from the outside. While many materials can be used for the building envelope, aluminum facade cladding has undeniable advantages.<\/p>\n<p>[\/vc_column_text][\/vc_column][\/vc_row][vc_row][vc_column width=&#8221;1\/2&#8243;][vc_btn title=&#8221;See More&#8221; shape=&#8221;square&#8221; color=&#8221;warning&#8221; size=&#8221;sm&#8221; align=&#8221;center&#8221; link=&#8221;url:https%3A%2F%2Ftunisia-building-partners.com%2Fen%2Faluminum-carpentry%2Fcurtain-walls%2F&#8221;][\/vc_column][vc_column width=&#8221;1\/2&#8243;][vc_btn title=&#8221;See More&#8221; shape=&#8221;square&#8221; color=&#8221;warning&#8221; size=&#8221;sm&#8221; align=&#8221;center&#8221; link=&#8221;url:https%3A%2F%2Ftunisia-building-partners.com%2Fen%2Faluminum-carpentry%2Ffacade-cladding%2F&#8221;][\/vc_column][\/vc_row][vc_row][vc_column width=&#8221;1\/3&#8243;][\/vc_column][vc_column width=&#8221;1\/3&#8243;][vc_empty_space height=&#8221;40&#8243;][vc_separator color=&#8221;orange&#8221; border_width=&#8221;8&#8243; el_width=&#8221;30&#8243;][vc_empty_space height=&#8221;40&#8243;][\/vc_column][vc_column width=&#8221;1\/3&#8243;][\/vc_column][\/vc_row][vc_row][vc_column width=&#8221;1\/2&#8243;][vc_single_image image=&#8221;2344&#8243; img_size=&#8221;full&#8221; alignment=&#8221;center&#8221;][vc_column_text]<\/p>\n<h2 style=\"text-align: center;\">CANOPIES AND VERANDAS<\/h2>\n<p style=\"text-align: center;\">The canopy, a real source of light, comes in several shapes (square-based pyramids, rectangular-based pyramids, two-sided, single-sided or flat, conical). TBP also specializes in the design, manufacture and installation of verandas. The latter is custom designed for the recommended space to provide light and comfort, Source allows you to gain or optimize your space<\/p>\n<p>[\/vc_column_text][\/vc_column][vc_column width=&#8221;1\/2&#8243;][vc_single_image image=&#8221;2345&#8243; img_size=&#8221;full&#8221; alignment=&#8221;center&#8221;][vc_column_text]<\/p>\n<h2 style=\"text-align: center;\">WINDOWS AND french windows<\/h2>\n<p style=\"text-align: center;\">A large choice of ranges of profiles and glazing allows the realization of any type of joinery, classic or modern (Sliding or Hinged with opening). We also provide blinds, jalousies and mosquito nets<\/p>\n<p>[\/vc_column_text][\/vc_column][\/vc_row][vc_row][vc_column width=&#8221;1\/2&#8243;][vc_btn title=&#8221;See More&#8221; shape=&#8221;square&#8221; color=&#8221;warning&#8221; size=&#8221;sm&#8221; align=&#8221;center&#8221; link=&#8221;url:https%3A%2F%2Ftunisia-building-partners.com%2Fen%2Faluminum-carpentry%2Fglass-roofs-and-verandas%2F&#8221;][\/vc_column][vc_column width=&#8221;1\/2&#8243;][vc_btn title=&#8221;See More&#8221; shape=&#8221;square&#8221; color=&#8221;warning&#8221; size=&#8221;sm&#8221; align=&#8221;center&#8221; link=&#8221;url:https%3A%2F%2Ftunisia-building-partners.com%2Fen%2Faluminum-carpentry%2Fwindows-and-french-windows%2F&#8221;][\/vc_column][\/vc_row][vc_row][vc_column width=&#8221;1\/3&#8243;][\/vc_column][vc_column width=&#8221;1\/3&#8243;][vc_empty_space height=&#8221;40&#8243;][vc_separator color=&#8221;orange&#8221; border_width=&#8221;8&#8243; el_width=&#8221;30&#8243;][vc_empty_space height=&#8221;40&#8243;][\/vc_column][vc_column width=&#8221;1\/3&#8243;][\/vc_column][\/vc_row][vc_row][vc_column width=&#8221;1\/2&#8243;][vc_single_image image=&#8221;2346&#8243; img_size=&#8221;full&#8221; alignment=&#8221;center&#8221;][vc_column_text]<\/p>\n<h2 style=\"text-align: center;\">MIXED ALUminium-WOOD JOINERY<\/h2>\n<p style=\"text-align: center;\">The mixed aluminium-wood carpentry is aimed, among other things, at doors and windows with double glazing, obtaining better thermal and sound insulation. It can be made up of an exterior aluminum profile and an interior wooden frame in particle board or down.<\/p>\n<p>[\/vc_column_text][\/vc_column][vc_column width=&#8221;1\/2&#8243;][vc_single_image image=&#8221;2347&#8243; img_size=&#8221;full&#8221; alignment=&#8221;center&#8221;][vc_column_text css=&#8221;&#8221;]<\/p>\n<h2 style=\"text-align: center;\">rAILING<\/h2>\n<p style=\"text-align: center;\">Security and modernity in perfect harmony. We provide railings or stair railings in lacquered aluminum or brushed aluminum with a stainless steel look, as well as fully glazed railings.<\/p>\n<p>[\/vc_column_text][\/vc_column][\/vc_row][vc_row][vc_column width=&#8221;1\/2&#8243;][vc_btn title=&#8221;See More&#8221; shape=&#8221;square&#8221; color=&#8221;warning&#8221; size=&#8221;sm&#8221; align=&#8221;center&#8221; link=&#8221;url:https%3A%2F%2Ftunisia-building-partners.com%2Fen%2Faluminum-carpentry%2Fmixed-wood-and-aluminium-carpentry%2F&#8221;][\/vc_column][vc_column width=&#8221;1\/2&#8243;][vc_btn title=&#8221;See More&#8221; shape=&#8221;square&#8221; color=&#8221;warning&#8221; size=&#8221;sm&#8221; align=&#8221;center&#8221; css=&#8221;&#8221; link=&#8221;url:https%3A%2F%2Ftunisia-building-partners.com%2Fen%2Faluminum-carpentry%2Fguard-rail%2F|title:Guard%20Rail&#8221;][\/vc_column][\/vc_row][vc_row][vc_column width=&#8221;1\/2&#8243;][vc_single_image image=&#8221;5131&#8243; img_size=&#8221;full&#8221; alignment=&#8221;center&#8221; css=&#8221;&#8221;][vc_column_text css=&#8221;&#8221;]<\/p>\n<h2 style=\"text-align: center;\">PARTITIONS<\/h2>\n<p style=\"text-align: center;\">We offer a wide range of Aluminum partitions for your construction projects in Tunisia. Our partitions are designed to meet the highest quality standards, providing both effective thermal and acoustic insulation as well as weather resistance.<\/p>\n<p>[\/vc_column_text][\/vc_column][vc_column width=&#8221;1\/2&#8243;][vc_single_image image=&#8221;5133&#8243; img_size=&#8221;full&#8221; alignment=&#8221;center&#8221; css=&#8221;&#8221;][vc_column_text css=&#8221;&#8221;]<\/p>\n<h2 style=\"text-align: center;\">STAIR RAILING<\/h2>\n<p style=\"text-align: center;\">Our Aluminum stair railings are designed to offer both elegance and functionality. Made with high quality materials, our stair railings are durable and weather resistant.<\/p>\n<p>[\/vc_column_text][\/vc_column][\/vc_row][vc_row][vc_column width=&#8221;1\/2&#8243;][vc_btn title=&#8221;See More&#8221; shape=&#8221;square&#8221; color=&#8221;warning&#8221; size=&#8221;sm&#8221; align=&#8221;center&#8221; css=&#8221;&#8221; link=&#8221;url:https%3A%2F%2Ftunisia-building-partners.com%2Fen%2Faluminum-carpentry%2Flight-weight-partitions%2F|title:Light-weight%20partitions&#8221;][\/vc_column][vc_column width=&#8221;1\/2&#8243;][vc_btn title=&#8221;See More&#8221; shape=&#8221;square&#8221; color=&#8221;warning&#8221; size=&#8221;sm&#8221; align=&#8221;center&#8221; css=&#8221;&#8221; link=&#8221;url:https%3A%2F%2Ftunisia-building-partners.com%2Fen%2Faluminum-carpentry%2Fstair-railings%2F|title:Stair%20Railings&#8221;][\/vc_column][\/vc_row][vc_row][vc_column width=&#8221;1\/2&#8243;][vc_single_image image=&#8221;5136&#8243; img_size=&#8221;full&#8221; alignment=&#8221;center&#8221; css=&#8221;&#8221;][vc_column_text css=&#8221;&#8221;]<\/p>\n<h2 style=\"text-align: center;\">MOSQUITO NET<\/h2>\n<p style=\"text-align: center;\">We offer a wide range of mosquito nets to protect your home from harmful insects while allowing good air circulation. Our mosquito nets are available in different materials such as PVC, aluminum and wood, to suit all window styles.<\/p>\n<p>[\/vc_column_text][\/vc_column][vc_column width=&#8221;1\/2&#8243;][\/vc_column][\/vc_row][vc_row][vc_column width=&#8221;1\/2&#8243;][vc_btn title=&#8221;See More&#8221; shape=&#8221;square&#8221; color=&#8221;warning&#8221; size=&#8221;sm&#8221; align=&#8221;center&#8221; css=&#8221;&#8221; link=&#8221;url:https%3A%2F%2Ftunisia-building-partners.com%2Fen%2Faluminum-carpentry%2Fmosquito-net%2F|title:Mosquito%20net&#8221;][\/vc_column][vc_column width=&#8221;1\/2&#8243;][\/vc_column][\/vc_row][vc_row parallax=&#8221;content-moving&#8221; parallax_image=&#8221;3648&#8243; background_style=&#8221;contain&#8221; background_position_vertical=&#8221;center&#8221;][vc_column][vc_row_inner][vc_column_inner width=&#8221;1\/2&#8243;][\/vc_column_inner][vc_column_inner width=&#8221;1\/2&#8243;][vc_custom_heading text=&#8221;DO YOU HAVE AN ALUMINUM JOINERY PROJECT?&#8221; font_container=&#8221;tag:h2|font_size:24|text_align:left&#8221; use_theme_fonts=&#8221;yes&#8221;][vc_column_text]<span style=\"color: #ffffff;\">Our teams are at your disposal. Just contact us:<\/span><br \/>\n<span style=\"color: #ffffff;\">Mobile: +216 29 559 070<\/span><br \/>\n<span style=\"color: #ffffff;\">Email: Sales@tunisia-building-partners.com<\/span>[\/vc_column_text][vc_column_text]TBP is a company skilled in aluminum carpentry. We offer a wide range of products: Curtain walls (Glued Exterior Glazing (VEC), Exterior Glazing Pare close (VEP), Traditional (TRD), With horizontal bands BH, Smooth or false facades VEC.), facade coverings ( composite panel cladding, ventilated facade cladding and sun shades.), the manufacture and installation of verandas and glass roofs (square-based pyramids, rectangular-based pyramids, two-sided, single-sloped or flat, conical) , a wide choice of windows and French doors including shutters, jalousies and mosquito nets, Partitions, railings and stair railings, and ultimately, the mixed aluminium-wood joinery is intended, among other things, for doors and double glazed windows.[\/vc_column_text][\/vc_column_inner][\/vc_row_inner][\/vc_column][\/vc_row]<\/p>\n<\/div>","protected":false},"excerpt":{"rendered":"<p>[vc_row][vc_column width=&#8221;1\/2&#8243;][vc_column_text]Aluminum carpentry is a crucial choice for your building or villa. Indeed, on each construction site the choice of&#8230;<\/p>\n","protected":false},"author":3,"featured_media":0,"parent":0,"menu_order":0,"comment_status":"closed","ping_status":"closed","template":"","meta":{"ngg_post_thumbnail":0,"footnotes":""},"class_list":["post-3823","page","type-page","status-publish"],"yoast_head":"<!-- This site is optimized with the Yoast SEO plugin v27.0 - https:\/\/yoast.com\/product\/yoast-seo-wordpress\/ -->\n<title>Aluminum Carpentry - Tunisia Building Partners<\/title>\n<meta name=\"description\" content=\"Aluminum Carpentry, curtain wall, facade cladding, canopies and verandas, aluminum doors and windows, partitions, railings\" \/>\n<meta name=\"robots\" content=\"index, follow, max-snippet:-1, max-image-preview:large, max-video-preview:-1\" \/>\n<link rel=\"canonical\" href=\"https:\/\/tunisia-building-partners.com\/en\/aluminum-carpentry\/\" \/>\n<meta property=\"og:locale\" content=\"en_US\" \/>\n<meta property=\"og:type\" content=\"article\" \/>\n<meta property=\"og:title\" content=\"Aluminum Carpentry - Tunisia Building Partners\" \/>\n<meta property=\"og:description\" content=\"Aluminum Carpentry, curtain wall, facade cladding, canopies and verandas, aluminum doors and windows, partitions, railings\" \/>\n<meta property=\"og:url\" content=\"https:\/\/tunisia-building-partners.com\/en\/aluminum-carpentry\/\" \/>\n<meta property=\"og:site_name\" content=\"Tunisia Building Partners\" \/>\n<meta property=\"article:publisher\" content=\"https:\/\/www.facebook.com\/Tunisia.Building.Partners\" \/>\n<meta property=\"article:modified_time\" content=\"2024-06-06T16:31:17+00:00\" \/>\n<meta name=\"twitter:card\" content=\"summary_large_image\" \/>\n<meta name=\"twitter:site\" content=\"@TBPTunisia\" \/>\n<meta name=\"twitter:label1\" content=\"Est. reading time\" \/>\n\t<meta name=\"twitter:data1\" content=\"7 minutes\" \/>\n<script type=\"application\/ld+json\" class=\"yoast-schema-graph\">{\"@context\":\"https:\/\/schema.org\",\"@graph\":[{\"@type\":\"WebPage\",\"@id\":\"https:\/\/tunisia-building-partners.com\/en\/aluminum-carpentry\/\",\"url\":\"https:\/\/tunisia-building-partners.com\/en\/aluminum-carpentry\/\",\"name\":\"Aluminum Carpentry - Tunisia Building Partners\",\"isPartOf\":{\"@id\":\"https:\/\/tunisia-building-partners.com\/en\/#website\"},\"datePublished\":\"2021-10-11T07:45:03+00:00\",\"dateModified\":\"2024-06-06T16:31:17+00:00\",\"description\":\"Aluminum Carpentry, curtain wall, facade cladding, canopies and verandas, aluminum doors and windows, partitions, railings\",\"breadcrumb\":{\"@id\":\"https:\/\/tunisia-building-partners.com\/en\/aluminum-carpentry\/#breadcrumb\"},\"inLanguage\":\"en-US\",\"potentialAction\":[{\"@type\":\"ReadAction\",\"target\":[\"https:\/\/tunisia-building-partners.com\/en\/aluminum-carpentry\/\"]}]},{\"@type\":\"BreadcrumbList\",\"@id\":\"https:\/\/tunisia-building-partners.com\/en\/aluminum-carpentry\/#breadcrumb\",\"itemListElement\":[{\"@type\":\"ListItem\",\"position\":1,\"name\":\"Accueil\",\"item\":\"https:\/\/tunisia-building-partners.com\/en\/\"},{\"@type\":\"ListItem\",\"position\":2,\"name\":\"Aluminum Carpentry\"}]},{\"@type\":\"WebSite\",\"@id\":\"https:\/\/tunisia-building-partners.com\/en\/#website\",\"url\":\"https:\/\/tunisia-building-partners.com\/en\/\",\"name\":\"Tunisia Building Partners\",\"description\":\"Solutions de constructions et b\u00e2timents, solutions b\u00e9ton, mat\u00e9riels \u00e9lectriques, chauffe-eau solaire, aluminium, fer marchand, plomberie et robinetterie, g\u00e9nie civil\",\"publisher\":{\"@id\":\"https:\/\/tunisia-building-partners.com\/en\/#organization\"},\"potentialAction\":[{\"@type\":\"SearchAction\",\"target\":{\"@type\":\"EntryPoint\",\"urlTemplate\":\"https:\/\/tunisia-building-partners.com\/en\/?s={search_term_string}\"},\"query-input\":{\"@type\":\"PropertyValueSpecification\",\"valueRequired\":true,\"valueName\":\"search_term_string\"}}],\"inLanguage\":\"en-US\"},{\"@type\":\"Organization\",\"@id\":\"https:\/\/tunisia-building-partners.com\/en\/#organization\",\"name\":\"Tunisia Building Partners\",\"url\":\"https:\/\/tunisia-building-partners.com\/en\/\",\"logo\":{\"@type\":\"ImageObject\",\"inLanguage\":\"en-US\",\"@id\":\"https:\/\/tunisia-building-partners.com\/en\/#\/schema\/logo\/image\/\",\"url\":\"https:\/\/tunisia-building-partners.com\/wp-content\/uploads\/2019\/09\/Logo.png\",\"contentUrl\":\"https:\/\/tunisia-building-partners.com\/wp-content\/uploads\/2019\/09\/Logo.png\",\"width\":853,\"height\":368,\"caption\":\"Tunisia Building Partners\"},\"image\":{\"@id\":\"https:\/\/tunisia-building-partners.com\/en\/#\/schema\/logo\/image\/\"},\"sameAs\":[\"https:\/\/www.facebook.com\/Tunisia.Building.Partners\",\"https:\/\/x.com\/TBPTunisia\",\"https:\/\/www.linkedin.com\/company\/28818891\",\"https:\/\/www.youtube.com\/channel\/UCtUmZUwZlDBs2S3GHJuAfuQ\/\"]}]}<\/script>\n<!-- \/ Yoast SEO plugin. -->","yoast_head_json":{"title":"Aluminum Carpentry - Tunisia Building Partners","description":"Aluminum Carpentry, curtain wall, facade cladding, canopies and verandas, aluminum doors and windows, partitions, railings","robots":{"index":"index","follow":"follow","max-snippet":"max-snippet:-1","max-image-preview":"max-image-preview:large","max-video-preview":"max-video-preview:-1"},"canonical":"https:\/\/tunisia-building-partners.com\/en\/aluminum-carpentry\/","og_locale":"en_US","og_type":"article","og_title":"Aluminum Carpentry - Tunisia Building Partners","og_description":"Aluminum Carpentry, curtain wall, facade cladding, canopies and verandas, aluminum doors and windows, partitions, railings","og_url":"https:\/\/tunisia-building-partners.com\/en\/aluminum-carpentry\/","og_site_name":"Tunisia Building Partners","article_publisher":"https:\/\/www.facebook.com\/Tunisia.Building.Partners","article_modified_time":"2024-06-06T16:31:17+00:00","twitter_card":"summary_large_image","twitter_site":"@TBPTunisia","twitter_misc":{"Est. reading time":"7 minutes"},"schema":{"@context":"https:\/\/schema.org","@graph":[{"@type":"WebPage","@id":"https:\/\/tunisia-building-partners.com\/en\/aluminum-carpentry\/","url":"https:\/\/tunisia-building-partners.com\/en\/aluminum-carpentry\/","name":"Aluminum Carpentry - Tunisia Building Partners","isPartOf":{"@id":"https:\/\/tunisia-building-partners.com\/en\/#website"},"datePublished":"2021-10-11T07:45:03+00:00","dateModified":"2024-06-06T16:31:17+00:00","description":"Aluminum Carpentry, curtain wall, facade cladding, canopies and verandas, aluminum doors and windows, partitions, railings","breadcrumb":{"@id":"https:\/\/tunisia-building-partners.com\/en\/aluminum-carpentry\/#breadcrumb"},"inLanguage":"en-US","potentialAction":[{"@type":"ReadAction","target":["https:\/\/tunisia-building-partners.com\/en\/aluminum-carpentry\/"]}]},{"@type":"BreadcrumbList","@id":"https:\/\/tunisia-building-partners.com\/en\/aluminum-carpentry\/#breadcrumb","itemListElement":[{"@type":"ListItem","position":1,"name":"Accueil","item":"https:\/\/tunisia-building-partners.com\/en\/"},{"@type":"ListItem","position":2,"name":"Aluminum Carpentry"}]},{"@type":"WebSite","@id":"https:\/\/tunisia-building-partners.com\/en\/#website","url":"https:\/\/tunisia-building-partners.com\/en\/","name":"Tunisia Building Partners","description":"Solutions de constructions et b\u00e2timents, solutions b\u00e9ton, mat\u00e9riels \u00e9lectriques, chauffe-eau solaire, aluminium, fer marchand, plomberie et robinetterie, g\u00e9nie civil","publisher":{"@id":"https:\/\/tunisia-building-partners.com\/en\/#organization"},"potentialAction":[{"@type":"SearchAction","target":{"@type":"EntryPoint","urlTemplate":"https:\/\/tunisia-building-partners.com\/en\/?s={search_term_string}"},"query-input":{"@type":"PropertyValueSpecification","valueRequired":true,"valueName":"search_term_string"}}],"inLanguage":"en-US"},{"@type":"Organization","@id":"https:\/\/tunisia-building-partners.com\/en\/#organization","name":"Tunisia Building Partners","url":"https:\/\/tunisia-building-partners.com\/en\/","logo":{"@type":"ImageObject","inLanguage":"en-US","@id":"https:\/\/tunisia-building-partners.com\/en\/#\/schema\/logo\/image\/","url":"https:\/\/tunisia-building-partners.com\/wp-content\/uploads\/2019\/09\/Logo.png","contentUrl":"https:\/\/tunisia-building-partners.com\/wp-content\/uploads\/2019\/09\/Logo.png","width":853,"height":368,"caption":"Tunisia Building Partners"},"image":{"@id":"https:\/\/tunisia-building-partners.com\/en\/#\/schema\/logo\/image\/"},"sameAs":["https:\/\/www.facebook.com\/Tunisia.Building.Partners","https:\/\/x.com\/TBPTunisia","https:\/\/www.linkedin.com\/company\/28818891","https:\/\/www.youtube.com\/channel\/UCtUmZUwZlDBs2S3GHJuAfuQ\/"]}]}},"_links":{"self":[{"href":"https:\/\/tunisia-building-partners.com\/en\/wp-json\/wp\/v2\/pages\/3823","targetHints":{"allow":["GET"]}}],"collection":[{"href":"https:\/\/tunisia-building-partners.com\/en\/wp-json\/wp\/v2\/pages"}],"about":[{"href":"https:\/\/tunisia-building-partners.com\/en\/wp-json\/wp\/v2\/types\/page"}],"author":[{"embeddable":true,"href":"https:\/\/tunisia-building-partners.com\/en\/wp-json\/wp\/v2\/users\/3"}],"replies":[{"embeddable":true,"href":"https:\/\/tunisia-building-partners.com\/en\/wp-json\/wp\/v2\/comments?post=3823"}],"version-history":[{"count":8,"href":"https:\/\/tunisia-building-partners.com\/en\/wp-json\/wp\/v2\/pages\/3823\/revisions"}],"predecessor-version":[{"id":5219,"href":"https:\/\/tunisia-building-partners.com\/en\/wp-json\/wp\/v2\/pages\/3823\/revisions\/5219"}],"wp:attachment":[{"href":"https:\/\/tunisia-building-partners.com\/en\/wp-json\/wp\/v2\/media?parent=3823"}],"curies":[{"name":"wp","href":"https:\/\/api.w.org\/{rel}","templated":true}]}}