{"id":3578,"date":"2021-11-15T12:00:14","date_gmt":"2021-11-15T12:00:14","guid":{"rendered":"https:\/\/tunisia-building-partners.com\/verrieres-et-verandas\/"},"modified":"2022-06-02T15:10:51","modified_gmt":"2022-06-02T15:10:51","slug":"glass-roofs-and-verandas","status":"publish","type":"page","link":"https:\/\/tunisia-building-partners.com\/en\/aluminum-carpentry\/glass-roofs-and-verandas\/","title":{"rendered":"Glass Roofs and Verandas"},"content":{"rendered":"<div class=\"wpb-content-wrapper\"><p>[vc_row][vc_column width=&#8221;1\/2&#8243;][vc_column_text]Glass Roofs and Verandas are between the most important product that TBP offer.[\/vc_column_text][\/vc_column][vc_column width=&#8221;1\/2&#8243;][\/vc_column][\/vc_row][vc_row][vc_column width=&#8221;1\/2&#8243;][vc_column_text]<\/p>\n<h2>Glass Roofs<\/h2>\n<p>The glass roof, a real source of light, is available in several shapes:<\/p>\n<ul>\n<li>Pyramidal with square base;<\/li>\n<li>Pyramidal with a rectangular base,<\/li>\n<li>Double-sided;<\/li>\n<li>Single sided or flat;<\/li>\n<\/ul>\n<p>They can be sliding or fixed with the possibility of integrated opening <a href=\"https:\/\/tunisia-building-partners.com\/en\/windows-and-french-windows\/\">windows<\/a> activated by electrical motors.<\/p>\n<p><a href=\"https:\/\/www.gam-tunisie.com\/\" target=\"_blank\" rel=\"noopener\">Aluminium<\/a> glass roof is a fashion trend for housing, shopping centres and offices buildings.[\/vc_column_text][\/vc_column][vc_column width=&#8221;1\/2&#8243;][vc_single_image image=&#8221;3742&#8243; img_size=&#8221;full&#8221;][\/vc_column][\/vc_row][vc_row][vc_column width=&#8221;1\/2&#8243;][vc_single_image image=&#8221;3129&#8243; img_size=&#8221;full&#8221;][\/vc_column][vc_column width=&#8221;1\/2&#8243;][vc_column_text]<\/p>\n<h3>VERANDAS<\/h3>\n<p>Lightweight aluminium structures and high-performance glazing allow the integration of an outdoor space with the indoor space while maintaining thermal and acoustic performance.<\/p>\n<p>It is a room in its own right and can be used as a living room, winter garden or swimming pool. In most cases, it is added to a house after it has been built to gain space and enhance its value.<\/p>\n<p>Pour tous vos projets, nos \u00e9quipes sont \u00e0 votre disposition ![\/vc_column_text][\/vc_column][\/vc_row]<\/p>\n<\/div>","protected":false},"excerpt":{"rendered":"<p>[vc_row][vc_column width=&#8221;1\/2&#8243;][vc_column_text]Glass Roofs and Verandas are between the most important product that TBP offer.[\/vc_column_text][\/vc_column][vc_column width=&#8221;1\/2&#8243;][\/vc_column][\/vc_row][vc_row][vc_column width=&#8221;1\/2&#8243;][vc_column_text] Glass Roofs The glass&#8230;<\/p>\n","protected":false},"author":3,"featured_media":0,"parent":3823,"menu_order":0,"comment_status":"closed","ping_status":"closed","template":"","meta":{"ngg_post_thumbnail":0,"footnotes":""},"class_list":["post-3578","page","type-page","status-publish"],"yoast_head":"<!-- This site is optimized with the Yoast SEO plugin v27.0 - https:\/\/yoast.com\/product\/yoast-seo-wordpress\/ -->\n<title>Glass Roofs and Verandas - Tunisia Building Partners<\/title>\n<meta name=\"description\" content=\"Glass Roofs and Verandas, aluminum canopy, aluminum verandas, garden landscaping, villa landscaping with veranda\" \/>\n<meta name=\"robots\" content=\"index, follow, max-snippet:-1, max-image-preview:large, max-video-preview:-1\" \/>\n<link rel=\"canonical\" href=\"https:\/\/tunisia-building-partners.com\/en\/aluminum-carpentry\/glass-roofs-and-verandas\/\" \/>\n<meta property=\"og:locale\" content=\"en_US\" \/>\n<meta property=\"og:type\" content=\"article\" \/>\n<meta property=\"og:title\" content=\"Glass Roofs and Verandas - Tunisia Building Partners\" \/>\n<meta property=\"og:description\" content=\"Glass Roofs and Verandas, aluminum canopy, aluminum verandas, garden landscaping, villa landscaping with veranda\" \/>\n<meta property=\"og:url\" content=\"https:\/\/tunisia-building-partners.com\/en\/aluminum-carpentry\/glass-roofs-and-verandas\/\" \/>\n<meta property=\"og:site_name\" content=\"Tunisia Building Partners\" \/>\n<meta property=\"article:publisher\" content=\"https:\/\/www.facebook.com\/Tunisia.Building.Partners\" \/>\n<meta property=\"article:modified_time\" content=\"2022-06-02T15:10:51+00:00\" \/>\n<meta name=\"twitter:card\" content=\"summary_large_image\" \/>\n<meta name=\"twitter:site\" content=\"@TBPTunisia\" \/>\n<meta name=\"twitter:label1\" content=\"Est. reading time\" \/>\n\t<meta name=\"twitter:data1\" content=\"1 minute\" \/>\n<script type=\"application\/ld+json\" class=\"yoast-schema-graph\">{\"@context\":\"https:\/\/schema.org\",\"@graph\":[{\"@type\":\"WebPage\",\"@id\":\"https:\/\/tunisia-building-partners.com\/en\/aluminum-carpentry\/glass-roofs-and-verandas\/\",\"url\":\"https:\/\/tunisia-building-partners.com\/en\/aluminum-carpentry\/glass-roofs-and-verandas\/\",\"name\":\"Glass Roofs and Verandas - Tunisia Building Partners\",\"isPartOf\":{\"@id\":\"https:\/\/tunisia-building-partners.com\/en\/#website\"},\"datePublished\":\"2021-11-15T12:00:14+00:00\",\"dateModified\":\"2022-06-02T15:10:51+00:00\",\"description\":\"Glass Roofs and Verandas, aluminum canopy, aluminum verandas, garden landscaping, villa landscaping with veranda\",\"breadcrumb\":{\"@id\":\"https:\/\/tunisia-building-partners.com\/en\/aluminum-carpentry\/glass-roofs-and-verandas\/#breadcrumb\"},\"inLanguage\":\"en-US\",\"potentialAction\":[{\"@type\":\"ReadAction\",\"target\":[\"https:\/\/tunisia-building-partners.com\/en\/aluminum-carpentry\/glass-roofs-and-verandas\/\"]}]},{\"@type\":\"BreadcrumbList\",\"@id\":\"https:\/\/tunisia-building-partners.com\/en\/aluminum-carpentry\/glass-roofs-and-verandas\/#breadcrumb\",\"itemListElement\":[{\"@type\":\"ListItem\",\"position\":1,\"name\":\"Accueil\",\"item\":\"https:\/\/tunisia-building-partners.com\/en\/\"},{\"@type\":\"ListItem\",\"position\":2,\"name\":\"Aluminum Carpentry\",\"item\":\"https:\/\/tunisia-building-partners.com\/en\/aluminum-carpentry\/\"},{\"@type\":\"ListItem\",\"position\":3,\"name\":\"Glass Roofs and Verandas\"}]},{\"@type\":\"WebSite\",\"@id\":\"https:\/\/tunisia-building-partners.com\/en\/#website\",\"url\":\"https:\/\/tunisia-building-partners.com\/en\/\",\"name\":\"Tunisia Building Partners\",\"description\":\"Solutions de constructions et b\u00e2timents, solutions b\u00e9ton, mat\u00e9riels \u00e9lectriques, chauffe-eau solaire, aluminium, fer marchand, plomberie et robinetterie, g\u00e9nie civil\",\"publisher\":{\"@id\":\"https:\/\/tunisia-building-partners.com\/en\/#organization\"},\"potentialAction\":[{\"@type\":\"SearchAction\",\"target\":{\"@type\":\"EntryPoint\",\"urlTemplate\":\"https:\/\/tunisia-building-partners.com\/en\/?s={search_term_string}\"},\"query-input\":{\"@type\":\"PropertyValueSpecification\",\"valueRequired\":true,\"valueName\":\"search_term_string\"}}],\"inLanguage\":\"en-US\"},{\"@type\":\"Organization\",\"@id\":\"https:\/\/tunisia-building-partners.com\/en\/#organization\",\"name\":\"Tunisia Building Partners\",\"url\":\"https:\/\/tunisia-building-partners.com\/en\/\",\"logo\":{\"@type\":\"ImageObject\",\"inLanguage\":\"en-US\",\"@id\":\"https:\/\/tunisia-building-partners.com\/en\/#\/schema\/logo\/image\/\",\"url\":\"https:\/\/tunisia-building-partners.com\/wp-content\/uploads\/2019\/09\/Logo.png\",\"contentUrl\":\"https:\/\/tunisia-building-partners.com\/wp-content\/uploads\/2019\/09\/Logo.png\",\"width\":853,\"height\":368,\"caption\":\"Tunisia Building Partners\"},\"image\":{\"@id\":\"https:\/\/tunisia-building-partners.com\/en\/#\/schema\/logo\/image\/\"},\"sameAs\":[\"https:\/\/www.facebook.com\/Tunisia.Building.Partners\",\"https:\/\/x.com\/TBPTunisia\",\"https:\/\/www.linkedin.com\/company\/28818891\",\"https:\/\/www.youtube.com\/channel\/UCtUmZUwZlDBs2S3GHJuAfuQ\/\"]}]}<\/script>\n<!-- \/ Yoast SEO plugin. -->","yoast_head_json":{"title":"Glass Roofs and Verandas - Tunisia Building Partners","description":"Glass Roofs and Verandas, aluminum canopy, aluminum verandas, garden landscaping, villa landscaping with veranda","robots":{"index":"index","follow":"follow","max-snippet":"max-snippet:-1","max-image-preview":"max-image-preview:large","max-video-preview":"max-video-preview:-1"},"canonical":"https:\/\/tunisia-building-partners.com\/en\/aluminum-carpentry\/glass-roofs-and-verandas\/","og_locale":"en_US","og_type":"article","og_title":"Glass Roofs and Verandas - Tunisia Building Partners","og_description":"Glass Roofs and Verandas, aluminum canopy, aluminum verandas, garden landscaping, villa landscaping with veranda","og_url":"https:\/\/tunisia-building-partners.com\/en\/aluminum-carpentry\/glass-roofs-and-verandas\/","og_site_name":"Tunisia Building Partners","article_publisher":"https:\/\/www.facebook.com\/Tunisia.Building.Partners","article_modified_time":"2022-06-02T15:10:51+00:00","twitter_card":"summary_large_image","twitter_site":"@TBPTunisia","twitter_misc":{"Est. reading time":"1 minute"},"schema":{"@context":"https:\/\/schema.org","@graph":[{"@type":"WebPage","@id":"https:\/\/tunisia-building-partners.com\/en\/aluminum-carpentry\/glass-roofs-and-verandas\/","url":"https:\/\/tunisia-building-partners.com\/en\/aluminum-carpentry\/glass-roofs-and-verandas\/","name":"Glass Roofs and Verandas - Tunisia Building Partners","isPartOf":{"@id":"https:\/\/tunisia-building-partners.com\/en\/#website"},"datePublished":"2021-11-15T12:00:14+00:00","dateModified":"2022-06-02T15:10:51+00:00","description":"Glass Roofs and Verandas, aluminum canopy, aluminum verandas, garden landscaping, villa landscaping with veranda","breadcrumb":{"@id":"https:\/\/tunisia-building-partners.com\/en\/aluminum-carpentry\/glass-roofs-and-verandas\/#breadcrumb"},"inLanguage":"en-US","potentialAction":[{"@type":"ReadAction","target":["https:\/\/tunisia-building-partners.com\/en\/aluminum-carpentry\/glass-roofs-and-verandas\/"]}]},{"@type":"BreadcrumbList","@id":"https:\/\/tunisia-building-partners.com\/en\/aluminum-carpentry\/glass-roofs-and-verandas\/#breadcrumb","itemListElement":[{"@type":"ListItem","position":1,"name":"Accueil","item":"https:\/\/tunisia-building-partners.com\/en\/"},{"@type":"ListItem","position":2,"name":"Aluminum Carpentry","item":"https:\/\/tunisia-building-partners.com\/en\/aluminum-carpentry\/"},{"@type":"ListItem","position":3,"name":"Glass Roofs and Verandas"}]},{"@type":"WebSite","@id":"https:\/\/tunisia-building-partners.com\/en\/#website","url":"https:\/\/tunisia-building-partners.com\/en\/","name":"Tunisia Building Partners","description":"Solutions de constructions et b\u00e2timents, solutions b\u00e9ton, mat\u00e9riels \u00e9lectriques, chauffe-eau solaire, aluminium, fer marchand, plomberie et robinetterie, g\u00e9nie civil","publisher":{"@id":"https:\/\/tunisia-building-partners.com\/en\/#organization"},"potentialAction":[{"@type":"SearchAction","target":{"@type":"EntryPoint","urlTemplate":"https:\/\/tunisia-building-partners.com\/en\/?s={search_term_string}"},"query-input":{"@type":"PropertyValueSpecification","valueRequired":true,"valueName":"search_term_string"}}],"inLanguage":"en-US"},{"@type":"Organization","@id":"https:\/\/tunisia-building-partners.com\/en\/#organization","name":"Tunisia Building Partners","url":"https:\/\/tunisia-building-partners.com\/en\/","logo":{"@type":"ImageObject","inLanguage":"en-US","@id":"https:\/\/tunisia-building-partners.com\/en\/#\/schema\/logo\/image\/","url":"https:\/\/tunisia-building-partners.com\/wp-content\/uploads\/2019\/09\/Logo.png","contentUrl":"https:\/\/tunisia-building-partners.com\/wp-content\/uploads\/2019\/09\/Logo.png","width":853,"height":368,"caption":"Tunisia Building Partners"},"image":{"@id":"https:\/\/tunisia-building-partners.com\/en\/#\/schema\/logo\/image\/"},"sameAs":["https:\/\/www.facebook.com\/Tunisia.Building.Partners","https:\/\/x.com\/TBPTunisia","https:\/\/www.linkedin.com\/company\/28818891","https:\/\/www.youtube.com\/channel\/UCtUmZUwZlDBs2S3GHJuAfuQ\/"]}]}},"_links":{"self":[{"href":"https:\/\/tunisia-building-partners.com\/en\/wp-json\/wp\/v2\/pages\/3578","targetHints":{"allow":["GET"]}}],"collection":[{"href":"https:\/\/tunisia-building-partners.com\/en\/wp-json\/wp\/v2\/pages"}],"about":[{"href":"https:\/\/tunisia-building-partners.com\/en\/wp-json\/wp\/v2\/types\/page"}],"author":[{"embeddable":true,"href":"https:\/\/tunisia-building-partners.com\/en\/wp-json\/wp\/v2\/users\/3"}],"replies":[{"embeddable":true,"href":"https:\/\/tunisia-building-partners.com\/en\/wp-json\/wp\/v2\/comments?post=3578"}],"version-history":[{"count":2,"href":"https:\/\/tunisia-building-partners.com\/en\/wp-json\/wp\/v2\/pages\/3578\/revisions"}],"predecessor-version":[{"id":3744,"href":"https:\/\/tunisia-building-partners.com\/en\/wp-json\/wp\/v2\/pages\/3578\/revisions\/3744"}],"up":[{"embeddable":true,"href":"https:\/\/tunisia-building-partners.com\/en\/wp-json\/wp\/v2\/pages\/3823"}],"wp:attachment":[{"href":"https:\/\/tunisia-building-partners.com\/en\/wp-json\/wp\/v2\/media?parent=3578"}],"curies":[{"name":"wp","href":"https:\/\/api.w.org\/{rel}","templated":true}]}}