{"id":3565,"date":"2021-11-15T11:50:04","date_gmt":"2021-11-15T11:50:04","guid":{"rendered":"https:\/\/tunisia-building-partners.com\/murs-rideaux\/"},"modified":"2022-05-31T10:18:58","modified_gmt":"2022-05-31T10:18:58","slug":"curtain-walls","status":"publish","type":"page","link":"https:\/\/tunisia-building-partners.com\/en\/aluminum-carpentry\/curtain-walls\/","title":{"rendered":"Curtain Walls"},"content":{"rendered":"<div class=\"wpb-content-wrapper\"><p>[vc_row][vc_column width=&#8221;1\/2&#8243;][vc_column_text]<\/p>\n<h2 style=\"text-align: justify;\">Curtain Walls<\/h2>\n<p>We offer several types of mullions and transoms curtain wall systems which can be with cold or thermal break profiles:<\/p>\n<p><strong>Structural glazing facade:<\/strong><br \/>\nThe glazing is glued on aluminium frames forming panels separated by minimal joints. Giving an aspect of totally glazed facade.<\/p>\n<p><strong>Stick curtain wall system:<\/strong><br \/>\nThe glazing is fixed on the structure by clamps covered by aluminium caps giving an aspect of a glazed fa\u00e7ade with aluminium screening.<\/p>\n<p><strong>Horizontal line facade:<\/strong><br \/>\nThe glazing is clamped on the transom. The covering is realized by using the appropriate masking (elliptical) strips to stress one direction of fa\u00e7ade division giving the appearance of strips. The vertical joints are masked with so-called weather silicone or special gasket, thus making them not visible from the outside.<\/p>\n<p><strong>Semi structural glazing or clamped facade:<\/strong><br \/>\nThis system is used for the construction of curtain walls and filling type as well as roofs, skylights and other spatial constructions.<\/p>\n<p>It provides a uniform external appearance of a smooth glass wall divided by the structure of vertical and horizontal lines of 2 cm, thanks to the use of a special system for fixing panes to structure.<\/p>\n<p>The joints between glazing panes are filled with a special silicon binder to ensure high tightness of the construction and enhance its insulation properties.<\/p>\n<p>&nbsp;[\/vc_column_text][\/vc_column][vc_column width=&#8221;1\/2&#8243;][vc_single_image image=&#8221;2012&#8243; img_size=&#8221;full&#8221;][\/vc_column][\/vc_row][vc_row][vc_column][vc_empty_space height=&#8221;20&#8243;][vc_custom_heading text=&#8221;F.A.Q&#8221; font_container=&#8221;tag:h2|text_align:center&#8221;][vc_separator color=&#8221;orange&#8221; border_width=&#8221;8&#8243; el_width=&#8221;10&#8243;][vc_empty_space height=&#8221;20&#8243;][\/vc_column][\/vc_row][vc_row][vc_column width=&#8221;1\/2&#8243;][vc_custom_heading text=&#8221;DEFINITION OF CURTAIN WALL&#8221; font_container=&#8221;tag:h2|text_align:center&#8221; use_theme_fonts=&#8221;yes&#8221;][vc_column_text]Curtain Wall systems are non-structural cladding systems for the external walls of buildings. they separate the interior from the exterior, but only support their own weight and the loads imposed on them (such as wind loads, seismic loads, and so on) which they transfer back to the primary structure of the building.<br \/>\nTypically curtain wall system comprise a lightweight mullion-transom aluminium structure onto which glazed or opaque infill panels can be fixed. These infill panels are often described as &#8216;glazing&#8217; whether or not they are made of glass.<\/p>\n<p>Curtain wall structure and panel designs are very complex, as they need to perform multiple functions:<br \/>\n&#8211; Transferring loads back to the primary structure of the building.<br \/>\n&#8211; Providing thermal insulation and avoiding cold bridging and condensation.<br \/>\n&#8211; Providing fire, smoke and acoustic separation (at joints between the curtain wall system and interior walls and floors).<br \/>\n&#8211; Creating a barrier to air and water penetration.<br \/>\n&#8211; Accommodating differential movement and deflection.<br \/>\n&#8211; Preventing panels from falling out of the frame.<br \/>\n&#8211; Allowing for opening windows.<br \/>\n&#8211; Preventing the accumulation of dirt.<\/p>\n<p><a href=\"https:\/\/fr.wikipedia.org\/wiki\/Mur-rideau\" target=\"_blank\" rel=\"noopener\">Source<\/a>[\/vc_column_text][\/vc_column][vc_column width=&#8221;1\/2&#8243;][vc_custom_heading text=&#8221;WHAT ARE YOUR PROJECTS?&#8221; font_container=&#8221;tag:h2|text_align:center&#8221; use_theme_fonts=&#8221;yes&#8221;][vc_column_text]We have a strong experience on the Tunisian market as well as several projects in Africa.<\/p>\n<p>For all your projects of installation of a curtain wall, our research department and our <a href=\"https:\/\/tunisia-building-partners.com\/en\/pf\/gam\/\">engineers<\/a> are at your disposal to transmit you a study and an estimate which fits your needs with a guarantee of a total satisfaction of the final result.[\/vc_column_text][\/vc_column][\/vc_row]<\/p>\n<\/div>","protected":false},"excerpt":{"rendered":"<p>[vc_row][vc_column width=&#8221;1\/2&#8243;][vc_column_text] Curtain Walls We offer several types of mullions and transoms curtain wall systems which can be with cold&#8230;<\/p>\n","protected":false},"author":3,"featured_media":0,"parent":3823,"menu_order":0,"comment_status":"closed","ping_status":"closed","template":"","meta":{"ngg_post_thumbnail":0,"footnotes":""},"class_list":["post-3565","page","type-page","status-publish"],"yoast_head":"<!-- This site is optimized with the Yoast SEO plugin v27.0 - https:\/\/yoast.com\/product\/yoast-seo-wordpress\/ -->\n<title>Curtain Walls - Tunisia Building Partners<\/title>\n<meta name=\"description\" content=\"Curtain Walls, Glued exterior glazing, exterior glazing Pare close, curtain wall with horizontal strips, smooth or false VEC facades\" \/>\n<meta name=\"robots\" content=\"index, follow, max-snippet:-1, max-image-preview:large, max-video-preview:-1\" \/>\n<link rel=\"canonical\" href=\"https:\/\/tunisia-building-partners.com\/en\/aluminum-carpentry\/curtain-walls\/\" \/>\n<meta property=\"og:locale\" content=\"en_US\" \/>\n<meta property=\"og:type\" content=\"article\" \/>\n<meta property=\"og:title\" content=\"Curtain Walls - Tunisia Building Partners\" \/>\n<meta property=\"og:description\" content=\"Curtain Walls, Glued exterior glazing, exterior glazing Pare close, curtain wall with horizontal strips, smooth or false VEC facades\" \/>\n<meta property=\"og:url\" content=\"https:\/\/tunisia-building-partners.com\/en\/aluminum-carpentry\/curtain-walls\/\" \/>\n<meta property=\"og:site_name\" content=\"Tunisia Building Partners\" \/>\n<meta property=\"article:publisher\" content=\"https:\/\/www.facebook.com\/Tunisia.Building.Partners\" \/>\n<meta property=\"article:modified_time\" content=\"2022-05-31T10:18:58+00:00\" \/>\n<meta name=\"twitter:card\" content=\"summary_large_image\" \/>\n<meta name=\"twitter:site\" content=\"@TBPTunisia\" \/>\n<meta name=\"twitter:label1\" content=\"Est. reading time\" \/>\n\t<meta name=\"twitter:data1\" content=\"3 minutes\" \/>\n<script type=\"application\/ld+json\" class=\"yoast-schema-graph\">{\"@context\":\"https:\/\/schema.org\",\"@graph\":[{\"@type\":\"WebPage\",\"@id\":\"https:\/\/tunisia-building-partners.com\/en\/aluminum-carpentry\/curtain-walls\/\",\"url\":\"https:\/\/tunisia-building-partners.com\/en\/aluminum-carpentry\/curtain-walls\/\",\"name\":\"Curtain Walls - Tunisia Building Partners\",\"isPartOf\":{\"@id\":\"https:\/\/tunisia-building-partners.com\/en\/#website\"},\"datePublished\":\"2021-11-15T11:50:04+00:00\",\"dateModified\":\"2022-05-31T10:18:58+00:00\",\"description\":\"Curtain Walls, Glued exterior glazing, exterior glazing Pare close, curtain wall with horizontal strips, smooth or false VEC facades\",\"breadcrumb\":{\"@id\":\"https:\/\/tunisia-building-partners.com\/en\/aluminum-carpentry\/curtain-walls\/#breadcrumb\"},\"inLanguage\":\"en-US\",\"potentialAction\":[{\"@type\":\"ReadAction\",\"target\":[\"https:\/\/tunisia-building-partners.com\/en\/aluminum-carpentry\/curtain-walls\/\"]}]},{\"@type\":\"BreadcrumbList\",\"@id\":\"https:\/\/tunisia-building-partners.com\/en\/aluminum-carpentry\/curtain-walls\/#breadcrumb\",\"itemListElement\":[{\"@type\":\"ListItem\",\"position\":1,\"name\":\"Accueil\",\"item\":\"https:\/\/tunisia-building-partners.com\/en\/\"},{\"@type\":\"ListItem\",\"position\":2,\"name\":\"Aluminum Carpentry\",\"item\":\"https:\/\/tunisia-building-partners.com\/en\/aluminum-carpentry\/\"},{\"@type\":\"ListItem\",\"position\":3,\"name\":\"Curtain Walls\"}]},{\"@type\":\"WebSite\",\"@id\":\"https:\/\/tunisia-building-partners.com\/en\/#website\",\"url\":\"https:\/\/tunisia-building-partners.com\/en\/\",\"name\":\"Tunisia Building Partners\",\"description\":\"Solutions de constructions et b\u00e2timents, solutions b\u00e9ton, mat\u00e9riels \u00e9lectriques, chauffe-eau solaire, aluminium, fer marchand, plomberie et robinetterie, g\u00e9nie civil\",\"publisher\":{\"@id\":\"https:\/\/tunisia-building-partners.com\/en\/#organization\"},\"potentialAction\":[{\"@type\":\"SearchAction\",\"target\":{\"@type\":\"EntryPoint\",\"urlTemplate\":\"https:\/\/tunisia-building-partners.com\/en\/?s={search_term_string}\"},\"query-input\":{\"@type\":\"PropertyValueSpecification\",\"valueRequired\":true,\"valueName\":\"search_term_string\"}}],\"inLanguage\":\"en-US\"},{\"@type\":\"Organization\",\"@id\":\"https:\/\/tunisia-building-partners.com\/en\/#organization\",\"name\":\"Tunisia Building Partners\",\"url\":\"https:\/\/tunisia-building-partners.com\/en\/\",\"logo\":{\"@type\":\"ImageObject\",\"inLanguage\":\"en-US\",\"@id\":\"https:\/\/tunisia-building-partners.com\/en\/#\/schema\/logo\/image\/\",\"url\":\"https:\/\/tunisia-building-partners.com\/wp-content\/uploads\/2019\/09\/Logo.png\",\"contentUrl\":\"https:\/\/tunisia-building-partners.com\/wp-content\/uploads\/2019\/09\/Logo.png\",\"width\":853,\"height\":368,\"caption\":\"Tunisia Building Partners\"},\"image\":{\"@id\":\"https:\/\/tunisia-building-partners.com\/en\/#\/schema\/logo\/image\/\"},\"sameAs\":[\"https:\/\/www.facebook.com\/Tunisia.Building.Partners\",\"https:\/\/x.com\/TBPTunisia\",\"https:\/\/www.linkedin.com\/company\/28818891\",\"https:\/\/www.youtube.com\/channel\/UCtUmZUwZlDBs2S3GHJuAfuQ\/\"]}]}<\/script>\n<!-- \/ Yoast SEO plugin. -->","yoast_head_json":{"title":"Curtain Walls - Tunisia Building Partners","description":"Curtain Walls, Glued exterior glazing, exterior glazing Pare close, curtain wall with horizontal strips, smooth or false VEC facades","robots":{"index":"index","follow":"follow","max-snippet":"max-snippet:-1","max-image-preview":"max-image-preview:large","max-video-preview":"max-video-preview:-1"},"canonical":"https:\/\/tunisia-building-partners.com\/en\/aluminum-carpentry\/curtain-walls\/","og_locale":"en_US","og_type":"article","og_title":"Curtain Walls - Tunisia Building Partners","og_description":"Curtain Walls, Glued exterior glazing, exterior glazing Pare close, curtain wall with horizontal strips, smooth or false VEC facades","og_url":"https:\/\/tunisia-building-partners.com\/en\/aluminum-carpentry\/curtain-walls\/","og_site_name":"Tunisia Building Partners","article_publisher":"https:\/\/www.facebook.com\/Tunisia.Building.Partners","article_modified_time":"2022-05-31T10:18:58+00:00","twitter_card":"summary_large_image","twitter_site":"@TBPTunisia","twitter_misc":{"Est. reading time":"3 minutes"},"schema":{"@context":"https:\/\/schema.org","@graph":[{"@type":"WebPage","@id":"https:\/\/tunisia-building-partners.com\/en\/aluminum-carpentry\/curtain-walls\/","url":"https:\/\/tunisia-building-partners.com\/en\/aluminum-carpentry\/curtain-walls\/","name":"Curtain Walls - Tunisia Building Partners","isPartOf":{"@id":"https:\/\/tunisia-building-partners.com\/en\/#website"},"datePublished":"2021-11-15T11:50:04+00:00","dateModified":"2022-05-31T10:18:58+00:00","description":"Curtain Walls, Glued exterior glazing, exterior glazing Pare close, curtain wall with horizontal strips, smooth or false VEC facades","breadcrumb":{"@id":"https:\/\/tunisia-building-partners.com\/en\/aluminum-carpentry\/curtain-walls\/#breadcrumb"},"inLanguage":"en-US","potentialAction":[{"@type":"ReadAction","target":["https:\/\/tunisia-building-partners.com\/en\/aluminum-carpentry\/curtain-walls\/"]}]},{"@type":"BreadcrumbList","@id":"https:\/\/tunisia-building-partners.com\/en\/aluminum-carpentry\/curtain-walls\/#breadcrumb","itemListElement":[{"@type":"ListItem","position":1,"name":"Accueil","item":"https:\/\/tunisia-building-partners.com\/en\/"},{"@type":"ListItem","position":2,"name":"Aluminum Carpentry","item":"https:\/\/tunisia-building-partners.com\/en\/aluminum-carpentry\/"},{"@type":"ListItem","position":3,"name":"Curtain Walls"}]},{"@type":"WebSite","@id":"https:\/\/tunisia-building-partners.com\/en\/#website","url":"https:\/\/tunisia-building-partners.com\/en\/","name":"Tunisia Building Partners","description":"Solutions de constructions et b\u00e2timents, solutions b\u00e9ton, mat\u00e9riels \u00e9lectriques, chauffe-eau solaire, aluminium, fer marchand, plomberie et robinetterie, g\u00e9nie civil","publisher":{"@id":"https:\/\/tunisia-building-partners.com\/en\/#organization"},"potentialAction":[{"@type":"SearchAction","target":{"@type":"EntryPoint","urlTemplate":"https:\/\/tunisia-building-partners.com\/en\/?s={search_term_string}"},"query-input":{"@type":"PropertyValueSpecification","valueRequired":true,"valueName":"search_term_string"}}],"inLanguage":"en-US"},{"@type":"Organization","@id":"https:\/\/tunisia-building-partners.com\/en\/#organization","name":"Tunisia Building Partners","url":"https:\/\/tunisia-building-partners.com\/en\/","logo":{"@type":"ImageObject","inLanguage":"en-US","@id":"https:\/\/tunisia-building-partners.com\/en\/#\/schema\/logo\/image\/","url":"https:\/\/tunisia-building-partners.com\/wp-content\/uploads\/2019\/09\/Logo.png","contentUrl":"https:\/\/tunisia-building-partners.com\/wp-content\/uploads\/2019\/09\/Logo.png","width":853,"height":368,"caption":"Tunisia Building Partners"},"image":{"@id":"https:\/\/tunisia-building-partners.com\/en\/#\/schema\/logo\/image\/"},"sameAs":["https:\/\/www.facebook.com\/Tunisia.Building.Partners","https:\/\/x.com\/TBPTunisia","https:\/\/www.linkedin.com\/company\/28818891","https:\/\/www.youtube.com\/channel\/UCtUmZUwZlDBs2S3GHJuAfuQ\/"]}]}},"_links":{"self":[{"href":"https:\/\/tunisia-building-partners.com\/en\/wp-json\/wp\/v2\/pages\/3565","targetHints":{"allow":["GET"]}}],"collection":[{"href":"https:\/\/tunisia-building-partners.com\/en\/wp-json\/wp\/v2\/pages"}],"about":[{"href":"https:\/\/tunisia-building-partners.com\/en\/wp-json\/wp\/v2\/types\/page"}],"author":[{"embeddable":true,"href":"https:\/\/tunisia-building-partners.com\/en\/wp-json\/wp\/v2\/users\/3"}],"replies":[{"embeddable":true,"href":"https:\/\/tunisia-building-partners.com\/en\/wp-json\/wp\/v2\/comments?post=3565"}],"version-history":[{"count":2,"href":"https:\/\/tunisia-building-partners.com\/en\/wp-json\/wp\/v2\/pages\/3565\/revisions"}],"predecessor-version":[{"id":3724,"href":"https:\/\/tunisia-building-partners.com\/en\/wp-json\/wp\/v2\/pages\/3565\/revisions\/3724"}],"up":[{"embeddable":true,"href":"https:\/\/tunisia-building-partners.com\/en\/wp-json\/wp\/v2\/pages\/3823"}],"wp:attachment":[{"href":"https:\/\/tunisia-building-partners.com\/en\/wp-json\/wp\/v2\/media?parent=3565"}],"curies":[{"name":"wp","href":"https:\/\/api.w.org\/{rel}","templated":true}]}}