{"id":3548,"date":"2021-11-17T18:06:19","date_gmt":"2021-11-17T18:06:19","guid":{"rendered":"https:\/\/tunisia-building-partners.com\/coffrets-et-accessoires\/"},"modified":"2022-06-15T15:25:41","modified_gmt":"2022-06-15T15:25:41","slug":"enclosures-and-accessories","status":"publish","type":"page","link":"https:\/\/tunisia-building-partners.com\/en\/electrical-equipment-and-materials\/enclosures-and-accessories\/","title":{"rendered":"Enclosures and Accessories"},"content":{"rendered":"<div class=\"wpb-content-wrapper\"><p>[vc_row][vc_column width=&#8221;1\/2&#8243;][vc_column_text]<\/p>\n<h2>Enclosures and Accessories<\/h2>\n<p>TBP is skilled in Enclosures and Accessories.<\/p>\n<p>We cover a <a href=\"http:\/\/www.elecsa-tn.com\/tn\/\" target=\"_blank\" rel=\"noopener\">wide range<\/a> of enclosures flush and wall mounted , As well as connection accessories for electrical Panels:<br \/>\n&#8211; Thermos plastic and metallic enclosures<br \/>\n&#8211; Fuse links<br \/>\n&#8211; Busbar terminal<br \/>\n&#8211; Terminal blocks<\/p>\n<p>An electrical box, also called a junction box or electrical conduit, is a device used to protect and organize electrical wiring in a structure such as a building. Electrical boxes are usually made of sheet metal or plastic, and they can be mounted on a wall or on the floor, in an accessible place.[\/vc_column_text][\/vc_column][vc_column width=&#8221;1\/2&#8243;][vc_single_image image=&#8221;2195&#8243; img_size=&#8221;full&#8221;][\/vc_column][\/vc_row][vc_row][vc_column width=&#8221;1\/3&#8243;][\/vc_column][vc_column width=&#8221;1\/3&#8243;][vc_empty_space height=&#8221;40&#8243;][vc_separator color=&#8221;orange&#8221; border_width=&#8221;8&#8243; el_width=&#8221;30&#8243;][vc_empty_space height=&#8221;40&#8243;][\/vc_column][vc_column width=&#8221;1\/3&#8243;][\/vc_column][\/vc_row][vc_row][vc_column width=&#8221;1\/2&#8243;][vc_single_image image=&#8221;2196&#8243; img_size=&#8221;full&#8221;][\/vc_column][vc_column width=&#8221;1\/2&#8243;][vc_column_text]<\/p>\n<h2>FUSE HOLDERS<\/h2>\n<p>The electrical fuse box is a safety device used to protect electrical circuits from damage caused by overcurrent.<\/p>\n<p>A fuse is an electrical safety device that has been rated to blow (open) when the current flowing through it exceeds a safe limit, thus preventing an inrush of current when a fault occurs or equipment is switched on. working.<\/p>\n<p>However, it is still possible for too much current to flow through it, causing it to heat up and melt, but not fully open.<\/p>\n<p>There is then a time lag between the appearance of heat and the loss of conductivity, which gives the short-circuit protection time to react and cut off the potentially damaging overcurrent.[\/vc_column_text][\/vc_column][\/vc_row][vc_row][vc_column width=&#8221;1\/3&#8243;][\/vc_column][vc_column width=&#8221;1\/3&#8243;][vc_empty_space height=&#8221;40&#8243;][vc_separator color=&#8221;orange&#8221; border_width=&#8221;8&#8243; el_width=&#8221;30&#8243;][vc_empty_space height=&#8221;40&#8243;][\/vc_column][vc_column width=&#8221;1\/3&#8243;][\/vc_column][\/vc_row][vc_row][vc_column width=&#8221;1\/2&#8243;][vc_column_text]<\/p>\n<h2>TRADE PRODUCTS<\/h2>\n<p>Our <a href=\"https:\/\/tunisia-building-partners.com\/en\/pf\/tti\/\">product<\/a> range covers:<\/p>\n<p>Control cable<br \/>\ntransmission cable<br \/>\nCable CR1-C1<br \/>\nCable accessories<br \/>\nIndustrial Sockets and Plugs<br \/>\nBars<br \/>\nterminal block<br \/>\nEnergy management[\/vc_column_text][\/vc_column][vc_column width=&#8221;1\/2&#8243;][vc_single_image image=&#8221;2197&#8243; img_size=&#8221;full&#8221;][\/vc_column][\/vc_row]<\/p>\n<\/div>","protected":false},"excerpt":{"rendered":"<p>[vc_row][vc_column width=&#8221;1\/2&#8243;][vc_column_text] Enclosures and Accessories TBP is skilled in Enclosures and Accessories. We cover a wide range of enclosures flush&#8230;<\/p>\n","protected":false},"author":3,"featured_media":0,"parent":3960,"menu_order":0,"comment_status":"closed","ping_status":"closed","template":"","meta":{"ngg_post_thumbnail":0,"footnotes":""},"class_list":["post-3548","page","type-page","status-publish"],"yoast_head":"<!-- This site is optimized with the Yoast SEO plugin v27.0 - https:\/\/yoast.com\/product\/yoast-seo-wordpress\/ -->\n<title>Enclosures and Accessories - Tunisia Building Partners<\/title>\n<meta name=\"description\" content=\"Enclosures and Accessories, Recessed box, Exposed box, fuse holders, Control cable, Transmission cable, Industrial sockets\" \/>\n<meta name=\"robots\" content=\"index, follow, max-snippet:-1, max-image-preview:large, max-video-preview:-1\" \/>\n<link rel=\"canonical\" href=\"https:\/\/tunisia-building-partners.com\/en\/electrical-equipment-and-materials\/enclosures-and-accessories\/\" \/>\n<meta property=\"og:locale\" content=\"en_US\" \/>\n<meta property=\"og:type\" content=\"article\" \/>\n<meta property=\"og:title\" content=\"Enclosures and Accessories - Tunisia Building Partners\" \/>\n<meta property=\"og:description\" content=\"Enclosures and Accessories, Recessed box, Exposed box, fuse holders, Control cable, Transmission cable, Industrial sockets\" \/>\n<meta property=\"og:url\" content=\"https:\/\/tunisia-building-partners.com\/en\/electrical-equipment-and-materials\/enclosures-and-accessories\/\" \/>\n<meta property=\"og:site_name\" content=\"Tunisia Building Partners\" \/>\n<meta property=\"article:publisher\" content=\"https:\/\/www.facebook.com\/Tunisia.Building.Partners\" \/>\n<meta property=\"article:modified_time\" content=\"2022-06-15T15:25:41+00:00\" \/>\n<meta name=\"twitter:card\" content=\"summary_large_image\" \/>\n<meta name=\"twitter:site\" content=\"@TBPTunisia\" \/>\n<meta name=\"twitter:label1\" content=\"Est. reading time\" \/>\n\t<meta name=\"twitter:data1\" content=\"2 minutes\" \/>\n<script type=\"application\/ld+json\" class=\"yoast-schema-graph\">{\"@context\":\"https:\/\/schema.org\",\"@graph\":[{\"@type\":\"WebPage\",\"@id\":\"https:\/\/tunisia-building-partners.com\/en\/electrical-equipment-and-materials\/enclosures-and-accessories\/\",\"url\":\"https:\/\/tunisia-building-partners.com\/en\/electrical-equipment-and-materials\/enclosures-and-accessories\/\",\"name\":\"Enclosures and Accessories - Tunisia Building Partners\",\"isPartOf\":{\"@id\":\"https:\/\/tunisia-building-partners.com\/en\/#website\"},\"datePublished\":\"2021-11-17T18:06:19+00:00\",\"dateModified\":\"2022-06-15T15:25:41+00:00\",\"description\":\"Enclosures and Accessories, Recessed box, Exposed box, fuse holders, Control cable, Transmission cable, Industrial sockets\",\"breadcrumb\":{\"@id\":\"https:\/\/tunisia-building-partners.com\/en\/electrical-equipment-and-materials\/enclosures-and-accessories\/#breadcrumb\"},\"inLanguage\":\"en-US\",\"potentialAction\":[{\"@type\":\"ReadAction\",\"target\":[\"https:\/\/tunisia-building-partners.com\/en\/electrical-equipment-and-materials\/enclosures-and-accessories\/\"]}]},{\"@type\":\"BreadcrumbList\",\"@id\":\"https:\/\/tunisia-building-partners.com\/en\/electrical-equipment-and-materials\/enclosures-and-accessories\/#breadcrumb\",\"itemListElement\":[{\"@type\":\"ListItem\",\"position\":1,\"name\":\"Accueil\",\"item\":\"https:\/\/tunisia-building-partners.com\/en\/\"},{\"@type\":\"ListItem\",\"position\":2,\"name\":\"Enclosures and Accessories\"}]},{\"@type\":\"WebSite\",\"@id\":\"https:\/\/tunisia-building-partners.com\/en\/#website\",\"url\":\"https:\/\/tunisia-building-partners.com\/en\/\",\"name\":\"Tunisia Building Partners\",\"description\":\"Solutions de constructions et b\u00e2timents, solutions b\u00e9ton, mat\u00e9riels \u00e9lectriques, chauffe-eau solaire, aluminium, fer marchand, plomberie et robinetterie, g\u00e9nie civil\",\"publisher\":{\"@id\":\"https:\/\/tunisia-building-partners.com\/en\/#organization\"},\"potentialAction\":[{\"@type\":\"SearchAction\",\"target\":{\"@type\":\"EntryPoint\",\"urlTemplate\":\"https:\/\/tunisia-building-partners.com\/en\/?s={search_term_string}\"},\"query-input\":{\"@type\":\"PropertyValueSpecification\",\"valueRequired\":true,\"valueName\":\"search_term_string\"}}],\"inLanguage\":\"en-US\"},{\"@type\":\"Organization\",\"@id\":\"https:\/\/tunisia-building-partners.com\/en\/#organization\",\"name\":\"Tunisia Building Partners\",\"url\":\"https:\/\/tunisia-building-partners.com\/en\/\",\"logo\":{\"@type\":\"ImageObject\",\"inLanguage\":\"en-US\",\"@id\":\"https:\/\/tunisia-building-partners.com\/en\/#\/schema\/logo\/image\/\",\"url\":\"https:\/\/tunisia-building-partners.com\/wp-content\/uploads\/2019\/09\/Logo.png\",\"contentUrl\":\"https:\/\/tunisia-building-partners.com\/wp-content\/uploads\/2019\/09\/Logo.png\",\"width\":853,\"height\":368,\"caption\":\"Tunisia Building Partners\"},\"image\":{\"@id\":\"https:\/\/tunisia-building-partners.com\/en\/#\/schema\/logo\/image\/\"},\"sameAs\":[\"https:\/\/www.facebook.com\/Tunisia.Building.Partners\",\"https:\/\/x.com\/TBPTunisia\",\"https:\/\/www.linkedin.com\/company\/28818891\",\"https:\/\/www.youtube.com\/channel\/UCtUmZUwZlDBs2S3GHJuAfuQ\/\"]}]}<\/script>\n<!-- \/ Yoast SEO plugin. -->","yoast_head_json":{"title":"Enclosures and Accessories - Tunisia Building Partners","description":"Enclosures and Accessories, Recessed box, Exposed box, fuse holders, Control cable, Transmission cable, Industrial sockets","robots":{"index":"index","follow":"follow","max-snippet":"max-snippet:-1","max-image-preview":"max-image-preview:large","max-video-preview":"max-video-preview:-1"},"canonical":"https:\/\/tunisia-building-partners.com\/en\/electrical-equipment-and-materials\/enclosures-and-accessories\/","og_locale":"en_US","og_type":"article","og_title":"Enclosures and Accessories - Tunisia Building Partners","og_description":"Enclosures and Accessories, Recessed box, Exposed box, fuse holders, Control cable, Transmission cable, Industrial sockets","og_url":"https:\/\/tunisia-building-partners.com\/en\/electrical-equipment-and-materials\/enclosures-and-accessories\/","og_site_name":"Tunisia Building Partners","article_publisher":"https:\/\/www.facebook.com\/Tunisia.Building.Partners","article_modified_time":"2022-06-15T15:25:41+00:00","twitter_card":"summary_large_image","twitter_site":"@TBPTunisia","twitter_misc":{"Est. reading time":"2 minutes"},"schema":{"@context":"https:\/\/schema.org","@graph":[{"@type":"WebPage","@id":"https:\/\/tunisia-building-partners.com\/en\/electrical-equipment-and-materials\/enclosures-and-accessories\/","url":"https:\/\/tunisia-building-partners.com\/en\/electrical-equipment-and-materials\/enclosures-and-accessories\/","name":"Enclosures and Accessories - Tunisia Building Partners","isPartOf":{"@id":"https:\/\/tunisia-building-partners.com\/en\/#website"},"datePublished":"2021-11-17T18:06:19+00:00","dateModified":"2022-06-15T15:25:41+00:00","description":"Enclosures and Accessories, Recessed box, Exposed box, fuse holders, Control cable, Transmission cable, Industrial sockets","breadcrumb":{"@id":"https:\/\/tunisia-building-partners.com\/en\/electrical-equipment-and-materials\/enclosures-and-accessories\/#breadcrumb"},"inLanguage":"en-US","potentialAction":[{"@type":"ReadAction","target":["https:\/\/tunisia-building-partners.com\/en\/electrical-equipment-and-materials\/enclosures-and-accessories\/"]}]},{"@type":"BreadcrumbList","@id":"https:\/\/tunisia-building-partners.com\/en\/electrical-equipment-and-materials\/enclosures-and-accessories\/#breadcrumb","itemListElement":[{"@type":"ListItem","position":1,"name":"Accueil","item":"https:\/\/tunisia-building-partners.com\/en\/"},{"@type":"ListItem","position":2,"name":"Enclosures and Accessories"}]},{"@type":"WebSite","@id":"https:\/\/tunisia-building-partners.com\/en\/#website","url":"https:\/\/tunisia-building-partners.com\/en\/","name":"Tunisia Building Partners","description":"Solutions de constructions et b\u00e2timents, solutions b\u00e9ton, mat\u00e9riels \u00e9lectriques, chauffe-eau solaire, aluminium, fer marchand, plomberie et robinetterie, g\u00e9nie civil","publisher":{"@id":"https:\/\/tunisia-building-partners.com\/en\/#organization"},"potentialAction":[{"@type":"SearchAction","target":{"@type":"EntryPoint","urlTemplate":"https:\/\/tunisia-building-partners.com\/en\/?s={search_term_string}"},"query-input":{"@type":"PropertyValueSpecification","valueRequired":true,"valueName":"search_term_string"}}],"inLanguage":"en-US"},{"@type":"Organization","@id":"https:\/\/tunisia-building-partners.com\/en\/#organization","name":"Tunisia Building Partners","url":"https:\/\/tunisia-building-partners.com\/en\/","logo":{"@type":"ImageObject","inLanguage":"en-US","@id":"https:\/\/tunisia-building-partners.com\/en\/#\/schema\/logo\/image\/","url":"https:\/\/tunisia-building-partners.com\/wp-content\/uploads\/2019\/09\/Logo.png","contentUrl":"https:\/\/tunisia-building-partners.com\/wp-content\/uploads\/2019\/09\/Logo.png","width":853,"height":368,"caption":"Tunisia Building Partners"},"image":{"@id":"https:\/\/tunisia-building-partners.com\/en\/#\/schema\/logo\/image\/"},"sameAs":["https:\/\/www.facebook.com\/Tunisia.Building.Partners","https:\/\/x.com\/TBPTunisia","https:\/\/www.linkedin.com\/company\/28818891","https:\/\/www.youtube.com\/channel\/UCtUmZUwZlDBs2S3GHJuAfuQ\/"]}]}},"_links":{"self":[{"href":"https:\/\/tunisia-building-partners.com\/en\/wp-json\/wp\/v2\/pages\/3548","targetHints":{"allow":["GET"]}}],"collection":[{"href":"https:\/\/tunisia-building-partners.com\/en\/wp-json\/wp\/v2\/pages"}],"about":[{"href":"https:\/\/tunisia-building-partners.com\/en\/wp-json\/wp\/v2\/types\/page"}],"author":[{"embeddable":true,"href":"https:\/\/tunisia-building-partners.com\/en\/wp-json\/wp\/v2\/users\/3"}],"replies":[{"embeddable":true,"href":"https:\/\/tunisia-building-partners.com\/en\/wp-json\/wp\/v2\/comments?post=3548"}],"version-history":[{"count":3,"href":"https:\/\/tunisia-building-partners.com\/en\/wp-json\/wp\/v2\/pages\/3548\/revisions"}],"predecessor-version":[{"id":3792,"href":"https:\/\/tunisia-building-partners.com\/en\/wp-json\/wp\/v2\/pages\/3548\/revisions\/3792"}],"up":[{"embeddable":true,"href":"https:\/\/tunisia-building-partners.com\/en\/wp-json\/wp\/v2\/pages\/3960"}],"wp:attachment":[{"href":"https:\/\/tunisia-building-partners.com\/en\/wp-json\/wp\/v2\/media?parent=3548"}],"curies":[{"name":"wp","href":"https:\/\/api.w.org\/{rel}","templated":true}]}}