{"id":3507,"date":"2021-11-17T17:55:19","date_gmt":"2021-11-17T17:55:19","guid":{"rendered":"https:\/\/tunisia-building-partners.com\/eclairage-industriel\/"},"modified":"2022-07-15T22:51:04","modified_gmt":"2022-07-15T22:51:04","slug":"industrial-lighting","status":"publish","type":"page","link":"https:\/\/tunisia-building-partners.com\/en\/electrical-equipment-and-materials\/industrial-lighting\/","title":{"rendered":"Industrial lighting"},"content":{"rendered":"<div class=\"wpb-content-wrapper\"><p>[vc_row][vc_column width=&#8221;1\/2&#8243;][vc_single_image image=&#8221;2140&#8243; img_size=&#8221;full&#8221;][\/vc_column][vc_column width=&#8221;1\/2&#8243;][vc_column_text]<\/p>\n<h2>Industrial lighting<\/h2>\n<p>Industrial lighting is a cost-effective <a href=\"https:\/\/www.varat-tunisie.com\/fr\/\" target=\"_blank\" rel=\"noopener\">solution<\/a> for several industrial sectors. from factory farms, modern factories, warehouses and distribution centers, to songwriting and mining factories.<\/p>\n<p>Industrial lighting plays a key part in the safety and performance of your business. It\u2019s typically found in warehouses, factories, manufacturing plants and other hazardous workplaces. If these working environments aren\u2019t lit properly, the various hazards that your workforce are exposed to daily become a lot more dangerous.<\/p>\n<p>Innovations in this area have resulted in several breakthrough products that can help lower your energy costs while delivering light exactly where it&#8217;s needed.<\/p>\n<p>Our <a href=\"https:\/\/tunisia-building-partners.com\/en\/pf\/somef-lighting\/\">product<\/a> range covers:<br \/>\n\u2013 Highbays<br \/>\n\u2013 Projectors<br \/>\n\u2013 Waterproof fixture : The term \u201cwaterproof fixture\u201d refers to all types of lighting that are used in outdoor areas such as car parks and stadiums, or even in the middle of a swimming pool. These waterproof fixtures must be able to operate in harsh weather conditions and provide users with adequate lighting<\/p>\n<h3>Implementing the Correct Industrial Lighting Solution Can Help Your Business<\/h3>\n<p>As you\u2019ve just read, industrial lighting covers a lot of different working environments. It has many different purposes including, increasing safety, boosting productivity levels and reducing costs where applicable. So, if your business doesn\u2019t currently have a bespoke industrial lighting system in place, you may want to consider it.[\/vc_column_text][\/vc_column][\/vc_row][vc_row][vc_column width=&#8221;1\/3&#8243;][\/vc_column][vc_column width=&#8221;1\/3&#8243;][vc_empty_space height=&#8221;40&#8243;][vc_separator color=&#8221;orange&#8221; border_width=&#8221;8&#8243; el_width=&#8221;30&#8243;][vc_empty_space height=&#8221;40&#8243;][\/vc_column][vc_column width=&#8221;1\/3&#8243;][\/vc_column][\/vc_row][vc_row][vc_column width=&#8221;1\/2&#8243;][vc_column_text]<\/p>\n<h2>Emergency lighting<\/h2>\n<p>Emergency lighting provides illumination of a space when normal lighting fails. It is required by most regulations. The emergency blocks make it possible to instantly indicate the evacuation routes relatively safe from the building, even in the absence of electrical power, thanks to their autonomous battery power supply.<\/p>\n<p>Emergency lighting refers to battery-backed or otherwise independently powered light sources that are designed to activate when a power outage creates low-visibility conditions in a workplace.<\/p>\n<p>The use of emergency lighting is a mandatory requirement of modern commercial and residential building codes. Many building codes also require the installation of emergency lighting as a retrofit for older buildings.<\/p>\n<p>Our product range covers :<br \/>\n\u2013 ECO-LED<br \/>\n\u2013 TRISTAR<br \/>\n\u2013 D-ECO LED[\/vc_column_text][\/vc_column][vc_column width=&#8221;1\/2&#8243;][vc_single_image image=&#8221;2189&#8243; img_size=&#8221;full&#8221;][\/vc_column][\/vc_row]<\/p>\n<\/div>","protected":false},"excerpt":{"rendered":"<p>[vc_row][vc_column width=&#8221;1\/2&#8243;][vc_single_image image=&#8221;2140&#8243; img_size=&#8221;full&#8221;][\/vc_column][vc_column width=&#8221;1\/2&#8243;][vc_column_text] Industrial lighting Industrial lighting is a cost-effective solution for several industrial sectors. from factory farms,&#8230;<\/p>\n","protected":false},"author":3,"featured_media":0,"parent":3960,"menu_order":0,"comment_status":"closed","ping_status":"closed","template":"","meta":{"ngg_post_thumbnail":0,"footnotes":""},"class_list":["post-3507","page","type-page","status-publish"],"yoast_head":"<!-- This site is optimized with the Yoast SEO plugin v27.0 - https:\/\/yoast.com\/product\/yoast-seo-wordpress\/ -->\n<title>Industrial lighting - Tunisia Building Partners<\/title>\n<meta name=\"description\" content=\"Industrial lighting, lighting products, industrial lighting solutions, Armature, Projector, Waterproof luminaire\" \/>\n<meta name=\"robots\" content=\"index, follow, max-snippet:-1, max-image-preview:large, max-video-preview:-1\" \/>\n<link rel=\"canonical\" href=\"https:\/\/tunisia-building-partners.com\/en\/electrical-equipment-and-materials\/industrial-lighting\/\" \/>\n<meta property=\"og:locale\" content=\"en_US\" \/>\n<meta property=\"og:type\" content=\"article\" \/>\n<meta property=\"og:title\" content=\"Industrial lighting - Tunisia Building Partners\" \/>\n<meta property=\"og:description\" content=\"Industrial lighting, lighting products, industrial lighting solutions, Armature, Projector, Waterproof luminaire\" \/>\n<meta property=\"og:url\" content=\"https:\/\/tunisia-building-partners.com\/en\/electrical-equipment-and-materials\/industrial-lighting\/\" \/>\n<meta property=\"og:site_name\" content=\"Tunisia Building Partners\" \/>\n<meta property=\"article:publisher\" content=\"https:\/\/www.facebook.com\/Tunisia.Building.Partners\" \/>\n<meta property=\"article:modified_time\" content=\"2022-07-15T22:51:04+00:00\" \/>\n<meta name=\"twitter:card\" content=\"summary_large_image\" \/>\n<meta name=\"twitter:site\" content=\"@TBPTunisia\" \/>\n<meta name=\"twitter:label1\" content=\"Est. reading time\" \/>\n\t<meta name=\"twitter:data1\" content=\"2 minutes\" \/>\n<script type=\"application\/ld+json\" class=\"yoast-schema-graph\">{\"@context\":\"https:\/\/schema.org\",\"@graph\":[{\"@type\":\"WebPage\",\"@id\":\"https:\/\/tunisia-building-partners.com\/en\/electrical-equipment-and-materials\/industrial-lighting\/\",\"url\":\"https:\/\/tunisia-building-partners.com\/en\/electrical-equipment-and-materials\/industrial-lighting\/\",\"name\":\"Industrial lighting - Tunisia Building Partners\",\"isPartOf\":{\"@id\":\"https:\/\/tunisia-building-partners.com\/en\/#website\"},\"datePublished\":\"2021-11-17T17:55:19+00:00\",\"dateModified\":\"2022-07-15T22:51:04+00:00\",\"description\":\"Industrial lighting, lighting products, industrial lighting solutions, Armature, Projector, Waterproof luminaire\",\"breadcrumb\":{\"@id\":\"https:\/\/tunisia-building-partners.com\/en\/electrical-equipment-and-materials\/industrial-lighting\/#breadcrumb\"},\"inLanguage\":\"en-US\",\"potentialAction\":[{\"@type\":\"ReadAction\",\"target\":[\"https:\/\/tunisia-building-partners.com\/en\/electrical-equipment-and-materials\/industrial-lighting\/\"]}]},{\"@type\":\"BreadcrumbList\",\"@id\":\"https:\/\/tunisia-building-partners.com\/en\/electrical-equipment-and-materials\/industrial-lighting\/#breadcrumb\",\"itemListElement\":[{\"@type\":\"ListItem\",\"position\":1,\"name\":\"Accueil\",\"item\":\"https:\/\/tunisia-building-partners.com\/en\/\"},{\"@type\":\"ListItem\",\"position\":2,\"name\":\"Industrial lighting\"}]},{\"@type\":\"WebSite\",\"@id\":\"https:\/\/tunisia-building-partners.com\/en\/#website\",\"url\":\"https:\/\/tunisia-building-partners.com\/en\/\",\"name\":\"Tunisia Building Partners\",\"description\":\"Solutions de constructions et b\u00e2timents, solutions b\u00e9ton, mat\u00e9riels \u00e9lectriques, chauffe-eau solaire, aluminium, fer marchand, plomberie et robinetterie, g\u00e9nie civil\",\"publisher\":{\"@id\":\"https:\/\/tunisia-building-partners.com\/en\/#organization\"},\"potentialAction\":[{\"@type\":\"SearchAction\",\"target\":{\"@type\":\"EntryPoint\",\"urlTemplate\":\"https:\/\/tunisia-building-partners.com\/en\/?s={search_term_string}\"},\"query-input\":{\"@type\":\"PropertyValueSpecification\",\"valueRequired\":true,\"valueName\":\"search_term_string\"}}],\"inLanguage\":\"en-US\"},{\"@type\":\"Organization\",\"@id\":\"https:\/\/tunisia-building-partners.com\/en\/#organization\",\"name\":\"Tunisia Building Partners\",\"url\":\"https:\/\/tunisia-building-partners.com\/en\/\",\"logo\":{\"@type\":\"ImageObject\",\"inLanguage\":\"en-US\",\"@id\":\"https:\/\/tunisia-building-partners.com\/en\/#\/schema\/logo\/image\/\",\"url\":\"https:\/\/tunisia-building-partners.com\/wp-content\/uploads\/2019\/09\/Logo.png\",\"contentUrl\":\"https:\/\/tunisia-building-partners.com\/wp-content\/uploads\/2019\/09\/Logo.png\",\"width\":853,\"height\":368,\"caption\":\"Tunisia Building Partners\"},\"image\":{\"@id\":\"https:\/\/tunisia-building-partners.com\/en\/#\/schema\/logo\/image\/\"},\"sameAs\":[\"https:\/\/www.facebook.com\/Tunisia.Building.Partners\",\"https:\/\/x.com\/TBPTunisia\",\"https:\/\/www.linkedin.com\/company\/28818891\",\"https:\/\/www.youtube.com\/channel\/UCtUmZUwZlDBs2S3GHJuAfuQ\/\"]}]}<\/script>\n<!-- \/ Yoast SEO plugin. -->","yoast_head_json":{"title":"Industrial lighting - Tunisia Building Partners","description":"Industrial lighting, lighting products, industrial lighting solutions, Armature, Projector, Waterproof luminaire","robots":{"index":"index","follow":"follow","max-snippet":"max-snippet:-1","max-image-preview":"max-image-preview:large","max-video-preview":"max-video-preview:-1"},"canonical":"https:\/\/tunisia-building-partners.com\/en\/electrical-equipment-and-materials\/industrial-lighting\/","og_locale":"en_US","og_type":"article","og_title":"Industrial lighting - Tunisia Building Partners","og_description":"Industrial lighting, lighting products, industrial lighting solutions, Armature, Projector, Waterproof luminaire","og_url":"https:\/\/tunisia-building-partners.com\/en\/electrical-equipment-and-materials\/industrial-lighting\/","og_site_name":"Tunisia Building Partners","article_publisher":"https:\/\/www.facebook.com\/Tunisia.Building.Partners","article_modified_time":"2022-07-15T22:51:04+00:00","twitter_card":"summary_large_image","twitter_site":"@TBPTunisia","twitter_misc":{"Est. reading time":"2 minutes"},"schema":{"@context":"https:\/\/schema.org","@graph":[{"@type":"WebPage","@id":"https:\/\/tunisia-building-partners.com\/en\/electrical-equipment-and-materials\/industrial-lighting\/","url":"https:\/\/tunisia-building-partners.com\/en\/electrical-equipment-and-materials\/industrial-lighting\/","name":"Industrial lighting - Tunisia Building Partners","isPartOf":{"@id":"https:\/\/tunisia-building-partners.com\/en\/#website"},"datePublished":"2021-11-17T17:55:19+00:00","dateModified":"2022-07-15T22:51:04+00:00","description":"Industrial lighting, lighting products, industrial lighting solutions, Armature, Projector, Waterproof luminaire","breadcrumb":{"@id":"https:\/\/tunisia-building-partners.com\/en\/electrical-equipment-and-materials\/industrial-lighting\/#breadcrumb"},"inLanguage":"en-US","potentialAction":[{"@type":"ReadAction","target":["https:\/\/tunisia-building-partners.com\/en\/electrical-equipment-and-materials\/industrial-lighting\/"]}]},{"@type":"BreadcrumbList","@id":"https:\/\/tunisia-building-partners.com\/en\/electrical-equipment-and-materials\/industrial-lighting\/#breadcrumb","itemListElement":[{"@type":"ListItem","position":1,"name":"Accueil","item":"https:\/\/tunisia-building-partners.com\/en\/"},{"@type":"ListItem","position":2,"name":"Industrial lighting"}]},{"@type":"WebSite","@id":"https:\/\/tunisia-building-partners.com\/en\/#website","url":"https:\/\/tunisia-building-partners.com\/en\/","name":"Tunisia Building Partners","description":"Solutions de constructions et b\u00e2timents, solutions b\u00e9ton, mat\u00e9riels \u00e9lectriques, chauffe-eau solaire, aluminium, fer marchand, plomberie et robinetterie, g\u00e9nie civil","publisher":{"@id":"https:\/\/tunisia-building-partners.com\/en\/#organization"},"potentialAction":[{"@type":"SearchAction","target":{"@type":"EntryPoint","urlTemplate":"https:\/\/tunisia-building-partners.com\/en\/?s={search_term_string}"},"query-input":{"@type":"PropertyValueSpecification","valueRequired":true,"valueName":"search_term_string"}}],"inLanguage":"en-US"},{"@type":"Organization","@id":"https:\/\/tunisia-building-partners.com\/en\/#organization","name":"Tunisia Building Partners","url":"https:\/\/tunisia-building-partners.com\/en\/","logo":{"@type":"ImageObject","inLanguage":"en-US","@id":"https:\/\/tunisia-building-partners.com\/en\/#\/schema\/logo\/image\/","url":"https:\/\/tunisia-building-partners.com\/wp-content\/uploads\/2019\/09\/Logo.png","contentUrl":"https:\/\/tunisia-building-partners.com\/wp-content\/uploads\/2019\/09\/Logo.png","width":853,"height":368,"caption":"Tunisia Building Partners"},"image":{"@id":"https:\/\/tunisia-building-partners.com\/en\/#\/schema\/logo\/image\/"},"sameAs":["https:\/\/www.facebook.com\/Tunisia.Building.Partners","https:\/\/x.com\/TBPTunisia","https:\/\/www.linkedin.com\/company\/28818891","https:\/\/www.youtube.com\/channel\/UCtUmZUwZlDBs2S3GHJuAfuQ\/"]}]}},"_links":{"self":[{"href":"https:\/\/tunisia-building-partners.com\/en\/wp-json\/wp\/v2\/pages\/3507","targetHints":{"allow":["GET"]}}],"collection":[{"href":"https:\/\/tunisia-building-partners.com\/en\/wp-json\/wp\/v2\/pages"}],"about":[{"href":"https:\/\/tunisia-building-partners.com\/en\/wp-json\/wp\/v2\/types\/page"}],"author":[{"embeddable":true,"href":"https:\/\/tunisia-building-partners.com\/en\/wp-json\/wp\/v2\/users\/3"}],"replies":[{"embeddable":true,"href":"https:\/\/tunisia-building-partners.com\/en\/wp-json\/wp\/v2\/comments?post=3507"}],"version-history":[{"count":4,"href":"https:\/\/tunisia-building-partners.com\/en\/wp-json\/wp\/v2\/pages\/3507\/revisions"}],"predecessor-version":[{"id":3812,"href":"https:\/\/tunisia-building-partners.com\/en\/wp-json\/wp\/v2\/pages\/3507\/revisions\/3812"}],"up":[{"embeddable":true,"href":"https:\/\/tunisia-building-partners.com\/en\/wp-json\/wp\/v2\/pages\/3960"}],"wp:attachment":[{"href":"https:\/\/tunisia-building-partners.com\/en\/wp-json\/wp\/v2\/media?parent=3507"}],"curies":[{"name":"wp","href":"https:\/\/api.w.org\/{rel}","templated":true}]}}