{"id":3505,"date":"2021-11-17T17:52:15","date_gmt":"2021-11-17T17:52:15","guid":{"rendered":"https:\/\/tunisia-building-partners.com\/eclairage-architectural-residentiel\/"},"modified":"2022-06-15T14:16:26","modified_gmt":"2022-06-15T14:16:26","slug":"architectural-and-residential-lighting","status":"publish","type":"page","link":"https:\/\/tunisia-building-partners.com\/en\/electrical-equipment-and-materials\/architectural-and-residential-lighting\/","title":{"rendered":"Architectural and residential lighting"},"content":{"rendered":"<div class=\"wpb-content-wrapper\"><p>[vc_row][vc_column width=&#8221;1\/2&#8243;][vc_single_image image=&#8221;2135&#8243; img_size=&#8221;full&#8221;][\/vc_column][vc_column width=&#8221;1\/2&#8243;][vc_column_text]<\/p>\n<h2>architectural and residential lighting<\/h2>\n<p>Our <a href=\"https:\/\/tunisia-building-partners.com\/en\/pf\/somef-lighting\/\">product<\/a> range in architectural and residential lighting <a href=\"https:\/\/www.varat-tunisie.com\/fr\/\" target=\"_blank\" rel=\"noopener\">covers<\/a>:<\/p>\n<p>\u2022 Wall lamp<br \/>\n\u2022 Decorative portholes<br \/>\n\u2022 beacon lighting<br \/>\n\u2022 Garden bollards<br \/>\n\u2022 Spotlights<br \/>\n\u2022 Bathroom lights[\/vc_column_text][\/vc_column][\/vc_row][vc_row][vc_column][vc_custom_heading text=&#8221;F.A.Q&#8221; font_container=&#8221;tag:h2|text_align:center&#8221; use_theme_fonts=&#8221;yes&#8221;][\/vc_column][\/vc_row][vc_row][vc_column width=&#8221;1\/4&#8243;][vc_column_text]<\/p>\n<h3>What is a wall light?<\/h3>\n<p>The wall light is an indoor or outdoor product used to illuminate the dark corners of a room or a terrace.<\/p>\n<p>It is a popular choice for offices, kitchens, shops, etc. Also, it can be designed in different ways and sizes to fit your space, even in tight corners.[\/vc_column_text][\/vc_column][vc_column width=&#8221;1\/4&#8243;][vc_column_text]<\/p>\n<h3>WHAT IS LED LIGHTING?<\/h3>\n<p>It is only in recent decades that remarkable and influential advancements have been made in everyday lighting systems and technologies. One such advancement is LED (light emitting diode) lighting.<\/p>\n<p>This type of lighting is popular with users due to its low power consumption and low heat emission, making it a good choice for eco-friendly homes.<br \/>\nIn addition, LED bulbs are much more durable than conventional bulbs, and more economical. They also do not contain mercury or other toxic materials.[\/vc_column_text][\/vc_column][vc_column width=&#8221;1\/4&#8243;][vc_column_text]<\/p>\n<h3>WHAT ARE GARDEN BOARDS?<\/h3>\n<p>Garden bollards are an essential part of garden design. They tend to be both decorative and functional. Garden bollards can prevent cars from crashing into ornamental trees, flower beds and other garden structures.<\/p>\n<p>It doesn&#8217;t matter whether you are in a residential or commercial area, garden bollard lights will always be a brilliant and remarkable accessory for any place.<br \/>\nThere is no doubt that these lights will light up your surroundings, as they only require an electric current to shine brightly.[\/vc_column_text][\/vc_column][vc_column width=&#8221;1\/4&#8243;][vc_column_text]<\/p>\n<h3>WHAT ARE BATHROOM LIGHTS?<\/h3>\n<p>Bathroom sconces are lighting fixtures typically used above sinks or mirrors.<\/p>\n<p>There are two types of bathroom sconces: recessed and surface mounted. Regardless of the type, they provide ambient light and help make small spaces feel more spacious.[\/vc_column_text][\/vc_column][\/vc_row]<\/p>\n<\/div>","protected":false},"excerpt":{"rendered":"<p>[vc_row][vc_column width=&#8221;1\/2&#8243;][vc_single_image image=&#8221;2135&#8243; img_size=&#8221;full&#8221;][\/vc_column][vc_column width=&#8221;1\/2&#8243;][vc_column_text] architectural and residential lighting Our product range in architectural and residential lighting covers: \u2022 Wall&#8230;<\/p>\n","protected":false},"author":3,"featured_media":0,"parent":3960,"menu_order":0,"comment_status":"closed","ping_status":"closed","template":"","meta":{"ngg_post_thumbnail":0,"footnotes":""},"class_list":["post-3505","page","type-page","status-publish"],"yoast_head":"<!-- This site is optimized with the Yoast SEO plugin v27.0 - https:\/\/yoast.com\/product\/yoast-seo-wordpress\/ -->\n<title>Architectural and residential lighting - Tunisia Building Partners<\/title>\n<meta name=\"description\" content=\"Architectural and residential lighting, Wall light, Decorative portholes, LED lighting, Garden bollards, Spotlights, Bathrooms equipment\" \/>\n<meta name=\"robots\" content=\"index, follow, max-snippet:-1, max-image-preview:large, max-video-preview:-1\" \/>\n<link rel=\"canonical\" href=\"https:\/\/tunisia-building-partners.com\/en\/electrical-equipment-and-materials\/architectural-and-residential-lighting\/\" \/>\n<meta property=\"og:locale\" content=\"en_US\" \/>\n<meta property=\"og:type\" content=\"article\" \/>\n<meta property=\"og:title\" content=\"Architectural and residential lighting - Tunisia Building Partners\" \/>\n<meta property=\"og:description\" content=\"Architectural and residential lighting, Wall light, Decorative portholes, LED lighting, Garden bollards, Spotlights, Bathrooms equipment\" \/>\n<meta property=\"og:url\" content=\"https:\/\/tunisia-building-partners.com\/en\/electrical-equipment-and-materials\/architectural-and-residential-lighting\/\" \/>\n<meta property=\"og:site_name\" content=\"Tunisia Building Partners\" \/>\n<meta property=\"article:publisher\" content=\"https:\/\/www.facebook.com\/Tunisia.Building.Partners\" \/>\n<meta property=\"article:modified_time\" content=\"2022-06-15T14:16:26+00:00\" \/>\n<meta name=\"twitter:card\" content=\"summary_large_image\" \/>\n<meta name=\"twitter:site\" content=\"@TBPTunisia\" \/>\n<meta name=\"twitter:label1\" content=\"Est. reading time\" \/>\n\t<meta name=\"twitter:data1\" content=\"2 minutes\" \/>\n<script type=\"application\/ld+json\" class=\"yoast-schema-graph\">{\"@context\":\"https:\/\/schema.org\",\"@graph\":[{\"@type\":\"WebPage\",\"@id\":\"https:\/\/tunisia-building-partners.com\/en\/electrical-equipment-and-materials\/architectural-and-residential-lighting\/\",\"url\":\"https:\/\/tunisia-building-partners.com\/en\/electrical-equipment-and-materials\/architectural-and-residential-lighting\/\",\"name\":\"Architectural and residential lighting - Tunisia Building Partners\",\"isPartOf\":{\"@id\":\"https:\/\/tunisia-building-partners.com\/en\/#website\"},\"datePublished\":\"2021-11-17T17:52:15+00:00\",\"dateModified\":\"2022-06-15T14:16:26+00:00\",\"description\":\"Architectural and residential lighting, Wall light, Decorative portholes, LED lighting, Garden bollards, Spotlights, Bathrooms equipment\",\"breadcrumb\":{\"@id\":\"https:\/\/tunisia-building-partners.com\/en\/electrical-equipment-and-materials\/architectural-and-residential-lighting\/#breadcrumb\"},\"inLanguage\":\"en-US\",\"potentialAction\":[{\"@type\":\"ReadAction\",\"target\":[\"https:\/\/tunisia-building-partners.com\/en\/electrical-equipment-and-materials\/architectural-and-residential-lighting\/\"]}]},{\"@type\":\"BreadcrumbList\",\"@id\":\"https:\/\/tunisia-building-partners.com\/en\/electrical-equipment-and-materials\/architectural-and-residential-lighting\/#breadcrumb\",\"itemListElement\":[{\"@type\":\"ListItem\",\"position\":1,\"name\":\"Accueil\",\"item\":\"https:\/\/tunisia-building-partners.com\/en\/\"},{\"@type\":\"ListItem\",\"position\":2,\"name\":\"Architectural and residential lighting\"}]},{\"@type\":\"WebSite\",\"@id\":\"https:\/\/tunisia-building-partners.com\/en\/#website\",\"url\":\"https:\/\/tunisia-building-partners.com\/en\/\",\"name\":\"Tunisia Building Partners\",\"description\":\"Solutions de constructions et b\u00e2timents, solutions b\u00e9ton, mat\u00e9riels \u00e9lectriques, chauffe-eau solaire, aluminium, fer marchand, plomberie et robinetterie, g\u00e9nie civil\",\"publisher\":{\"@id\":\"https:\/\/tunisia-building-partners.com\/en\/#organization\"},\"potentialAction\":[{\"@type\":\"SearchAction\",\"target\":{\"@type\":\"EntryPoint\",\"urlTemplate\":\"https:\/\/tunisia-building-partners.com\/en\/?s={search_term_string}\"},\"query-input\":{\"@type\":\"PropertyValueSpecification\",\"valueRequired\":true,\"valueName\":\"search_term_string\"}}],\"inLanguage\":\"en-US\"},{\"@type\":\"Organization\",\"@id\":\"https:\/\/tunisia-building-partners.com\/en\/#organization\",\"name\":\"Tunisia Building Partners\",\"url\":\"https:\/\/tunisia-building-partners.com\/en\/\",\"logo\":{\"@type\":\"ImageObject\",\"inLanguage\":\"en-US\",\"@id\":\"https:\/\/tunisia-building-partners.com\/en\/#\/schema\/logo\/image\/\",\"url\":\"https:\/\/tunisia-building-partners.com\/wp-content\/uploads\/2019\/09\/Logo.png\",\"contentUrl\":\"https:\/\/tunisia-building-partners.com\/wp-content\/uploads\/2019\/09\/Logo.png\",\"width\":853,\"height\":368,\"caption\":\"Tunisia Building Partners\"},\"image\":{\"@id\":\"https:\/\/tunisia-building-partners.com\/en\/#\/schema\/logo\/image\/\"},\"sameAs\":[\"https:\/\/www.facebook.com\/Tunisia.Building.Partners\",\"https:\/\/x.com\/TBPTunisia\",\"https:\/\/www.linkedin.com\/company\/28818891\",\"https:\/\/www.youtube.com\/channel\/UCtUmZUwZlDBs2S3GHJuAfuQ\/\"]}]}<\/script>\n<!-- \/ Yoast SEO plugin. -->","yoast_head_json":{"title":"Architectural and residential lighting - Tunisia Building Partners","description":"Architectural and residential lighting, Wall light, Decorative portholes, LED lighting, Garden bollards, Spotlights, Bathrooms equipment","robots":{"index":"index","follow":"follow","max-snippet":"max-snippet:-1","max-image-preview":"max-image-preview:large","max-video-preview":"max-video-preview:-1"},"canonical":"https:\/\/tunisia-building-partners.com\/en\/electrical-equipment-and-materials\/architectural-and-residential-lighting\/","og_locale":"en_US","og_type":"article","og_title":"Architectural and residential lighting - Tunisia Building Partners","og_description":"Architectural and residential lighting, Wall light, Decorative portholes, LED lighting, Garden bollards, Spotlights, Bathrooms equipment","og_url":"https:\/\/tunisia-building-partners.com\/en\/electrical-equipment-and-materials\/architectural-and-residential-lighting\/","og_site_name":"Tunisia Building Partners","article_publisher":"https:\/\/www.facebook.com\/Tunisia.Building.Partners","article_modified_time":"2022-06-15T14:16:26+00:00","twitter_card":"summary_large_image","twitter_site":"@TBPTunisia","twitter_misc":{"Est. reading time":"2 minutes"},"schema":{"@context":"https:\/\/schema.org","@graph":[{"@type":"WebPage","@id":"https:\/\/tunisia-building-partners.com\/en\/electrical-equipment-and-materials\/architectural-and-residential-lighting\/","url":"https:\/\/tunisia-building-partners.com\/en\/electrical-equipment-and-materials\/architectural-and-residential-lighting\/","name":"Architectural and residential lighting - Tunisia Building Partners","isPartOf":{"@id":"https:\/\/tunisia-building-partners.com\/en\/#website"},"datePublished":"2021-11-17T17:52:15+00:00","dateModified":"2022-06-15T14:16:26+00:00","description":"Architectural and residential lighting, Wall light, Decorative portholes, LED lighting, Garden bollards, Spotlights, Bathrooms equipment","breadcrumb":{"@id":"https:\/\/tunisia-building-partners.com\/en\/electrical-equipment-and-materials\/architectural-and-residential-lighting\/#breadcrumb"},"inLanguage":"en-US","potentialAction":[{"@type":"ReadAction","target":["https:\/\/tunisia-building-partners.com\/en\/electrical-equipment-and-materials\/architectural-and-residential-lighting\/"]}]},{"@type":"BreadcrumbList","@id":"https:\/\/tunisia-building-partners.com\/en\/electrical-equipment-and-materials\/architectural-and-residential-lighting\/#breadcrumb","itemListElement":[{"@type":"ListItem","position":1,"name":"Accueil","item":"https:\/\/tunisia-building-partners.com\/en\/"},{"@type":"ListItem","position":2,"name":"Architectural and residential lighting"}]},{"@type":"WebSite","@id":"https:\/\/tunisia-building-partners.com\/en\/#website","url":"https:\/\/tunisia-building-partners.com\/en\/","name":"Tunisia Building Partners","description":"Solutions de constructions et b\u00e2timents, solutions b\u00e9ton, mat\u00e9riels \u00e9lectriques, chauffe-eau solaire, aluminium, fer marchand, plomberie et robinetterie, g\u00e9nie civil","publisher":{"@id":"https:\/\/tunisia-building-partners.com\/en\/#organization"},"potentialAction":[{"@type":"SearchAction","target":{"@type":"EntryPoint","urlTemplate":"https:\/\/tunisia-building-partners.com\/en\/?s={search_term_string}"},"query-input":{"@type":"PropertyValueSpecification","valueRequired":true,"valueName":"search_term_string"}}],"inLanguage":"en-US"},{"@type":"Organization","@id":"https:\/\/tunisia-building-partners.com\/en\/#organization","name":"Tunisia Building Partners","url":"https:\/\/tunisia-building-partners.com\/en\/","logo":{"@type":"ImageObject","inLanguage":"en-US","@id":"https:\/\/tunisia-building-partners.com\/en\/#\/schema\/logo\/image\/","url":"https:\/\/tunisia-building-partners.com\/wp-content\/uploads\/2019\/09\/Logo.png","contentUrl":"https:\/\/tunisia-building-partners.com\/wp-content\/uploads\/2019\/09\/Logo.png","width":853,"height":368,"caption":"Tunisia Building Partners"},"image":{"@id":"https:\/\/tunisia-building-partners.com\/en\/#\/schema\/logo\/image\/"},"sameAs":["https:\/\/www.facebook.com\/Tunisia.Building.Partners","https:\/\/x.com\/TBPTunisia","https:\/\/www.linkedin.com\/company\/28818891","https:\/\/www.youtube.com\/channel\/UCtUmZUwZlDBs2S3GHJuAfuQ\/"]}]}},"_links":{"self":[{"href":"https:\/\/tunisia-building-partners.com\/en\/wp-json\/wp\/v2\/pages\/3505","targetHints":{"allow":["GET"]}}],"collection":[{"href":"https:\/\/tunisia-building-partners.com\/en\/wp-json\/wp\/v2\/pages"}],"about":[{"href":"https:\/\/tunisia-building-partners.com\/en\/wp-json\/wp\/v2\/types\/page"}],"author":[{"embeddable":true,"href":"https:\/\/tunisia-building-partners.com\/en\/wp-json\/wp\/v2\/users\/3"}],"replies":[{"embeddable":true,"href":"https:\/\/tunisia-building-partners.com\/en\/wp-json\/wp\/v2\/comments?post=3505"}],"version-history":[{"count":2,"href":"https:\/\/tunisia-building-partners.com\/en\/wp-json\/wp\/v2\/pages\/3505\/revisions"}],"predecessor-version":[{"id":3783,"href":"https:\/\/tunisia-building-partners.com\/en\/wp-json\/wp\/v2\/pages\/3505\/revisions\/3783"}],"up":[{"embeddable":true,"href":"https:\/\/tunisia-building-partners.com\/en\/wp-json\/wp\/v2\/pages\/3960"}],"wp:attachment":[{"href":"https:\/\/tunisia-building-partners.com\/en\/wp-json\/wp\/v2\/media?parent=3505"}],"curies":[{"name":"wp","href":"https:\/\/api.w.org\/{rel}","templated":true}]}}