{"id":3432,"date":"2021-11-16T16:47:31","date_gmt":"2021-11-16T16:47:31","guid":{"rendered":"https:\/\/tunisia-building-partners.com\/building-materials\/agent-de-mouture\/"},"modified":"2022-08-25T12:38:28","modified_gmt":"2022-08-25T12:38:28","slug":"grinding-agent","status":"publish","type":"page","link":"https:\/\/tunisia-building-partners.com\/en\/building-materials\/grinding-agent\/","title":{"rendered":"Grinding Agent"},"content":{"rendered":"<div class=\"wpb-content-wrapper\"><p>[vc_row][vc_column width=&#8221;1\/2&#8243;][vc_column_text]<\/p>\n<h2>Grinding Agent<\/h2>\n<p>Grinding agent is a Key component for <a href=\"https:\/\/luxor.com.tn\/\" target=\"_blank\" rel=\"noopener\">cement<\/a> plants. They are generally chemical compounds that are used in the production of cement, with the objective of minimizing manufacturing costs, and maximizing value for the user.<\/p>\n<p>Cement plants are expected to deliver superior <a href=\"https:\/\/tunisia-building-partners.com\/en\/building-materials\/\">performance<\/a> while reducing production costs and lessening their environmental footprint. Our grinding agents make it easy to achieve these goals, by:<\/p>\n<ul>\n<li>increasing manufacturing capacity;<\/li>\n<li>reducing energy consumption;<\/li>\n<\/ul>\n<p>Grinders and grinding agents can be used in concrete, mortar, and grout. Cement and aggregates are combined with water to form concrete, but also with various chemical additives that can modify its properties. These additives are called \u201cgrinding aids\u201d because they improve the mechanical properties of the mixture.<\/p>\n<p>Grinding aid or grinding additives refer to substances which when mixed into the mill contents cause an increase in rate of size reduction [1]. These terms are very common in cement industries where it is used to increase the throughput to the mill. Grinding aid also affect the cement flowabilitiy throughout the circuits. The grinding aid facilitates size reduction so that the mill has to apply less grinding power without having adverse effect on any of the properties of the resulting cement. Another beneficial effect of grinding aids used today is to decrease compaction in storage. It is generally improves grinding efficiency, by bringing down the limit of grinding.[\/vc_column_text][\/vc_column][vc_column width=&#8221;1\/2&#8243;][vc_single_image image=&#8221;2651&#8243; img_size=&#8221;full&#8221;][\/vc_column][\/vc_row][vc_row][vc_column][vc_single_image image=&#8221;3851&#8243; img_size=&#8221;full&#8221;][\/vc_column][\/vc_row][vc_row][vc_column][vc_custom_heading text=&#8221;F.A.Q&#8221; font_container=&#8221;tag:h2|text_align:center&#8221; use_theme_fonts=&#8221;yes&#8221;][vc_row_inner][vc_column_inner width=&#8221;1\/2&#8243;][vc_column_text]<\/p>\n<h2>HOW DO GRINDING AGENTS WORK?<\/h2>\n<p>The most important impact of grinding agent, is to reduce the effects of the attraction forces between particles. Fine particles are better dispersed and more easily separated in end product. This allows advantages on grinding efficiency via:<br \/>\n\u2013 Reduction of the agglomeration and the \u201ccoating\u201d of the grinding elements.<br \/>\n\u2013 Improved product dispersion from feed to separator, increased separator efficiency, reduced by-pass<br \/>\n\u2013 Reduction of crusher fill level.<br \/>\n\u2013 Cannonballs spend more time grinding coarse material[\/vc_column_text][\/vc_column_inner][vc_column_inner width=&#8221;1\/2&#8243;][vc_column_text]<\/p>\n<h2>DEFINITION OF A GRINDING AGENT<\/h2>\n<p>Grinding agent are products used to improve grinding by preventing the agglomeration of particles, by neutralizing electrostatic charges.<\/p>\n<p>The grinding agent is added to the powdered material to improve its flowability before processing. They significantly reduce friction and segregation, which helps increase yield, improve product quality and reduce production costs.[\/vc_column_text][\/vc_column_inner][\/vc_row_inner][\/vc_column][\/vc_row][vc_row parallax=&#8221;content-moving&#8221; parallax_image=&#8221;3848&#8243;][vc_column][vc_row_inner][vc_column_inner width=&#8221;1\/2&#8243;][\/vc_column_inner][vc_column_inner width=&#8221;1\/2&#8243;][vc_custom_heading text=&#8221;Have you a grinding agent need for your cement factory ?&#8221; font_container=&#8221;tag:h2|text_align:left|color:%23ffffff&#8221; use_theme_fonts=&#8221;yes&#8221;][vc_column_text]<span style=\"color: #ffffff;\"><strong>Our teams are at your disposal. Just contact us:<\/strong><\/span><\/p>\n<p><span style=\"color: #ffffff;\"><strong>Tel: +216 71 752 300<\/strong><\/span><br \/>\n<span style=\"color: #ffffff;\"><strong>Email: sales@tunisia-building-partners.com<\/strong><\/span>[\/vc_column_text][vc_column_text]<span style=\"color: #000000;\">Grinding agent is a substance that is added to cement to improve its quality, making it easier to mix and more durable. Grinding agents are used in a number of applications, including road construction and concrete production.<\/span><\/p>\n<p><span style=\"color: #000000;\">Cement manufacturers use grinding agents to improve the strength of their products. They do this by increasing the density of the final product by adding small amounts of sand or other materials. The exact amount of material used depends on the type of cement being produced and whether it is intended for industrial or residential use.<\/span><\/p>\n<p><span style=\"color: #000000;\">Grinding agent for cement factory is the most important raw material for grinding the cement. The main functions of the grinding agent are:<\/span><\/p>\n<p><span style=\"color: #000000;\">1) High hardness, wear resistance, excellent wear resistance and corrosion resistance.<\/span><\/p>\n<p><span style=\"color: #000000;\">2) Good adhesion to the surface, long service life and easy to clean.<\/span><\/p>\n<p><span style=\"color: #000000;\">3) It is easy to mix with other materials.<\/span>[\/vc_column_text][\/vc_column_inner][\/vc_row_inner][\/vc_column][\/vc_row]<\/p>\n<\/div>","protected":false},"excerpt":{"rendered":"<p>[vc_row][vc_column width=&#8221;1\/2&#8243;][vc_column_text] Grinding Agent Grinding agent is a Key component for cement plants. They are generally chemical compounds that are&#8230;<\/p>\n","protected":false},"author":3,"featured_media":0,"parent":3419,"menu_order":0,"comment_status":"closed","ping_status":"closed","template":"","meta":{"ngg_post_thumbnail":0,"footnotes":""},"class_list":["post-3432","page","type-page","status-publish"],"yoast_head":"<!-- This site is optimized with the Yoast SEO plugin v27.0 - https:\/\/yoast.com\/product\/yoast-seo-wordpress\/ -->\n<title>Grinding Agent - Tunisia Building Partners<\/title>\n<meta name=\"description\" content=\"Grinding Agent, increasing manufacturing capacity, reducing energy consumption, cement plants, minimizing manufacturing costs, environment\" \/>\n<meta name=\"robots\" content=\"index, follow, max-snippet:-1, max-image-preview:large, max-video-preview:-1\" \/>\n<link rel=\"canonical\" href=\"https:\/\/tunisia-building-partners.com\/en\/building-materials\/grinding-agent\/\" \/>\n<meta property=\"og:locale\" content=\"en_US\" \/>\n<meta property=\"og:type\" content=\"article\" \/>\n<meta property=\"og:title\" content=\"Grinding Agent - Tunisia Building Partners\" \/>\n<meta property=\"og:description\" content=\"Grinding Agent, increasing manufacturing capacity, reducing energy consumption, cement plants, minimizing manufacturing costs, environment\" \/>\n<meta property=\"og:url\" content=\"https:\/\/tunisia-building-partners.com\/en\/building-materials\/grinding-agent\/\" \/>\n<meta property=\"og:site_name\" content=\"Tunisia Building Partners\" \/>\n<meta property=\"article:publisher\" content=\"https:\/\/www.facebook.com\/Tunisia.Building.Partners\" \/>\n<meta property=\"article:modified_time\" content=\"2022-08-25T12:38:28+00:00\" \/>\n<meta name=\"twitter:card\" content=\"summary_large_image\" \/>\n<meta name=\"twitter:site\" content=\"@TBPTunisia\" \/>\n<meta name=\"twitter:label1\" content=\"Est. reading time\" \/>\n\t<meta name=\"twitter:data1\" content=\"3 minutes\" \/>\n<script type=\"application\/ld+json\" class=\"yoast-schema-graph\">{\"@context\":\"https:\/\/schema.org\",\"@graph\":[{\"@type\":\"WebPage\",\"@id\":\"https:\/\/tunisia-building-partners.com\/en\/building-materials\/grinding-agent\/\",\"url\":\"https:\/\/tunisia-building-partners.com\/en\/building-materials\/grinding-agent\/\",\"name\":\"Grinding Agent - Tunisia Building Partners\",\"isPartOf\":{\"@id\":\"https:\/\/tunisia-building-partners.com\/en\/#website\"},\"datePublished\":\"2021-11-16T16:47:31+00:00\",\"dateModified\":\"2022-08-25T12:38:28+00:00\",\"description\":\"Grinding Agent, increasing manufacturing capacity, reducing energy consumption, cement plants, minimizing manufacturing costs, environment\",\"breadcrumb\":{\"@id\":\"https:\/\/tunisia-building-partners.com\/en\/building-materials\/grinding-agent\/#breadcrumb\"},\"inLanguage\":\"en-US\",\"potentialAction\":[{\"@type\":\"ReadAction\",\"target\":[\"https:\/\/tunisia-building-partners.com\/en\/building-materials\/grinding-agent\/\"]}]},{\"@type\":\"BreadcrumbList\",\"@id\":\"https:\/\/tunisia-building-partners.com\/en\/building-materials\/grinding-agent\/#breadcrumb\",\"itemListElement\":[{\"@type\":\"ListItem\",\"position\":1,\"name\":\"Accueil\",\"item\":\"https:\/\/tunisia-building-partners.com\/en\/\"},{\"@type\":\"ListItem\",\"position\":2,\"name\":\"Building Materials\",\"item\":\"https:\/\/tunisia-building-partners.com\/en\/building-materials\/\"},{\"@type\":\"ListItem\",\"position\":3,\"name\":\"Grinding Agent\"}]},{\"@type\":\"WebSite\",\"@id\":\"https:\/\/tunisia-building-partners.com\/en\/#website\",\"url\":\"https:\/\/tunisia-building-partners.com\/en\/\",\"name\":\"Tunisia Building Partners\",\"description\":\"Solutions de constructions et b\u00e2timents, solutions b\u00e9ton, mat\u00e9riels \u00e9lectriques, chauffe-eau solaire, aluminium, fer marchand, plomberie et robinetterie, g\u00e9nie civil\",\"publisher\":{\"@id\":\"https:\/\/tunisia-building-partners.com\/en\/#organization\"},\"potentialAction\":[{\"@type\":\"SearchAction\",\"target\":{\"@type\":\"EntryPoint\",\"urlTemplate\":\"https:\/\/tunisia-building-partners.com\/en\/?s={search_term_string}\"},\"query-input\":{\"@type\":\"PropertyValueSpecification\",\"valueRequired\":true,\"valueName\":\"search_term_string\"}}],\"inLanguage\":\"en-US\"},{\"@type\":\"Organization\",\"@id\":\"https:\/\/tunisia-building-partners.com\/en\/#organization\",\"name\":\"Tunisia Building Partners\",\"url\":\"https:\/\/tunisia-building-partners.com\/en\/\",\"logo\":{\"@type\":\"ImageObject\",\"inLanguage\":\"en-US\",\"@id\":\"https:\/\/tunisia-building-partners.com\/en\/#\/schema\/logo\/image\/\",\"url\":\"https:\/\/tunisia-building-partners.com\/wp-content\/uploads\/2019\/09\/Logo.png\",\"contentUrl\":\"https:\/\/tunisia-building-partners.com\/wp-content\/uploads\/2019\/09\/Logo.png\",\"width\":853,\"height\":368,\"caption\":\"Tunisia Building Partners\"},\"image\":{\"@id\":\"https:\/\/tunisia-building-partners.com\/en\/#\/schema\/logo\/image\/\"},\"sameAs\":[\"https:\/\/www.facebook.com\/Tunisia.Building.Partners\",\"https:\/\/x.com\/TBPTunisia\",\"https:\/\/www.linkedin.com\/company\/28818891\",\"https:\/\/www.youtube.com\/channel\/UCtUmZUwZlDBs2S3GHJuAfuQ\/\"]}]}<\/script>\n<!-- \/ Yoast SEO plugin. -->","yoast_head_json":{"title":"Grinding Agent - Tunisia Building Partners","description":"Grinding Agent, increasing manufacturing capacity, reducing energy consumption, cement plants, minimizing manufacturing costs, environment","robots":{"index":"index","follow":"follow","max-snippet":"max-snippet:-1","max-image-preview":"max-image-preview:large","max-video-preview":"max-video-preview:-1"},"canonical":"https:\/\/tunisia-building-partners.com\/en\/building-materials\/grinding-agent\/","og_locale":"en_US","og_type":"article","og_title":"Grinding Agent - Tunisia Building Partners","og_description":"Grinding Agent, increasing manufacturing capacity, reducing energy consumption, cement plants, minimizing manufacturing costs, environment","og_url":"https:\/\/tunisia-building-partners.com\/en\/building-materials\/grinding-agent\/","og_site_name":"Tunisia Building Partners","article_publisher":"https:\/\/www.facebook.com\/Tunisia.Building.Partners","article_modified_time":"2022-08-25T12:38:28+00:00","twitter_card":"summary_large_image","twitter_site":"@TBPTunisia","twitter_misc":{"Est. reading time":"3 minutes"},"schema":{"@context":"https:\/\/schema.org","@graph":[{"@type":"WebPage","@id":"https:\/\/tunisia-building-partners.com\/en\/building-materials\/grinding-agent\/","url":"https:\/\/tunisia-building-partners.com\/en\/building-materials\/grinding-agent\/","name":"Grinding Agent - Tunisia Building Partners","isPartOf":{"@id":"https:\/\/tunisia-building-partners.com\/en\/#website"},"datePublished":"2021-11-16T16:47:31+00:00","dateModified":"2022-08-25T12:38:28+00:00","description":"Grinding Agent, increasing manufacturing capacity, reducing energy consumption, cement plants, minimizing manufacturing costs, environment","breadcrumb":{"@id":"https:\/\/tunisia-building-partners.com\/en\/building-materials\/grinding-agent\/#breadcrumb"},"inLanguage":"en-US","potentialAction":[{"@type":"ReadAction","target":["https:\/\/tunisia-building-partners.com\/en\/building-materials\/grinding-agent\/"]}]},{"@type":"BreadcrumbList","@id":"https:\/\/tunisia-building-partners.com\/en\/building-materials\/grinding-agent\/#breadcrumb","itemListElement":[{"@type":"ListItem","position":1,"name":"Accueil","item":"https:\/\/tunisia-building-partners.com\/en\/"},{"@type":"ListItem","position":2,"name":"Building Materials","item":"https:\/\/tunisia-building-partners.com\/en\/building-materials\/"},{"@type":"ListItem","position":3,"name":"Grinding Agent"}]},{"@type":"WebSite","@id":"https:\/\/tunisia-building-partners.com\/en\/#website","url":"https:\/\/tunisia-building-partners.com\/en\/","name":"Tunisia Building Partners","description":"Solutions de constructions et b\u00e2timents, solutions b\u00e9ton, mat\u00e9riels \u00e9lectriques, chauffe-eau solaire, aluminium, fer marchand, plomberie et robinetterie, g\u00e9nie civil","publisher":{"@id":"https:\/\/tunisia-building-partners.com\/en\/#organization"},"potentialAction":[{"@type":"SearchAction","target":{"@type":"EntryPoint","urlTemplate":"https:\/\/tunisia-building-partners.com\/en\/?s={search_term_string}"},"query-input":{"@type":"PropertyValueSpecification","valueRequired":true,"valueName":"search_term_string"}}],"inLanguage":"en-US"},{"@type":"Organization","@id":"https:\/\/tunisia-building-partners.com\/en\/#organization","name":"Tunisia Building Partners","url":"https:\/\/tunisia-building-partners.com\/en\/","logo":{"@type":"ImageObject","inLanguage":"en-US","@id":"https:\/\/tunisia-building-partners.com\/en\/#\/schema\/logo\/image\/","url":"https:\/\/tunisia-building-partners.com\/wp-content\/uploads\/2019\/09\/Logo.png","contentUrl":"https:\/\/tunisia-building-partners.com\/wp-content\/uploads\/2019\/09\/Logo.png","width":853,"height":368,"caption":"Tunisia Building Partners"},"image":{"@id":"https:\/\/tunisia-building-partners.com\/en\/#\/schema\/logo\/image\/"},"sameAs":["https:\/\/www.facebook.com\/Tunisia.Building.Partners","https:\/\/x.com\/TBPTunisia","https:\/\/www.linkedin.com\/company\/28818891","https:\/\/www.youtube.com\/channel\/UCtUmZUwZlDBs2S3GHJuAfuQ\/"]}]}},"_links":{"self":[{"href":"https:\/\/tunisia-building-partners.com\/en\/wp-json\/wp\/v2\/pages\/3432","targetHints":{"allow":["GET"]}}],"collection":[{"href":"https:\/\/tunisia-building-partners.com\/en\/wp-json\/wp\/v2\/pages"}],"about":[{"href":"https:\/\/tunisia-building-partners.com\/en\/wp-json\/wp\/v2\/types\/page"}],"author":[{"embeddable":true,"href":"https:\/\/tunisia-building-partners.com\/en\/wp-json\/wp\/v2\/users\/3"}],"replies":[{"embeddable":true,"href":"https:\/\/tunisia-building-partners.com\/en\/wp-json\/wp\/v2\/comments?post=3432"}],"version-history":[{"count":6,"href":"https:\/\/tunisia-building-partners.com\/en\/wp-json\/wp\/v2\/pages\/3432\/revisions"}],"predecessor-version":[{"id":3853,"href":"https:\/\/tunisia-building-partners.com\/en\/wp-json\/wp\/v2\/pages\/3432\/revisions\/3853"}],"up":[{"embeddable":true,"href":"https:\/\/tunisia-building-partners.com\/en\/wp-json\/wp\/v2\/pages\/3419"}],"wp:attachment":[{"href":"https:\/\/tunisia-building-partners.com\/en\/wp-json\/wp\/v2\/media?parent=3432"}],"curies":[{"name":"wp","href":"https:\/\/api.w.org\/{rel}","templated":true}]}}