{"id":3397,"date":"2021-11-15T12:39:02","date_gmt":"2021-11-15T12:39:02","guid":{"rendered":"https:\/\/tunisia-building-partners.com\/tubes-ppr\/"},"modified":"2022-06-08T19:58:50","modified_gmt":"2022-06-08T19:58:50","slug":"ppr-pipes","status":"publish","type":"page","link":"https:\/\/tunisia-building-partners.com\/en\/plumbing-and-taps\/ppr-pipes\/","title":{"rendered":"PPR Pipes"},"content":{"rendered":"<div class=\"wpb-content-wrapper\"><p>[vc_row][vc_column width=&#8221;1\/2&#8243;][vc_single_image image=&#8221;2097&#8243; img_size=&#8221;full&#8221;][\/vc_column][vc_column width=&#8221;1\/2&#8243;][vc_column_text]<\/p>\n<h2>PPR Pipes<\/h2>\n<p>PPR Pipes are used in plumbing and <a href=\"https:\/\/tunisia-building-partners.com\/en\/pf\/ipa\/\">sanitary installation<\/a>.<\/p>\n<h3>WHAT IS PPR ?<\/h3>\n<p>PPR is a <a href=\"https:\/\/www.ipalpex.com\/\" target=\"_blank\" rel=\"noopener\">pipe<\/a> made of Random polypropylene, a material that is characterized by its high resistance. Random polypropylene pipes are manufactured by extrusion, almost exclusively in the form of pipes.<\/p>\n<p>Extruded pipes offer excellent strength, but a little less flexibility than other plastics one. UV stabilizers are usually included in the manufacturing process to extend the shelf life of products.<\/p>\n<p>There are two types of PPR pipes: those that can be used with a pressure of 10 bars and those that can withstand a pressure of 20 bars, the difference is in the thickness of the pipe.<\/p>\n<h3>USES<\/h3>\n<p>PPR pipes are used in all kind of construction projects.<br \/>\nPPR is the abbreviation of Polypropylene Random and pipes are made from this material.<\/p>\n<p>They can be found in your bathroom, kitchen, and toilet.<br \/>\nThe materials used to produce these pipes have advantages over many other plastics, including glass and metal.<\/p>\n<p>The use of our product covers:<\/p>\n<p>\u2022 Drinking water supply: Water is essential for health and well-being. Providing a constant supply of water can be beneficial in various sectors, including agriculture and tourism.<br \/>\n\u2022 Heating pipes for homes: comfort and safety for your installation, with high heat resistance.<br \/>\n\u2022 Networks for rainwater harvesting systems: Rainwater harvesting systems are a rapidly spreading trend in recent years. They are growing in popularity, due to the benefits they have for people and the environment.<br \/>\n\u2022 Swimming pool installations<br \/>\n\u2022 Transport of aggressive liquids (acid, etc.): very strong resistance to corrosion and a safe solution par excellence.<br \/>\n\u2022 Pressurized air.[\/vc_column_text][\/vc_column][\/vc_row]<\/p>\n<\/div>","protected":false},"excerpt":{"rendered":"<p>[vc_row][vc_column width=&#8221;1\/2&#8243;][vc_single_image image=&#8221;2097&#8243; img_size=&#8221;full&#8221;][\/vc_column][vc_column width=&#8221;1\/2&#8243;][vc_column_text] PPR Pipes PPR Pipes are used in plumbing and sanitary installation. WHAT IS PPR ?&#8230;<\/p>\n","protected":false},"author":3,"featured_media":0,"parent":3831,"menu_order":0,"comment_status":"closed","ping_status":"closed","template":"","meta":{"ngg_post_thumbnail":0,"footnotes":""},"class_list":["post-3397","page","type-page","status-publish"],"yoast_head":"<!-- This site is optimized with the Yoast SEO plugin v27.0 - https:\/\/yoast.com\/product\/yoast-seo-wordpress\/ -->\n<title>PPR Pipes - Tunisia Building Partners<\/title>\n<meta name=\"description\" content=\"PPR Pipes, plumbing sanitary pipes, polypropyl\u00e8ne random pipes, Networks for rainwater harvesting systems, Swimming pool, aggressive liquids\" \/>\n<meta name=\"robots\" content=\"index, follow, max-snippet:-1, max-image-preview:large, max-video-preview:-1\" \/>\n<link rel=\"canonical\" href=\"https:\/\/tunisia-building-partners.com\/en\/plumbing-and-taps\/ppr-pipes\/\" \/>\n<meta property=\"og:locale\" content=\"en_US\" \/>\n<meta property=\"og:type\" content=\"article\" \/>\n<meta property=\"og:title\" content=\"PPR Pipes - Tunisia Building Partners\" \/>\n<meta property=\"og:description\" content=\"PPR Pipes, plumbing sanitary pipes, polypropyl\u00e8ne random pipes, Networks for rainwater harvesting systems, Swimming pool, aggressive liquids\" \/>\n<meta property=\"og:url\" content=\"https:\/\/tunisia-building-partners.com\/en\/plumbing-and-taps\/ppr-pipes\/\" \/>\n<meta property=\"og:site_name\" content=\"Tunisia Building Partners\" \/>\n<meta property=\"article:publisher\" content=\"https:\/\/www.facebook.com\/Tunisia.Building.Partners\" \/>\n<meta property=\"article:modified_time\" content=\"2022-06-08T19:58:50+00:00\" \/>\n<meta name=\"twitter:card\" content=\"summary_large_image\" \/>\n<meta name=\"twitter:site\" content=\"@TBPTunisia\" \/>\n<meta name=\"twitter:label1\" content=\"Est. reading time\" \/>\n\t<meta name=\"twitter:data1\" content=\"2 minutes\" \/>\n<script type=\"application\/ld+json\" class=\"yoast-schema-graph\">{\"@context\":\"https:\/\/schema.org\",\"@graph\":[{\"@type\":\"WebPage\",\"@id\":\"https:\/\/tunisia-building-partners.com\/en\/plumbing-and-taps\/ppr-pipes\/\",\"url\":\"https:\/\/tunisia-building-partners.com\/en\/plumbing-and-taps\/ppr-pipes\/\",\"name\":\"PPR Pipes - Tunisia Building Partners\",\"isPartOf\":{\"@id\":\"https:\/\/tunisia-building-partners.com\/en\/#website\"},\"datePublished\":\"2021-11-15T12:39:02+00:00\",\"dateModified\":\"2022-06-08T19:58:50+00:00\",\"description\":\"PPR Pipes, plumbing sanitary pipes, polypropyl\u00e8ne random pipes, Networks for rainwater harvesting systems, Swimming pool, aggressive liquids\",\"breadcrumb\":{\"@id\":\"https:\/\/tunisia-building-partners.com\/en\/plumbing-and-taps\/ppr-pipes\/#breadcrumb\"},\"inLanguage\":\"en-US\",\"potentialAction\":[{\"@type\":\"ReadAction\",\"target\":[\"https:\/\/tunisia-building-partners.com\/en\/plumbing-and-taps\/ppr-pipes\/\"]}]},{\"@type\":\"BreadcrumbList\",\"@id\":\"https:\/\/tunisia-building-partners.com\/en\/plumbing-and-taps\/ppr-pipes\/#breadcrumb\",\"itemListElement\":[{\"@type\":\"ListItem\",\"position\":1,\"name\":\"Accueil\",\"item\":\"https:\/\/tunisia-building-partners.com\/en\/\"},{\"@type\":\"ListItem\",\"position\":2,\"name\":\"Plumbing and Taps\",\"item\":\"https:\/\/tunisia-building-partners.com\/en\/plumbing-and-taps\/\"},{\"@type\":\"ListItem\",\"position\":3,\"name\":\"PPR Pipes\"}]},{\"@type\":\"WebSite\",\"@id\":\"https:\/\/tunisia-building-partners.com\/en\/#website\",\"url\":\"https:\/\/tunisia-building-partners.com\/en\/\",\"name\":\"Tunisia Building Partners\",\"description\":\"Solutions de constructions et b\u00e2timents, solutions b\u00e9ton, mat\u00e9riels \u00e9lectriques, chauffe-eau solaire, aluminium, fer marchand, plomberie et robinetterie, g\u00e9nie civil\",\"publisher\":{\"@id\":\"https:\/\/tunisia-building-partners.com\/en\/#organization\"},\"potentialAction\":[{\"@type\":\"SearchAction\",\"target\":{\"@type\":\"EntryPoint\",\"urlTemplate\":\"https:\/\/tunisia-building-partners.com\/en\/?s={search_term_string}\"},\"query-input\":{\"@type\":\"PropertyValueSpecification\",\"valueRequired\":true,\"valueName\":\"search_term_string\"}}],\"inLanguage\":\"en-US\"},{\"@type\":\"Organization\",\"@id\":\"https:\/\/tunisia-building-partners.com\/en\/#organization\",\"name\":\"Tunisia Building Partners\",\"url\":\"https:\/\/tunisia-building-partners.com\/en\/\",\"logo\":{\"@type\":\"ImageObject\",\"inLanguage\":\"en-US\",\"@id\":\"https:\/\/tunisia-building-partners.com\/en\/#\/schema\/logo\/image\/\",\"url\":\"https:\/\/tunisia-building-partners.com\/wp-content\/uploads\/2019\/09\/Logo.png\",\"contentUrl\":\"https:\/\/tunisia-building-partners.com\/wp-content\/uploads\/2019\/09\/Logo.png\",\"width\":853,\"height\":368,\"caption\":\"Tunisia Building Partners\"},\"image\":{\"@id\":\"https:\/\/tunisia-building-partners.com\/en\/#\/schema\/logo\/image\/\"},\"sameAs\":[\"https:\/\/www.facebook.com\/Tunisia.Building.Partners\",\"https:\/\/x.com\/TBPTunisia\",\"https:\/\/www.linkedin.com\/company\/28818891\",\"https:\/\/www.youtube.com\/channel\/UCtUmZUwZlDBs2S3GHJuAfuQ\/\"]}]}<\/script>\n<!-- \/ Yoast SEO plugin. -->","yoast_head_json":{"title":"PPR Pipes - Tunisia Building Partners","description":"PPR Pipes, plumbing sanitary pipes, polypropyl\u00e8ne random pipes, Networks for rainwater harvesting systems, Swimming pool, aggressive liquids","robots":{"index":"index","follow":"follow","max-snippet":"max-snippet:-1","max-image-preview":"max-image-preview:large","max-video-preview":"max-video-preview:-1"},"canonical":"https:\/\/tunisia-building-partners.com\/en\/plumbing-and-taps\/ppr-pipes\/","og_locale":"en_US","og_type":"article","og_title":"PPR Pipes - Tunisia Building Partners","og_description":"PPR Pipes, plumbing sanitary pipes, polypropyl\u00e8ne random pipes, Networks for rainwater harvesting systems, Swimming pool, aggressive liquids","og_url":"https:\/\/tunisia-building-partners.com\/en\/plumbing-and-taps\/ppr-pipes\/","og_site_name":"Tunisia Building Partners","article_publisher":"https:\/\/www.facebook.com\/Tunisia.Building.Partners","article_modified_time":"2022-06-08T19:58:50+00:00","twitter_card":"summary_large_image","twitter_site":"@TBPTunisia","twitter_misc":{"Est. reading time":"2 minutes"},"schema":{"@context":"https:\/\/schema.org","@graph":[{"@type":"WebPage","@id":"https:\/\/tunisia-building-partners.com\/en\/plumbing-and-taps\/ppr-pipes\/","url":"https:\/\/tunisia-building-partners.com\/en\/plumbing-and-taps\/ppr-pipes\/","name":"PPR Pipes - Tunisia Building Partners","isPartOf":{"@id":"https:\/\/tunisia-building-partners.com\/en\/#website"},"datePublished":"2021-11-15T12:39:02+00:00","dateModified":"2022-06-08T19:58:50+00:00","description":"PPR Pipes, plumbing sanitary pipes, polypropyl\u00e8ne random pipes, Networks for rainwater harvesting systems, Swimming pool, aggressive liquids","breadcrumb":{"@id":"https:\/\/tunisia-building-partners.com\/en\/plumbing-and-taps\/ppr-pipes\/#breadcrumb"},"inLanguage":"en-US","potentialAction":[{"@type":"ReadAction","target":["https:\/\/tunisia-building-partners.com\/en\/plumbing-and-taps\/ppr-pipes\/"]}]},{"@type":"BreadcrumbList","@id":"https:\/\/tunisia-building-partners.com\/en\/plumbing-and-taps\/ppr-pipes\/#breadcrumb","itemListElement":[{"@type":"ListItem","position":1,"name":"Accueil","item":"https:\/\/tunisia-building-partners.com\/en\/"},{"@type":"ListItem","position":2,"name":"Plumbing and Taps","item":"https:\/\/tunisia-building-partners.com\/en\/plumbing-and-taps\/"},{"@type":"ListItem","position":3,"name":"PPR Pipes"}]},{"@type":"WebSite","@id":"https:\/\/tunisia-building-partners.com\/en\/#website","url":"https:\/\/tunisia-building-partners.com\/en\/","name":"Tunisia Building Partners","description":"Solutions de constructions et b\u00e2timents, solutions b\u00e9ton, mat\u00e9riels \u00e9lectriques, chauffe-eau solaire, aluminium, fer marchand, plomberie et robinetterie, g\u00e9nie civil","publisher":{"@id":"https:\/\/tunisia-building-partners.com\/en\/#organization"},"potentialAction":[{"@type":"SearchAction","target":{"@type":"EntryPoint","urlTemplate":"https:\/\/tunisia-building-partners.com\/en\/?s={search_term_string}"},"query-input":{"@type":"PropertyValueSpecification","valueRequired":true,"valueName":"search_term_string"}}],"inLanguage":"en-US"},{"@type":"Organization","@id":"https:\/\/tunisia-building-partners.com\/en\/#organization","name":"Tunisia Building Partners","url":"https:\/\/tunisia-building-partners.com\/en\/","logo":{"@type":"ImageObject","inLanguage":"en-US","@id":"https:\/\/tunisia-building-partners.com\/en\/#\/schema\/logo\/image\/","url":"https:\/\/tunisia-building-partners.com\/wp-content\/uploads\/2019\/09\/Logo.png","contentUrl":"https:\/\/tunisia-building-partners.com\/wp-content\/uploads\/2019\/09\/Logo.png","width":853,"height":368,"caption":"Tunisia Building Partners"},"image":{"@id":"https:\/\/tunisia-building-partners.com\/en\/#\/schema\/logo\/image\/"},"sameAs":["https:\/\/www.facebook.com\/Tunisia.Building.Partners","https:\/\/x.com\/TBPTunisia","https:\/\/www.linkedin.com\/company\/28818891","https:\/\/www.youtube.com\/channel\/UCtUmZUwZlDBs2S3GHJuAfuQ\/"]}]}},"_links":{"self":[{"href":"https:\/\/tunisia-building-partners.com\/en\/wp-json\/wp\/v2\/pages\/3397","targetHints":{"allow":["GET"]}}],"collection":[{"href":"https:\/\/tunisia-building-partners.com\/en\/wp-json\/wp\/v2\/pages"}],"about":[{"href":"https:\/\/tunisia-building-partners.com\/en\/wp-json\/wp\/v2\/types\/page"}],"author":[{"embeddable":true,"href":"https:\/\/tunisia-building-partners.com\/en\/wp-json\/wp\/v2\/users\/3"}],"replies":[{"embeddable":true,"href":"https:\/\/tunisia-building-partners.com\/en\/wp-json\/wp\/v2\/comments?post=3397"}],"version-history":[{"count":2,"href":"https:\/\/tunisia-building-partners.com\/en\/wp-json\/wp\/v2\/pages\/3397\/revisions"}],"predecessor-version":[{"id":3752,"href":"https:\/\/tunisia-building-partners.com\/en\/wp-json\/wp\/v2\/pages\/3397\/revisions\/3752"}],"up":[{"embeddable":true,"href":"https:\/\/tunisia-building-partners.com\/en\/wp-json\/wp\/v2\/pages\/3831"}],"wp:attachment":[{"href":"https:\/\/tunisia-building-partners.com\/en\/wp-json\/wp\/v2\/media?parent=3397"}],"curies":[{"name":"wp","href":"https:\/\/api.w.org\/{rel}","templated":true}]}}