{"id":3386,"date":"2021-11-15T12:35:53","date_gmt":"2021-11-15T12:35:53","guid":{"rendered":"https:\/\/tunisia-building-partners.com\/equipement-de-gaz\/"},"modified":"2022-08-25T13:54:25","modified_gmt":"2022-08-25T13:54:25","slug":"gas-equipment","status":"publish","type":"page","link":"https:\/\/tunisia-building-partners.com\/en\/plumbing-and-taps\/gas-equipment\/","title":{"rendered":"Gas Equipment"},"content":{"rendered":"<div class=\"wpb-content-wrapper\"><p>[vc_row][vc_column width=&#8221;1\/2&#8243;][vc_column_text]<\/p>\n<h2>GAS EQUIPMENT<\/h2>\n<p>TBP <a href=\"https:\/\/tunisia-building-partners.com\/en\/pf\/sopal\/\">offer<\/a> a wide range of gas equipment <a href=\"https:\/\/www.sopal.com\/\" target=\"_blank\" rel=\"noopener\">materials<\/a> :&nbsp;<\/p>\n<p><strong>VALVES FOR GAS CYLINDER<\/strong><\/p>\n<p>ADVANTAGES:<\/p>\n<ul>\n<li>There is a square in the valve of gas cylinder that facilitate the use of a key for the assembly and disassembly of the valve on the LPG bottle.<\/li>\n<li>No risk of flywheel disassembly due to a brass stopper (square pin).<\/li>\n<li>Each valve is tested in internal \/ external tightness test at a pressure of 0.1 bars and 30 bars (According to the EN ISO 15995 standard).<\/li>\n<li>In each valve, there is a self-tightening joint for more safety in the case of loosening of the regulator.<\/li>\n<li>In each valve, there is a flow restrictor to limit the escape of gas in case of an accident (breakage of the body).<\/li>\n<li>Two O-rings on the piston to avoid any risk of leakage.<\/li>\n<li>Each valve is marked with the month and year of manufacture. This ensures perfect traceability over time.<\/li>\n<li>For each lot of manufactured valve, standard tests are applied (according to the EN ISO 15995 standard).<\/li>\n<\/ul>\n<p>[\/vc_column_text][\/vc_column][vc_column width=&#8221;1\/2&#8243;][vc_single_image image=&#8221;2154&#8243; img_size=&#8221;full&#8221;][\/vc_column][\/vc_row][vc_row][vc_column][vc_single_image image=&#8221;3860&#8243; img_size=&#8221;full&#8221;][\/vc_column][\/vc_row][vc_row][vc_column width=&#8221;1\/2&#8243;][vc_column_text]<strong>CAMPING GAS VALVE<\/strong><\/p>\n<p>ADVANTAGES:<\/p>\n<ul>\n<li>There is a square in the camping gas valve that facilitate the use of a key for the assembly and disassembly of the valve on the LPG bottle.<\/li>\n<li>No risk of the disassembly of the cage due to the crimping force.<\/li>\n<li>Each valve is tested in internal \/ external tightness test at a pressure of 0.1 bar and 30 bar (According to standard EN ISO 14245).<\/li>\n<li>In each valve there is an anti-leakage seal for more safety in case of loosening of the regulator.<\/li>\n<li>Each valve is marked with the month and year of manufacture. This ensures perfect traceability over time.<\/li>\n<li>For each lot of manufactured automatic valve, standard tests are applied (according to standard EN ISO 14245).<\/li>\n<\/ul>\n<p>[\/vc_column_text][\/vc_column][vc_column width=&#8221;1\/2&#8243;][vc_column_text]<strong>FITTINGS FOR GAS CONNECTION <\/strong><\/p>\n<p>Fitting for gas connection is a safety standard that ensures that gas connections are made safely and correctly. It also ensures that there are no leaks in the system, and that the system is safe to use.<\/p>\n<p>The fitting for gas connection involves many aspects such as:<\/p>\n<ul>\n<li>Installation of a new meter and valve, if necessary<\/li>\n<li>Connection between gas supply and electric supply lines<\/li>\n<li>Connection between gas service and water service lines<\/li>\n<\/ul>\n<p>[\/vc_column_text][\/vc_column][\/vc_row][vc_row][vc_column width=&#8221;1\/2&#8243;][vc_column_text]<strong>TAPS FOR GAS CONNECTION<\/strong><\/p>\n<p>A gas tap, or gas valve, is&nbsp;<b>a device that controls the flow of gas through a pipe from its supply source<\/b>.[\/vc_column_text][\/vc_column][vc_column width=&#8221;1\/2&#8243;][\/vc_column][\/vc_row]<\/p>\n<\/div>","protected":false},"excerpt":{"rendered":"<p>[vc_row][vc_column width=&#8221;1\/2&#8243;][vc_column_text] GAS EQUIPMENT TBP offer a wide range of gas equipment materials :&nbsp; VALVES FOR GAS CYLINDER ADVANTAGES: There&#8230;<\/p>\n","protected":false},"author":3,"featured_media":0,"parent":3831,"menu_order":0,"comment_status":"closed","ping_status":"closed","template":"","meta":{"ngg_post_thumbnail":0,"footnotes":""},"class_list":["post-3386","page","type-page","status-publish"],"yoast_head":"<!-- This site is optimized with the Yoast SEO plugin v27.0 - https:\/\/yoast.com\/product\/yoast-seo-wordpress\/ -->\n<title>Gas Equipment - Tunisia Building Partners<\/title>\n<meta name=\"description\" content=\"Gas Equipment, valves for gas cylinder, camping gas valve, fittings for gas connection, taps for gas connection, sopal tunisia\" \/>\n<meta name=\"robots\" content=\"index, follow, max-snippet:-1, max-image-preview:large, max-video-preview:-1\" \/>\n<link rel=\"canonical\" href=\"https:\/\/tunisia-building-partners.com\/en\/plumbing-and-taps\/gas-equipment\/\" \/>\n<meta property=\"og:locale\" content=\"en_US\" \/>\n<meta property=\"og:type\" content=\"article\" \/>\n<meta property=\"og:title\" content=\"Gas Equipment - Tunisia Building Partners\" \/>\n<meta property=\"og:description\" content=\"Gas Equipment, valves for gas cylinder, camping gas valve, fittings for gas connection, taps for gas connection, sopal tunisia\" \/>\n<meta property=\"og:url\" content=\"https:\/\/tunisia-building-partners.com\/en\/plumbing-and-taps\/gas-equipment\/\" \/>\n<meta property=\"og:site_name\" content=\"Tunisia Building Partners\" \/>\n<meta property=\"article:publisher\" content=\"https:\/\/www.facebook.com\/Tunisia.Building.Partners\" \/>\n<meta property=\"article:modified_time\" content=\"2022-08-25T13:54:25+00:00\" \/>\n<meta name=\"twitter:card\" content=\"summary_large_image\" \/>\n<meta name=\"twitter:site\" content=\"@TBPTunisia\" \/>\n<meta name=\"twitter:label1\" content=\"Est. reading time\" \/>\n\t<meta name=\"twitter:data1\" content=\"3 minutes\" \/>\n<script type=\"application\/ld+json\" class=\"yoast-schema-graph\">{\"@context\":\"https:\/\/schema.org\",\"@graph\":[{\"@type\":\"WebPage\",\"@id\":\"https:\/\/tunisia-building-partners.com\/en\/plumbing-and-taps\/gas-equipment\/\",\"url\":\"https:\/\/tunisia-building-partners.com\/en\/plumbing-and-taps\/gas-equipment\/\",\"name\":\"Gas Equipment - Tunisia Building Partners\",\"isPartOf\":{\"@id\":\"https:\/\/tunisia-building-partners.com\/en\/#website\"},\"datePublished\":\"2021-11-15T12:35:53+00:00\",\"dateModified\":\"2022-08-25T13:54:25+00:00\",\"description\":\"Gas Equipment, valves for gas cylinder, camping gas valve, fittings for gas connection, taps for gas connection, sopal tunisia\",\"breadcrumb\":{\"@id\":\"https:\/\/tunisia-building-partners.com\/en\/plumbing-and-taps\/gas-equipment\/#breadcrumb\"},\"inLanguage\":\"en-US\",\"potentialAction\":[{\"@type\":\"ReadAction\",\"target\":[\"https:\/\/tunisia-building-partners.com\/en\/plumbing-and-taps\/gas-equipment\/\"]}]},{\"@type\":\"BreadcrumbList\",\"@id\":\"https:\/\/tunisia-building-partners.com\/en\/plumbing-and-taps\/gas-equipment\/#breadcrumb\",\"itemListElement\":[{\"@type\":\"ListItem\",\"position\":1,\"name\":\"Accueil\",\"item\":\"https:\/\/tunisia-building-partners.com\/en\/\"},{\"@type\":\"ListItem\",\"position\":2,\"name\":\"Plumbing and Taps\",\"item\":\"https:\/\/tunisia-building-partners.com\/en\/plumbing-and-taps\/\"},{\"@type\":\"ListItem\",\"position\":3,\"name\":\"Gas Equipment\"}]},{\"@type\":\"WebSite\",\"@id\":\"https:\/\/tunisia-building-partners.com\/en\/#website\",\"url\":\"https:\/\/tunisia-building-partners.com\/en\/\",\"name\":\"Tunisia Building Partners\",\"description\":\"Solutions de constructions et b\u00e2timents, solutions b\u00e9ton, mat\u00e9riels \u00e9lectriques, chauffe-eau solaire, aluminium, fer marchand, plomberie et robinetterie, g\u00e9nie civil\",\"publisher\":{\"@id\":\"https:\/\/tunisia-building-partners.com\/en\/#organization\"},\"potentialAction\":[{\"@type\":\"SearchAction\",\"target\":{\"@type\":\"EntryPoint\",\"urlTemplate\":\"https:\/\/tunisia-building-partners.com\/en\/?s={search_term_string}\"},\"query-input\":{\"@type\":\"PropertyValueSpecification\",\"valueRequired\":true,\"valueName\":\"search_term_string\"}}],\"inLanguage\":\"en-US\"},{\"@type\":\"Organization\",\"@id\":\"https:\/\/tunisia-building-partners.com\/en\/#organization\",\"name\":\"Tunisia Building Partners\",\"url\":\"https:\/\/tunisia-building-partners.com\/en\/\",\"logo\":{\"@type\":\"ImageObject\",\"inLanguage\":\"en-US\",\"@id\":\"https:\/\/tunisia-building-partners.com\/en\/#\/schema\/logo\/image\/\",\"url\":\"https:\/\/tunisia-building-partners.com\/wp-content\/uploads\/2019\/09\/Logo.png\",\"contentUrl\":\"https:\/\/tunisia-building-partners.com\/wp-content\/uploads\/2019\/09\/Logo.png\",\"width\":853,\"height\":368,\"caption\":\"Tunisia Building Partners\"},\"image\":{\"@id\":\"https:\/\/tunisia-building-partners.com\/en\/#\/schema\/logo\/image\/\"},\"sameAs\":[\"https:\/\/www.facebook.com\/Tunisia.Building.Partners\",\"https:\/\/x.com\/TBPTunisia\",\"https:\/\/www.linkedin.com\/company\/28818891\",\"https:\/\/www.youtube.com\/channel\/UCtUmZUwZlDBs2S3GHJuAfuQ\/\"]}]}<\/script>\n<!-- \/ Yoast SEO plugin. -->","yoast_head_json":{"title":"Gas Equipment - Tunisia Building Partners","description":"Gas Equipment, valves for gas cylinder, camping gas valve, fittings for gas connection, taps for gas connection, sopal tunisia","robots":{"index":"index","follow":"follow","max-snippet":"max-snippet:-1","max-image-preview":"max-image-preview:large","max-video-preview":"max-video-preview:-1"},"canonical":"https:\/\/tunisia-building-partners.com\/en\/plumbing-and-taps\/gas-equipment\/","og_locale":"en_US","og_type":"article","og_title":"Gas Equipment - Tunisia Building Partners","og_description":"Gas Equipment, valves for gas cylinder, camping gas valve, fittings for gas connection, taps for gas connection, sopal tunisia","og_url":"https:\/\/tunisia-building-partners.com\/en\/plumbing-and-taps\/gas-equipment\/","og_site_name":"Tunisia Building Partners","article_publisher":"https:\/\/www.facebook.com\/Tunisia.Building.Partners","article_modified_time":"2022-08-25T13:54:25+00:00","twitter_card":"summary_large_image","twitter_site":"@TBPTunisia","twitter_misc":{"Est. reading time":"3 minutes"},"schema":{"@context":"https:\/\/schema.org","@graph":[{"@type":"WebPage","@id":"https:\/\/tunisia-building-partners.com\/en\/plumbing-and-taps\/gas-equipment\/","url":"https:\/\/tunisia-building-partners.com\/en\/plumbing-and-taps\/gas-equipment\/","name":"Gas Equipment - Tunisia Building Partners","isPartOf":{"@id":"https:\/\/tunisia-building-partners.com\/en\/#website"},"datePublished":"2021-11-15T12:35:53+00:00","dateModified":"2022-08-25T13:54:25+00:00","description":"Gas Equipment, valves for gas cylinder, camping gas valve, fittings for gas connection, taps for gas connection, sopal tunisia","breadcrumb":{"@id":"https:\/\/tunisia-building-partners.com\/en\/plumbing-and-taps\/gas-equipment\/#breadcrumb"},"inLanguage":"en-US","potentialAction":[{"@type":"ReadAction","target":["https:\/\/tunisia-building-partners.com\/en\/plumbing-and-taps\/gas-equipment\/"]}]},{"@type":"BreadcrumbList","@id":"https:\/\/tunisia-building-partners.com\/en\/plumbing-and-taps\/gas-equipment\/#breadcrumb","itemListElement":[{"@type":"ListItem","position":1,"name":"Accueil","item":"https:\/\/tunisia-building-partners.com\/en\/"},{"@type":"ListItem","position":2,"name":"Plumbing and Taps","item":"https:\/\/tunisia-building-partners.com\/en\/plumbing-and-taps\/"},{"@type":"ListItem","position":3,"name":"Gas Equipment"}]},{"@type":"WebSite","@id":"https:\/\/tunisia-building-partners.com\/en\/#website","url":"https:\/\/tunisia-building-partners.com\/en\/","name":"Tunisia Building Partners","description":"Solutions de constructions et b\u00e2timents, solutions b\u00e9ton, mat\u00e9riels \u00e9lectriques, chauffe-eau solaire, aluminium, fer marchand, plomberie et robinetterie, g\u00e9nie civil","publisher":{"@id":"https:\/\/tunisia-building-partners.com\/en\/#organization"},"potentialAction":[{"@type":"SearchAction","target":{"@type":"EntryPoint","urlTemplate":"https:\/\/tunisia-building-partners.com\/en\/?s={search_term_string}"},"query-input":{"@type":"PropertyValueSpecification","valueRequired":true,"valueName":"search_term_string"}}],"inLanguage":"en-US"},{"@type":"Organization","@id":"https:\/\/tunisia-building-partners.com\/en\/#organization","name":"Tunisia Building Partners","url":"https:\/\/tunisia-building-partners.com\/en\/","logo":{"@type":"ImageObject","inLanguage":"en-US","@id":"https:\/\/tunisia-building-partners.com\/en\/#\/schema\/logo\/image\/","url":"https:\/\/tunisia-building-partners.com\/wp-content\/uploads\/2019\/09\/Logo.png","contentUrl":"https:\/\/tunisia-building-partners.com\/wp-content\/uploads\/2019\/09\/Logo.png","width":853,"height":368,"caption":"Tunisia Building Partners"},"image":{"@id":"https:\/\/tunisia-building-partners.com\/en\/#\/schema\/logo\/image\/"},"sameAs":["https:\/\/www.facebook.com\/Tunisia.Building.Partners","https:\/\/x.com\/TBPTunisia","https:\/\/www.linkedin.com\/company\/28818891","https:\/\/www.youtube.com\/channel\/UCtUmZUwZlDBs2S3GHJuAfuQ\/"]}]}},"_links":{"self":[{"href":"https:\/\/tunisia-building-partners.com\/en\/wp-json\/wp\/v2\/pages\/3386","targetHints":{"allow":["GET"]}}],"collection":[{"href":"https:\/\/tunisia-building-partners.com\/en\/wp-json\/wp\/v2\/pages"}],"about":[{"href":"https:\/\/tunisia-building-partners.com\/en\/wp-json\/wp\/v2\/types\/page"}],"author":[{"embeddable":true,"href":"https:\/\/tunisia-building-partners.com\/en\/wp-json\/wp\/v2\/users\/3"}],"replies":[{"embeddable":true,"href":"https:\/\/tunisia-building-partners.com\/en\/wp-json\/wp\/v2\/comments?post=3386"}],"version-history":[{"count":5,"href":"https:\/\/tunisia-building-partners.com\/en\/wp-json\/wp\/v2\/pages\/3386\/revisions"}],"predecessor-version":[{"id":3862,"href":"https:\/\/tunisia-building-partners.com\/en\/wp-json\/wp\/v2\/pages\/3386\/revisions\/3862"}],"up":[{"embeddable":true,"href":"https:\/\/tunisia-building-partners.com\/en\/wp-json\/wp\/v2\/pages\/3831"}],"wp:attachment":[{"href":"https:\/\/tunisia-building-partners.com\/en\/wp-json\/wp\/v2\/media?parent=3386"}],"curies":[{"name":"wp","href":"https:\/\/api.w.org\/{rel}","templated":true}]}}