{"id":3381,"date":"2021-11-15T12:32:07","date_gmt":"2021-11-15T12:32:07","guid":{"rendered":"https:\/\/tunisia-building-partners.com\/salle-de-bain-et-douche\/"},"modified":"2022-07-16T17:08:33","modified_gmt":"2022-07-16T17:08:33","slug":"bathroom-and-shower","status":"publish","type":"page","link":"https:\/\/tunisia-building-partners.com\/en\/plumbing-and-taps\/bathroom-and-shower\/","title":{"rendered":"Bathroom and Shower"},"content":{"rendered":"<div class=\"wpb-content-wrapper\"><p>[vc_row][vc_column width=&#8221;1\/2&#8243;][vc_column_text]TBP <a href=\"https:\/\/www.sopal.com\/\" target=\"_blank\" rel=\"noopener\">offer<\/a> a wide range of product in bathroom and shower fittings.<\/p>\n<p>Our <a href=\"https:\/\/tunisia-building-partners.com\/en\/sanitary-taps\/\">products<\/a> have a glossy mirror finish that offers easy cleaning, impact resistance and retention of a sparkling surface for many years.<\/p>\n<p>Combining chrome and aluminum, the stainless steel finish offers high water resistance and a robust surface with a modern aesthetic appearance.[\/vc_column_text][\/vc_column][vc_column width=&#8221;1\/2&#8243;][vc_column_text]<\/p>\n<h2>USER EXPERIENCE<\/h2>\n<p><strong>High spout:<\/strong> saves space between the mixer spout and the washbasin\/sink for maximum comfort of use.<\/p>\n<p><strong>Easy Flex<\/strong>: Silicone mouthpiece characterized by its shape memory. Flexible and perfectly obeys all your movements.<\/p>\n<p><strong>Extractable spout:<\/strong> facilitates the execution of tasks and allows you to reach all nooks and crannies for extreme freedom of movement.<\/p>\n<p><strong>Mobile spout:<\/strong> 360\u00b0 rotating spout offering comfort of use with a maximum radius of action. Our range has two other models with 270\u00b0 and 180\u00b0 mobility<\/p>\n<p>With our products, your bathroom and shower becomes a piece of haven![\/vc_column_text][\/vc_column][\/vc_row][vc_row][vc_column width=&#8221;1\/2&#8243;][vc_single_image image=&#8221;2059&#8243; img_size=&#8221;full&#8221;][\/vc_column][vc_column width=&#8221;1\/2&#8243;][vc_column_text]<\/p>\n<h2>SHOWER CABIN<\/h2>\n<p>Make of your shower a moment of pure happiness, a comfortable and relaxing sensorial experience. Whatever your space design or your installation type is, we allow you to fully enjoy shower pleasure.<\/p>\n<p>The shower cabins are a part of this moment of relaxation. Whatever the design of your space or the type of your installation, we make sure that you take full advantage of the pleasures of the shower.[\/vc_column_text][\/vc_column][\/vc_row][vc_row][vc_column width=&#8221;1\/3&#8243;][\/vc_column][vc_column width=&#8221;1\/3&#8243;][vc_empty_space height=&#8221;40&#8243;][vc_separator color=&#8221;orange&#8221; border_width=&#8221;8&#8243; el_width=&#8221;30&#8243;][vc_empty_space height=&#8221;40&#8243;][\/vc_column][vc_column width=&#8221;1\/3&#8243;][\/vc_column][\/vc_row][vc_row][vc_column width=&#8221;1\/2&#8243;][vc_column_text]<\/p>\n<h2>BATHTUB SCREENS<\/h2>\n<p>Thanks to the bathtub screens, you will have the advantages of 2 products in one installation.<\/p>\n<p>A piece of glass made for use on the side of a bath space, providing a barrier between the water of the shower and the rest of the bathroom, without entirely enclosing the tub. Bath screens are generally at least as tall as the shower head and about half the length of the tub. They can be hinged, allowing for full access to the tub space, or they can be made of multiple pieces of glass, with one fixed and the others operational. Those operational pieces can be hinged so that they can fold in upon the set piece like bi-fold or tri-fold doors.<\/p>\n<p>&nbsp;[\/vc_column_text][\/vc_column][vc_column width=&#8221;1\/2&#8243;][vc_single_image image=&#8221;2060&#8243; img_size=&#8221;full&#8221;][\/vc_column][\/vc_row][vc_row][vc_column width=&#8221;1\/3&#8243;][\/vc_column][vc_column width=&#8221;1\/3&#8243;][vc_empty_space height=&#8221;40&#8243;][vc_separator color=&#8221;orange&#8221; border_width=&#8221;8&#8243; el_width=&#8221;30&#8243;][vc_empty_space height=&#8221;40&#8243;][\/vc_column][vc_column width=&#8221;1\/3&#8243;][\/vc_column][\/vc_row][vc_row][vc_column width=&#8221;1\/2&#8243;][vc_single_image image=&#8221;2060&#8243; img_size=&#8221;full&#8221;][\/vc_column][vc_column width=&#8221;1\/2&#8243;][vc_column_text]<\/p>\n<h2>BATHROOM ACCESSORIES<\/h2>\n<p>Our product range:<\/p>\n<ul>\n<li>Sink shelf<\/li>\n<li>Soap holder<\/li>\n<li>Cup holder<\/li>\n<li>Single towel holder<\/li>\n<li>Robe hook<\/li>\n<li>Towel holder<\/li>\n<li>Napkin holder<\/li>\n<li>Wall toilet mural<\/li>\n<li>Rack towel<\/li>\n<li>Magnifying mirror<\/li>\n<li>Shower seat<\/li>\n<li>Grab bar<\/li>\n<li>Spare parts<\/li>\n<\/ul>\n<p>If you have any project in Bathroom and Shower, our commercial staff is at your disposal for any other information.[\/vc_column_text][\/vc_column][\/vc_row]<\/p>\n<\/div>","protected":false},"excerpt":{"rendered":"<p>[vc_row][vc_column width=&#8221;1\/2&#8243;][vc_column_text]TBP offer a wide range of product in bathroom and shower fittings. Our products have a glossy mirror finish&#8230;<\/p>\n","protected":false},"author":3,"featured_media":0,"parent":3831,"menu_order":0,"comment_status":"closed","ping_status":"closed","template":"","meta":{"ngg_post_thumbnail":0,"footnotes":""},"class_list":["post-3381","page","type-page","status-publish"],"yoast_head":"<!-- This site is optimized with the Yoast SEO plugin v27.0 - https:\/\/yoast.com\/product\/yoast-seo-wordpress\/ -->\n<title>Bathroom and Shower - Tunisia Building Partners<\/title>\n<meta name=\"description\" content=\"Bathroom and Shower, shower cabin, bathtub screens, bathroom accessories, Single towel holder, Wall toilet mural, Magnifying mirror\" \/>\n<meta name=\"robots\" content=\"index, follow, max-snippet:-1, max-image-preview:large, max-video-preview:-1\" \/>\n<link rel=\"canonical\" href=\"https:\/\/tunisia-building-partners.com\/en\/plumbing-and-taps\/bathroom-and-shower\/\" \/>\n<meta property=\"og:locale\" content=\"en_US\" \/>\n<meta property=\"og:type\" content=\"article\" \/>\n<meta property=\"og:title\" content=\"Bathroom and Shower - Tunisia Building Partners\" \/>\n<meta property=\"og:description\" content=\"Bathroom and Shower, shower cabin, bathtub screens, bathroom accessories, Single towel holder, Wall toilet mural, Magnifying mirror\" \/>\n<meta property=\"og:url\" content=\"https:\/\/tunisia-building-partners.com\/en\/plumbing-and-taps\/bathroom-and-shower\/\" \/>\n<meta property=\"og:site_name\" content=\"Tunisia Building Partners\" \/>\n<meta property=\"article:publisher\" content=\"https:\/\/www.facebook.com\/Tunisia.Building.Partners\" \/>\n<meta property=\"article:modified_time\" content=\"2022-07-16T17:08:33+00:00\" \/>\n<meta name=\"twitter:card\" content=\"summary_large_image\" \/>\n<meta name=\"twitter:site\" content=\"@TBPTunisia\" \/>\n<meta name=\"twitter:label1\" content=\"Est. reading time\" \/>\n\t<meta name=\"twitter:data1\" content=\"3 minutes\" \/>\n<script type=\"application\/ld+json\" class=\"yoast-schema-graph\">{\"@context\":\"https:\/\/schema.org\",\"@graph\":[{\"@type\":\"WebPage\",\"@id\":\"https:\/\/tunisia-building-partners.com\/en\/plumbing-and-taps\/bathroom-and-shower\/\",\"url\":\"https:\/\/tunisia-building-partners.com\/en\/plumbing-and-taps\/bathroom-and-shower\/\",\"name\":\"Bathroom and Shower - Tunisia Building Partners\",\"isPartOf\":{\"@id\":\"https:\/\/tunisia-building-partners.com\/en\/#website\"},\"datePublished\":\"2021-11-15T12:32:07+00:00\",\"dateModified\":\"2022-07-16T17:08:33+00:00\",\"description\":\"Bathroom and Shower, shower cabin, bathtub screens, bathroom accessories, Single towel holder, Wall toilet mural, Magnifying mirror\",\"breadcrumb\":{\"@id\":\"https:\/\/tunisia-building-partners.com\/en\/plumbing-and-taps\/bathroom-and-shower\/#breadcrumb\"},\"inLanguage\":\"en-US\",\"potentialAction\":[{\"@type\":\"ReadAction\",\"target\":[\"https:\/\/tunisia-building-partners.com\/en\/plumbing-and-taps\/bathroom-and-shower\/\"]}]},{\"@type\":\"BreadcrumbList\",\"@id\":\"https:\/\/tunisia-building-partners.com\/en\/plumbing-and-taps\/bathroom-and-shower\/#breadcrumb\",\"itemListElement\":[{\"@type\":\"ListItem\",\"position\":1,\"name\":\"Accueil\",\"item\":\"https:\/\/tunisia-building-partners.com\/en\/\"},{\"@type\":\"ListItem\",\"position\":2,\"name\":\"Plumbing and Taps\",\"item\":\"https:\/\/tunisia-building-partners.com\/en\/plumbing-and-taps\/\"},{\"@type\":\"ListItem\",\"position\":3,\"name\":\"Bathroom and Shower\"}]},{\"@type\":\"WebSite\",\"@id\":\"https:\/\/tunisia-building-partners.com\/en\/#website\",\"url\":\"https:\/\/tunisia-building-partners.com\/en\/\",\"name\":\"Tunisia Building Partners\",\"description\":\"Solutions de constructions et b\u00e2timents, solutions b\u00e9ton, mat\u00e9riels \u00e9lectriques, chauffe-eau solaire, aluminium, fer marchand, plomberie et robinetterie, g\u00e9nie civil\",\"publisher\":{\"@id\":\"https:\/\/tunisia-building-partners.com\/en\/#organization\"},\"potentialAction\":[{\"@type\":\"SearchAction\",\"target\":{\"@type\":\"EntryPoint\",\"urlTemplate\":\"https:\/\/tunisia-building-partners.com\/en\/?s={search_term_string}\"},\"query-input\":{\"@type\":\"PropertyValueSpecification\",\"valueRequired\":true,\"valueName\":\"search_term_string\"}}],\"inLanguage\":\"en-US\"},{\"@type\":\"Organization\",\"@id\":\"https:\/\/tunisia-building-partners.com\/en\/#organization\",\"name\":\"Tunisia Building Partners\",\"url\":\"https:\/\/tunisia-building-partners.com\/en\/\",\"logo\":{\"@type\":\"ImageObject\",\"inLanguage\":\"en-US\",\"@id\":\"https:\/\/tunisia-building-partners.com\/en\/#\/schema\/logo\/image\/\",\"url\":\"https:\/\/tunisia-building-partners.com\/wp-content\/uploads\/2019\/09\/Logo.png\",\"contentUrl\":\"https:\/\/tunisia-building-partners.com\/wp-content\/uploads\/2019\/09\/Logo.png\",\"width\":853,\"height\":368,\"caption\":\"Tunisia Building Partners\"},\"image\":{\"@id\":\"https:\/\/tunisia-building-partners.com\/en\/#\/schema\/logo\/image\/\"},\"sameAs\":[\"https:\/\/www.facebook.com\/Tunisia.Building.Partners\",\"https:\/\/x.com\/TBPTunisia\",\"https:\/\/www.linkedin.com\/company\/28818891\",\"https:\/\/www.youtube.com\/channel\/UCtUmZUwZlDBs2S3GHJuAfuQ\/\"]}]}<\/script>\n<!-- \/ Yoast SEO plugin. -->","yoast_head_json":{"title":"Bathroom and Shower - Tunisia Building Partners","description":"Bathroom and Shower, shower cabin, bathtub screens, bathroom accessories, Single towel holder, Wall toilet mural, Magnifying mirror","robots":{"index":"index","follow":"follow","max-snippet":"max-snippet:-1","max-image-preview":"max-image-preview:large","max-video-preview":"max-video-preview:-1"},"canonical":"https:\/\/tunisia-building-partners.com\/en\/plumbing-and-taps\/bathroom-and-shower\/","og_locale":"en_US","og_type":"article","og_title":"Bathroom and Shower - Tunisia Building Partners","og_description":"Bathroom and Shower, shower cabin, bathtub screens, bathroom accessories, Single towel holder, Wall toilet mural, Magnifying mirror","og_url":"https:\/\/tunisia-building-partners.com\/en\/plumbing-and-taps\/bathroom-and-shower\/","og_site_name":"Tunisia Building Partners","article_publisher":"https:\/\/www.facebook.com\/Tunisia.Building.Partners","article_modified_time":"2022-07-16T17:08:33+00:00","twitter_card":"summary_large_image","twitter_site":"@TBPTunisia","twitter_misc":{"Est. reading time":"3 minutes"},"schema":{"@context":"https:\/\/schema.org","@graph":[{"@type":"WebPage","@id":"https:\/\/tunisia-building-partners.com\/en\/plumbing-and-taps\/bathroom-and-shower\/","url":"https:\/\/tunisia-building-partners.com\/en\/plumbing-and-taps\/bathroom-and-shower\/","name":"Bathroom and Shower - Tunisia Building Partners","isPartOf":{"@id":"https:\/\/tunisia-building-partners.com\/en\/#website"},"datePublished":"2021-11-15T12:32:07+00:00","dateModified":"2022-07-16T17:08:33+00:00","description":"Bathroom and Shower, shower cabin, bathtub screens, bathroom accessories, Single towel holder, Wall toilet mural, Magnifying mirror","breadcrumb":{"@id":"https:\/\/tunisia-building-partners.com\/en\/plumbing-and-taps\/bathroom-and-shower\/#breadcrumb"},"inLanguage":"en-US","potentialAction":[{"@type":"ReadAction","target":["https:\/\/tunisia-building-partners.com\/en\/plumbing-and-taps\/bathroom-and-shower\/"]}]},{"@type":"BreadcrumbList","@id":"https:\/\/tunisia-building-partners.com\/en\/plumbing-and-taps\/bathroom-and-shower\/#breadcrumb","itemListElement":[{"@type":"ListItem","position":1,"name":"Accueil","item":"https:\/\/tunisia-building-partners.com\/en\/"},{"@type":"ListItem","position":2,"name":"Plumbing and Taps","item":"https:\/\/tunisia-building-partners.com\/en\/plumbing-and-taps\/"},{"@type":"ListItem","position":3,"name":"Bathroom and Shower"}]},{"@type":"WebSite","@id":"https:\/\/tunisia-building-partners.com\/en\/#website","url":"https:\/\/tunisia-building-partners.com\/en\/","name":"Tunisia Building Partners","description":"Solutions de constructions et b\u00e2timents, solutions b\u00e9ton, mat\u00e9riels \u00e9lectriques, chauffe-eau solaire, aluminium, fer marchand, plomberie et robinetterie, g\u00e9nie civil","publisher":{"@id":"https:\/\/tunisia-building-partners.com\/en\/#organization"},"potentialAction":[{"@type":"SearchAction","target":{"@type":"EntryPoint","urlTemplate":"https:\/\/tunisia-building-partners.com\/en\/?s={search_term_string}"},"query-input":{"@type":"PropertyValueSpecification","valueRequired":true,"valueName":"search_term_string"}}],"inLanguage":"en-US"},{"@type":"Organization","@id":"https:\/\/tunisia-building-partners.com\/en\/#organization","name":"Tunisia Building Partners","url":"https:\/\/tunisia-building-partners.com\/en\/","logo":{"@type":"ImageObject","inLanguage":"en-US","@id":"https:\/\/tunisia-building-partners.com\/en\/#\/schema\/logo\/image\/","url":"https:\/\/tunisia-building-partners.com\/wp-content\/uploads\/2019\/09\/Logo.png","contentUrl":"https:\/\/tunisia-building-partners.com\/wp-content\/uploads\/2019\/09\/Logo.png","width":853,"height":368,"caption":"Tunisia Building Partners"},"image":{"@id":"https:\/\/tunisia-building-partners.com\/en\/#\/schema\/logo\/image\/"},"sameAs":["https:\/\/www.facebook.com\/Tunisia.Building.Partners","https:\/\/x.com\/TBPTunisia","https:\/\/www.linkedin.com\/company\/28818891","https:\/\/www.youtube.com\/channel\/UCtUmZUwZlDBs2S3GHJuAfuQ\/"]}]}},"_links":{"self":[{"href":"https:\/\/tunisia-building-partners.com\/en\/wp-json\/wp\/v2\/pages\/3381","targetHints":{"allow":["GET"]}}],"collection":[{"href":"https:\/\/tunisia-building-partners.com\/en\/wp-json\/wp\/v2\/pages"}],"about":[{"href":"https:\/\/tunisia-building-partners.com\/en\/wp-json\/wp\/v2\/types\/page"}],"author":[{"embeddable":true,"href":"https:\/\/tunisia-building-partners.com\/en\/wp-json\/wp\/v2\/users\/3"}],"replies":[{"embeddable":true,"href":"https:\/\/tunisia-building-partners.com\/en\/wp-json\/wp\/v2\/comments?post=3381"}],"version-history":[{"count":6,"href":"https:\/\/tunisia-building-partners.com\/en\/wp-json\/wp\/v2\/pages\/3381\/revisions"}],"predecessor-version":[{"id":3821,"href":"https:\/\/tunisia-building-partners.com\/en\/wp-json\/wp\/v2\/pages\/3381\/revisions\/3821"}],"up":[{"embeddable":true,"href":"https:\/\/tunisia-building-partners.com\/en\/wp-json\/wp\/v2\/pages\/3831"}],"wp:attachment":[{"href":"https:\/\/tunisia-building-partners.com\/en\/wp-json\/wp\/v2\/media?parent=3381"}],"curies":[{"name":"wp","href":"https:\/\/api.w.org\/{rel}","templated":true}]}}