{"id":3378,"date":"2021-11-15T12:29:43","date_gmt":"2021-11-15T12:29:43","guid":{"rendered":"https:\/\/tunisia-building-partners.com\/robinetterie-et-sanitaire\/"},"modified":"2022-06-08T17:06:51","modified_gmt":"2022-06-08T17:06:51","slug":"sanitary-taps","status":"publish","type":"page","link":"https:\/\/tunisia-building-partners.com\/en\/plumbing-and-taps\/sanitary-taps\/","title":{"rendered":"Sanitary Taps"},"content":{"rendered":"<div class=\"wpb-content-wrapper\"><p>[vc_row][vc_column width=&#8221;1\/2&#8243;][vc_column_text]<\/p>\n<h2 style=\"text-align: left;\">Sanitary Taps<\/h2>\n<p>Through a more varied and complete collection of faucets and sanitary taps, we offer innovative solutions, adapted to your needs with a pure and fine style, a discreet and refined design. Simple shapes perfectly fit with your space for a contemporary aspect embarrassing gracefully the last architectural tendencies and subsidizing the minimalist side.<\/p>\n<p><a href=\"https:\/\/www.sopal.com\/\" target=\"_blank\" rel=\"noopener\">Our Range<\/a> is intended for:<\/p>\n<ul>\n<li><strong>Kitchen Space:<\/strong> Mixers and kitchen faucets are at your disposal for offering you a great freedom of a daily movement and comfortable use in your kitchen. All mixers and kitchen faucets are available in a wide range of styles and sizes such as; kitchen mixers with shape memory (EASYFLEX), gooseneck sink mixers, sink mixers with removable shower, wall sink mixers,\u2026<\/li>\n<li><strong>Bathroom space:<\/strong> For many people, a <a href=\"https:\/\/tunisia-building-partners.com\/en\/bathroom-and-shower\/\">bathroom<\/a> is a place of rest and intimacy, it can be considered the most necessary room in the house. This is why we have various types of shower mixers and embedded shower mixers with unique design and refinement.<\/li>\n<li><strong>Community space:<\/strong> The arrangement of collective spaces is our speciality. We provide the the best choice of water saving products for collective spaces.<\/li>\n<\/ul>\n<p>Our products use advanced technologies for your well-being and comfort, namely:<\/p>\n<ul>\n<li>Safe touch<\/li>\n<li>One touch<\/li>\n<li>Energy Saving<\/li>\n<li>Water Saving<\/li>\n<li>Infrared sensor<\/li>\n<\/ul>\n<p>[\/vc_column_text][\/vc_column][vc_column width=&#8221;1\/2&#8243;][vc_single_image image=&#8221;2058&#8243; img_size=&#8221;full&#8221;][vc_column_text]Our range of sanitary fittings can be used on:<\/p>\n<ul>\n<li>Washbasins<\/li>\n<li>The Basins<\/li>\n<li>Bathtubs<\/li>\n<li>Bidets<\/li>\n<li>The showers<\/li>\n<li>kitchen&nbsp;sink<\/li>\n<li>Toilet<\/li>\n<\/ul>\n<p>[\/vc_column_text][\/vc_column][\/vc_row]<\/p>\n<\/div>","protected":false},"excerpt":{"rendered":"<p>[vc_row][vc_column width=&#8221;1\/2&#8243;][vc_column_text] Sanitary Taps Through a more varied and complete collection of faucets and sanitary taps, we offer innovative solutions,&#8230;<\/p>\n","protected":false},"author":3,"featured_media":0,"parent":3831,"menu_order":0,"comment_status":"closed","ping_status":"closed","template":"","meta":{"ngg_post_thumbnail":0,"footnotes":""},"class_list":["post-3378","page","type-page","status-publish"],"yoast_head":"<!-- This site is optimized with the Yoast SEO plugin v27.0 - https:\/\/yoast.com\/product\/yoast-seo-wordpress\/ -->\n<title>Sanitary Taps - Tunisia Building Partners<\/title>\n<meta name=\"description\" content=\"Sanitary Taps, Kitchen Space, Bathroom space, Community space,Washbasins, Bathtubs, The showers, kitchen sink, Toilet, Bidets, Water Saving\" \/>\n<meta name=\"robots\" content=\"index, follow, max-snippet:-1, max-image-preview:large, max-video-preview:-1\" \/>\n<link rel=\"canonical\" href=\"https:\/\/tunisia-building-partners.com\/en\/plumbing-and-taps\/sanitary-taps\/\" \/>\n<meta property=\"og:locale\" content=\"en_US\" \/>\n<meta property=\"og:type\" content=\"article\" \/>\n<meta property=\"og:title\" content=\"Sanitary Taps - Tunisia Building Partners\" \/>\n<meta property=\"og:description\" content=\"Sanitary Taps, Kitchen Space, Bathroom space, Community space,Washbasins, Bathtubs, The showers, kitchen sink, Toilet, Bidets, Water Saving\" \/>\n<meta property=\"og:url\" content=\"https:\/\/tunisia-building-partners.com\/en\/plumbing-and-taps\/sanitary-taps\/\" \/>\n<meta property=\"og:site_name\" content=\"Tunisia Building Partners\" \/>\n<meta property=\"article:publisher\" content=\"https:\/\/www.facebook.com\/Tunisia.Building.Partners\" \/>\n<meta property=\"article:modified_time\" content=\"2022-06-08T17:06:51+00:00\" \/>\n<meta name=\"twitter:card\" content=\"summary_large_image\" \/>\n<meta name=\"twitter:site\" content=\"@TBPTunisia\" \/>\n<meta name=\"twitter:label1\" content=\"Est. reading time\" \/>\n\t<meta name=\"twitter:data1\" content=\"2 minutes\" \/>\n<script type=\"application\/ld+json\" class=\"yoast-schema-graph\">{\"@context\":\"https:\/\/schema.org\",\"@graph\":[{\"@type\":\"WebPage\",\"@id\":\"https:\/\/tunisia-building-partners.com\/en\/plumbing-and-taps\/sanitary-taps\/\",\"url\":\"https:\/\/tunisia-building-partners.com\/en\/plumbing-and-taps\/sanitary-taps\/\",\"name\":\"Sanitary Taps - Tunisia Building Partners\",\"isPartOf\":{\"@id\":\"https:\/\/tunisia-building-partners.com\/en\/#website\"},\"datePublished\":\"2021-11-15T12:29:43+00:00\",\"dateModified\":\"2022-06-08T17:06:51+00:00\",\"description\":\"Sanitary Taps, Kitchen Space, Bathroom space, Community space,Washbasins, Bathtubs, The showers, kitchen sink, Toilet, Bidets, Water Saving\",\"breadcrumb\":{\"@id\":\"https:\/\/tunisia-building-partners.com\/en\/plumbing-and-taps\/sanitary-taps\/#breadcrumb\"},\"inLanguage\":\"en-US\",\"potentialAction\":[{\"@type\":\"ReadAction\",\"target\":[\"https:\/\/tunisia-building-partners.com\/en\/plumbing-and-taps\/sanitary-taps\/\"]}]},{\"@type\":\"BreadcrumbList\",\"@id\":\"https:\/\/tunisia-building-partners.com\/en\/plumbing-and-taps\/sanitary-taps\/#breadcrumb\",\"itemListElement\":[{\"@type\":\"ListItem\",\"position\":1,\"name\":\"Accueil\",\"item\":\"https:\/\/tunisia-building-partners.com\/en\/\"},{\"@type\":\"ListItem\",\"position\":2,\"name\":\"Plumbing and Taps\",\"item\":\"https:\/\/tunisia-building-partners.com\/en\/plumbing-and-taps\/\"},{\"@type\":\"ListItem\",\"position\":3,\"name\":\"Sanitary Taps\"}]},{\"@type\":\"WebSite\",\"@id\":\"https:\/\/tunisia-building-partners.com\/en\/#website\",\"url\":\"https:\/\/tunisia-building-partners.com\/en\/\",\"name\":\"Tunisia Building Partners\",\"description\":\"Solutions de constructions et b\u00e2timents, solutions b\u00e9ton, mat\u00e9riels \u00e9lectriques, chauffe-eau solaire, aluminium, fer marchand, plomberie et robinetterie, g\u00e9nie civil\",\"publisher\":{\"@id\":\"https:\/\/tunisia-building-partners.com\/en\/#organization\"},\"potentialAction\":[{\"@type\":\"SearchAction\",\"target\":{\"@type\":\"EntryPoint\",\"urlTemplate\":\"https:\/\/tunisia-building-partners.com\/en\/?s={search_term_string}\"},\"query-input\":{\"@type\":\"PropertyValueSpecification\",\"valueRequired\":true,\"valueName\":\"search_term_string\"}}],\"inLanguage\":\"en-US\"},{\"@type\":\"Organization\",\"@id\":\"https:\/\/tunisia-building-partners.com\/en\/#organization\",\"name\":\"Tunisia Building Partners\",\"url\":\"https:\/\/tunisia-building-partners.com\/en\/\",\"logo\":{\"@type\":\"ImageObject\",\"inLanguage\":\"en-US\",\"@id\":\"https:\/\/tunisia-building-partners.com\/en\/#\/schema\/logo\/image\/\",\"url\":\"https:\/\/tunisia-building-partners.com\/wp-content\/uploads\/2019\/09\/Logo.png\",\"contentUrl\":\"https:\/\/tunisia-building-partners.com\/wp-content\/uploads\/2019\/09\/Logo.png\",\"width\":853,\"height\":368,\"caption\":\"Tunisia Building Partners\"},\"image\":{\"@id\":\"https:\/\/tunisia-building-partners.com\/en\/#\/schema\/logo\/image\/\"},\"sameAs\":[\"https:\/\/www.facebook.com\/Tunisia.Building.Partners\",\"https:\/\/x.com\/TBPTunisia\",\"https:\/\/www.linkedin.com\/company\/28818891\",\"https:\/\/www.youtube.com\/channel\/UCtUmZUwZlDBs2S3GHJuAfuQ\/\"]}]}<\/script>\n<!-- \/ Yoast SEO plugin. -->","yoast_head_json":{"title":"Sanitary Taps - Tunisia Building Partners","description":"Sanitary Taps, Kitchen Space, Bathroom space, Community space,Washbasins, Bathtubs, The showers, kitchen sink, Toilet, Bidets, Water Saving","robots":{"index":"index","follow":"follow","max-snippet":"max-snippet:-1","max-image-preview":"max-image-preview:large","max-video-preview":"max-video-preview:-1"},"canonical":"https:\/\/tunisia-building-partners.com\/en\/plumbing-and-taps\/sanitary-taps\/","og_locale":"en_US","og_type":"article","og_title":"Sanitary Taps - Tunisia Building Partners","og_description":"Sanitary Taps, Kitchen Space, Bathroom space, Community space,Washbasins, Bathtubs, The showers, kitchen sink, Toilet, Bidets, Water Saving","og_url":"https:\/\/tunisia-building-partners.com\/en\/plumbing-and-taps\/sanitary-taps\/","og_site_name":"Tunisia Building Partners","article_publisher":"https:\/\/www.facebook.com\/Tunisia.Building.Partners","article_modified_time":"2022-06-08T17:06:51+00:00","twitter_card":"summary_large_image","twitter_site":"@TBPTunisia","twitter_misc":{"Est. reading time":"2 minutes"},"schema":{"@context":"https:\/\/schema.org","@graph":[{"@type":"WebPage","@id":"https:\/\/tunisia-building-partners.com\/en\/plumbing-and-taps\/sanitary-taps\/","url":"https:\/\/tunisia-building-partners.com\/en\/plumbing-and-taps\/sanitary-taps\/","name":"Sanitary Taps - Tunisia Building Partners","isPartOf":{"@id":"https:\/\/tunisia-building-partners.com\/en\/#website"},"datePublished":"2021-11-15T12:29:43+00:00","dateModified":"2022-06-08T17:06:51+00:00","description":"Sanitary Taps, Kitchen Space, Bathroom space, Community space,Washbasins, Bathtubs, The showers, kitchen sink, Toilet, Bidets, Water Saving","breadcrumb":{"@id":"https:\/\/tunisia-building-partners.com\/en\/plumbing-and-taps\/sanitary-taps\/#breadcrumb"},"inLanguage":"en-US","potentialAction":[{"@type":"ReadAction","target":["https:\/\/tunisia-building-partners.com\/en\/plumbing-and-taps\/sanitary-taps\/"]}]},{"@type":"BreadcrumbList","@id":"https:\/\/tunisia-building-partners.com\/en\/plumbing-and-taps\/sanitary-taps\/#breadcrumb","itemListElement":[{"@type":"ListItem","position":1,"name":"Accueil","item":"https:\/\/tunisia-building-partners.com\/en\/"},{"@type":"ListItem","position":2,"name":"Plumbing and Taps","item":"https:\/\/tunisia-building-partners.com\/en\/plumbing-and-taps\/"},{"@type":"ListItem","position":3,"name":"Sanitary Taps"}]},{"@type":"WebSite","@id":"https:\/\/tunisia-building-partners.com\/en\/#website","url":"https:\/\/tunisia-building-partners.com\/en\/","name":"Tunisia Building Partners","description":"Solutions de constructions et b\u00e2timents, solutions b\u00e9ton, mat\u00e9riels \u00e9lectriques, chauffe-eau solaire, aluminium, fer marchand, plomberie et robinetterie, g\u00e9nie civil","publisher":{"@id":"https:\/\/tunisia-building-partners.com\/en\/#organization"},"potentialAction":[{"@type":"SearchAction","target":{"@type":"EntryPoint","urlTemplate":"https:\/\/tunisia-building-partners.com\/en\/?s={search_term_string}"},"query-input":{"@type":"PropertyValueSpecification","valueRequired":true,"valueName":"search_term_string"}}],"inLanguage":"en-US"},{"@type":"Organization","@id":"https:\/\/tunisia-building-partners.com\/en\/#organization","name":"Tunisia Building Partners","url":"https:\/\/tunisia-building-partners.com\/en\/","logo":{"@type":"ImageObject","inLanguage":"en-US","@id":"https:\/\/tunisia-building-partners.com\/en\/#\/schema\/logo\/image\/","url":"https:\/\/tunisia-building-partners.com\/wp-content\/uploads\/2019\/09\/Logo.png","contentUrl":"https:\/\/tunisia-building-partners.com\/wp-content\/uploads\/2019\/09\/Logo.png","width":853,"height":368,"caption":"Tunisia Building Partners"},"image":{"@id":"https:\/\/tunisia-building-partners.com\/en\/#\/schema\/logo\/image\/"},"sameAs":["https:\/\/www.facebook.com\/Tunisia.Building.Partners","https:\/\/x.com\/TBPTunisia","https:\/\/www.linkedin.com\/company\/28818891","https:\/\/www.youtube.com\/channel\/UCtUmZUwZlDBs2S3GHJuAfuQ\/"]}]}},"_links":{"self":[{"href":"https:\/\/tunisia-building-partners.com\/en\/wp-json\/wp\/v2\/pages\/3378","targetHints":{"allow":["GET"]}}],"collection":[{"href":"https:\/\/tunisia-building-partners.com\/en\/wp-json\/wp\/v2\/pages"}],"about":[{"href":"https:\/\/tunisia-building-partners.com\/en\/wp-json\/wp\/v2\/types\/page"}],"author":[{"embeddable":true,"href":"https:\/\/tunisia-building-partners.com\/en\/wp-json\/wp\/v2\/users\/3"}],"replies":[{"embeddable":true,"href":"https:\/\/tunisia-building-partners.com\/en\/wp-json\/wp\/v2\/comments?post=3378"}],"version-history":[{"count":2,"href":"https:\/\/tunisia-building-partners.com\/en\/wp-json\/wp\/v2\/pages\/3378\/revisions"}],"predecessor-version":[{"id":3747,"href":"https:\/\/tunisia-building-partners.com\/en\/wp-json\/wp\/v2\/pages\/3378\/revisions\/3747"}],"up":[{"embeddable":true,"href":"https:\/\/tunisia-building-partners.com\/en\/wp-json\/wp\/v2\/pages\/3831"}],"wp:attachment":[{"href":"https:\/\/tunisia-building-partners.com\/en\/wp-json\/wp\/v2\/media?parent=3378"}],"curies":[{"name":"wp","href":"https:\/\/api.w.org\/{rel}","templated":true}]}}