{"id":3337,"date":"2021-04-27T13:27:09","date_gmt":"2021-04-27T13:27:09","guid":{"rendered":"https:\/\/tunisia-building-partners.com\/qui-sommes-nous\/"},"modified":"2024-07-05T16:05:56","modified_gmt":"2024-07-05T16:05:56","slug":"who-are-we","status":"publish","type":"page","link":"https:\/\/tunisia-building-partners.com\/en\/who-are-we\/","title":{"rendered":"who are we?"},"content":{"rendered":"<div class=\"wpb-content-wrapper\"><p>[vc_row][vc_column][vc_column_text][\/vc_column_text][\/vc_column][\/vc_row][vc_row css=&#8221;.vc_custom_1511178027038{margin-bottom: 0px !important;}&#8221;][vc_column]<div class=\"clearboth\"><\/div><style>#thegem-divider-69d0f401cd0ea {margin-top: 45px !important;}<\/style><div id=\"thegem-divider-69d0f401cd0ea\" class=\"gem-divider  \" style=\"\" ><\/div>[\/vc_column][\/vc_row][vc_row full_width=&#8221;stretch_row&#8221; css=&#8221;.vc_custom_1511177893404{margin-bottom: 0px !important;}&#8221;][vc_column offset=&#8221;vc_col-md-6&#8243;]<div class=\"gem-image gem-wrapbox gem-wrapbox-style-default gem-wrapbox-position-below  thegem-custom-69d0f401cd12c6501\"  style=\"\" ><div class=\"gem-wrapbox-inner \" ><img class=\"gem-wrapbox-element img-responsive\" src=\"https:\/\/tunisia-building-partners.com\/wp-content\/uploads\/2019\/09\/Logo.png\" alt=\"\"\/><\/div><\/div>[\/vc_column][vc_column offset=&#8221;vc_col-lg-offset-0 vc_col-md-offset-0 vc_col-md-6 vc_col-sm-offset-0&#8243;][vc_column_text css=&#8221;.vc_custom_1569510249651{margin-top: -12px !important;}&#8221;]<\/p>\n<div style=\"width: 55px; height: 3px; background: #fbc300; text-indent: 9999px;\">1<\/div>\n<p>[\/vc_column_text]<div class=\"clearboth\"><\/div><style>#thegem-divider-69d0f401cd708 {margin-top: 43px !important;}<\/style><div id=\"thegem-divider-69d0f401cd708\" class=\"gem-divider  \" style=\"\" ><\/div>[vc_tta_accordion shape=&#8221;square&#8221; color=&#8221;white&#8221; gap=&#8221;4&#8243; c_icon=&#8221;chevron&#8221; active_section=&#8221;1&#8243;][vc_tta_section title=&#8221;Description&#8221; tab_id=&#8221;1463992621538-fb0b080b-8572&#8243;][vc_column_text css=&#8221;.vc_custom_1706784682241{margin-bottom: 0px !important;}&#8221;]Who are we ? TUNISIA BUILDING PARTNERS is a group of 8 Tunisian companies operating in the construction, and building materials sector. We offer materials and technical solution in:<\/p>\n<ul>\n<li>Renewable energies<\/li>\n<li>Appliances and electrical equipment<\/li>\n<li>Civil engineering work<\/li>\n<li>Construction materials<\/li>\n<li>Plumbing and Taps<\/li>\n<li>Aluminum Joinery<\/li>\n<li>Wood carpentry<\/li>\n<\/ul>\n<p>[\/vc_column_text][\/vc_tta_section][vc_tta_section title=&#8221;Our History&#8221; tab_id=&#8221;1463993166551-1b36e6d6-50f0&#8243;][vc_column_text css=&#8221;.vc_custom_1653987611932{margin-bottom: 0px !important;}&#8221;]Resulting from the collaboration between twelve of the most successful companies on the market, our objective is to promote the emergence of a strong, global, impactful and customized Tunisian offer that effectively meets all the specific needs of the Sub-Saharan <a href=\"https:\/\/www.worldbank.org\/en\/region\/afr\/overview\" target=\"_blank\" rel=\"noopener\">African markets<\/a>: To offer quality products and services, meeting international standards with a competitive price, this is our aim.[\/vc_column_text][\/vc_tta_section][vc_tta_section title=&#8221;Download&#8221; tab_id=&#8221;1720195489321-a41cd108-a478&#8243;][vc_column_text css=&#8221;&#8221;]You can download our product brochure <a href=\"https:\/\/tunisia-building-partners.com\/en\/download\/\" target=\"_blank\" rel=\"noopener\">Here<\/a>[\/vc_column_text][\/vc_tta_section][\/vc_tta_accordion][\/vc_column][vc_column]<div class=\"clearboth\"><\/div><style>#thegem-divider-69d0f401cd726 {margin-top: 30px !important;}<\/style><div id=\"thegem-divider-69d0f401cd726\" class=\"gem-divider  \" style=\"\" ><\/div>[vc_column_text]<\/p>\n<h1 style=\"text-align: center;\">chairman&#8217;s message<\/h1>\n<p>[\/vc_column_text]<div class=\"clearboth\"><\/div><style>#thegem-divider-69d0f401cd73c {margin-top: 45px !important;}<\/style><div id=\"thegem-divider-69d0f401cd73c\" class=\"gem-divider  \" style=\"\" ><\/div>[vc_column_text]<strong>&#8220;We are proud to present Tunisia Building Partners, a group of 14 leading Tunisian companies in the construction sector. Our mission is to provide quality products and services meeting international standards at a competitive price, to meet the specific needs of the African market.<\/strong><strong>&#8220;<\/strong>[\/vc_column_text]<div class=\"clearboth\"><\/div><style>#thegem-divider-69d0f401cd751 {margin-top: 60px !important;}<\/style><div id=\"thegem-divider-69d0f401cd751\" class=\"gem-divider  \" style=\"\" ><\/div><div style='background-color: #f5f5f5; color: #2c2c2c; '  class=\"gem-quote gem-quote-style-1 gem-quote-no-paddings custom-color-blockqute-mark-added \" ><blockquote style='color: #2c2c2c ; border-color:  ' ><\/p>\n<div style=\"text-align: center;\"><strong>&nbsp;We are committed to be a reliable partner for our clients and to contribute to the sustainable development of Africa. By working together, we can build a better future for our customers, partners and communities, we can build your dreams!<\/strong><\/div>\n<div>&nbsp;<\/div>\n<p><\/blockquote><span style=color:#fbcf00;  class=\"custom-color-blockqute-mark\">&#xe60c;<\/span><\/div>[vc_column_text]We are committed to work closely with our partners and clients to achieve sustainable development. We are driven to meet the challenges of the marketplace by providing innovative and sustainable solutions that fulfil the specific needs of our customers.<br \/>\nTogether we can build a stronger and prosperous future for our continent Africa.[\/vc_column_text][vc_row_inner][vc_column_inner width=&#8221;1\/3&#8243;][\/vc_column_inner][vc_column_inner width=&#8221;1\/3&#8243;][\/vc_column_inner][vc_column_inner width=&#8221;1\/3&#8243;]<div class=\"clearboth\"><\/div><style>#thegem-divider-69d0f401cd785 {margin-top: 20px !important;}<\/style><div id=\"thegem-divider-69d0f401cd785\" class=\"gem-divider  \" style=\"\" ><\/div>[vc_column_text]<\/p>\n<h6 style=\"text-align: center;\">Mr Ahmed ERNEZ<\/h6>\n<h6 style=\"text-align: center;\">CEO BSI<\/h6>\n<h6 style=\"text-align: center;\">CEO Tunisia Building Partners<\/h6>\n<p>[\/vc_column_text][\/vc_column_inner][\/vc_row_inner][\/vc_column][\/vc_row]<\/p>\n<\/div>","protected":false},"excerpt":{"rendered":"<p>[vc_row][vc_column][vc_column_text][\/vc_column_text][\/vc_column][\/vc_row][vc_row css=&#8221;.vc_custom_1511178027038{margin-bottom: 0px !important;}&#8221;][vc_column][\/vc_column][\/vc_row][vc_row full_width=&#8221;stretch_row&#8221; css=&#8221;.vc_custom_1511177893404{margin-bottom: 0px !important;}&#8221;][vc_column offset=&#8221;vc_col-md-6&#8243;][\/vc_column][vc_column offset=&#8221;vc_col-lg-offset-0 vc_col-md-offset-0 vc_col-md-6 vc_col-sm-offset-0&#8243;][vc_column_text css=&#8221;.vc_custom_1569510249651{margin-top: -12px !important;}&#8221;] 1 [\/vc_column_text][vc_tta_accordion shape=&#8221;square&#8221; color=&#8221;white&#8221;&#8230;<\/p>\n","protected":false},"author":3,"featured_media":0,"parent":0,"menu_order":0,"comment_status":"closed","ping_status":"closed","template":"","meta":{"ngg_post_thumbnail":0,"footnotes":""},"class_list":["post-3337","page","type-page","status-publish"],"yoast_head":"<!-- This site is optimized with the Yoast SEO plugin v27.0 - https:\/\/yoast.com\/product\/yoast-seo-wordpress\/ -->\n<title>who are we - Tunisia Building Partners<\/title>\n<meta name=\"description\" content=\"who are we, Tunisia Building partners presentation, constructions and building, solutions for concrete, plumbing, civil engineering\" \/>\n<meta name=\"robots\" content=\"index, follow, max-snippet:-1, max-image-preview:large, max-video-preview:-1\" \/>\n<link rel=\"canonical\" href=\"https:\/\/tunisia-building-partners.com\/en\/who-are-we\/\" \/>\n<meta property=\"og:locale\" content=\"en_US\" \/>\n<meta property=\"og:type\" content=\"article\" \/>\n<meta property=\"og:title\" content=\"who are we - Tunisia Building Partners\" \/>\n<meta property=\"og:description\" content=\"who are we, Tunisia Building partners presentation, constructions and building, solutions for concrete, plumbing, civil engineering\" \/>\n<meta property=\"og:url\" content=\"https:\/\/tunisia-building-partners.com\/en\/who-are-we\/\" \/>\n<meta property=\"og:site_name\" content=\"Tunisia Building Partners\" \/>\n<meta property=\"article:publisher\" content=\"https:\/\/www.facebook.com\/Tunisia.Building.Partners\" \/>\n<meta property=\"article:modified_time\" content=\"2024-07-05T16:05:56+00:00\" \/>\n<meta name=\"twitter:card\" content=\"summary_large_image\" \/>\n<meta name=\"twitter:site\" content=\"@TBPTunisia\" \/>\n<meta name=\"twitter:label1\" content=\"Est. reading time\" \/>\n\t<meta name=\"twitter:data1\" content=\"2 minutes\" \/>\n<script type=\"application\/ld+json\" class=\"yoast-schema-graph\">{\"@context\":\"https:\/\/schema.org\",\"@graph\":[{\"@type\":\"WebPage\",\"@id\":\"https:\/\/tunisia-building-partners.com\/en\/who-are-we\/\",\"url\":\"https:\/\/tunisia-building-partners.com\/en\/who-are-we\/\",\"name\":\"who are we - Tunisia Building Partners\",\"isPartOf\":{\"@id\":\"https:\/\/tunisia-building-partners.com\/en\/#website\"},\"datePublished\":\"2021-04-27T13:27:09+00:00\",\"dateModified\":\"2024-07-05T16:05:56+00:00\",\"description\":\"who are we, Tunisia Building partners presentation, constructions and building, solutions for concrete, plumbing, civil engineering\",\"breadcrumb\":{\"@id\":\"https:\/\/tunisia-building-partners.com\/en\/who-are-we\/#breadcrumb\"},\"inLanguage\":\"en-US\",\"potentialAction\":[{\"@type\":\"ReadAction\",\"target\":[\"https:\/\/tunisia-building-partners.com\/en\/who-are-we\/\"]}]},{\"@type\":\"BreadcrumbList\",\"@id\":\"https:\/\/tunisia-building-partners.com\/en\/who-are-we\/#breadcrumb\",\"itemListElement\":[{\"@type\":\"ListItem\",\"position\":1,\"name\":\"Accueil\",\"item\":\"https:\/\/tunisia-building-partners.com\/en\/\"},{\"@type\":\"ListItem\",\"position\":2,\"name\":\"who are we?\"}]},{\"@type\":\"WebSite\",\"@id\":\"https:\/\/tunisia-building-partners.com\/en\/#website\",\"url\":\"https:\/\/tunisia-building-partners.com\/en\/\",\"name\":\"Tunisia Building Partners\",\"description\":\"Solutions de constructions et b\u00e2timents, solutions b\u00e9ton, mat\u00e9riels \u00e9lectriques, chauffe-eau solaire, aluminium, fer marchand, plomberie et robinetterie, g\u00e9nie civil\",\"publisher\":{\"@id\":\"https:\/\/tunisia-building-partners.com\/en\/#organization\"},\"potentialAction\":[{\"@type\":\"SearchAction\",\"target\":{\"@type\":\"EntryPoint\",\"urlTemplate\":\"https:\/\/tunisia-building-partners.com\/en\/?s={search_term_string}\"},\"query-input\":{\"@type\":\"PropertyValueSpecification\",\"valueRequired\":true,\"valueName\":\"search_term_string\"}}],\"inLanguage\":\"en-US\"},{\"@type\":\"Organization\",\"@id\":\"https:\/\/tunisia-building-partners.com\/en\/#organization\",\"name\":\"Tunisia Building Partners\",\"url\":\"https:\/\/tunisia-building-partners.com\/en\/\",\"logo\":{\"@type\":\"ImageObject\",\"inLanguage\":\"en-US\",\"@id\":\"https:\/\/tunisia-building-partners.com\/en\/#\/schema\/logo\/image\/\",\"url\":\"https:\/\/tunisia-building-partners.com\/wp-content\/uploads\/2019\/09\/Logo.png\",\"contentUrl\":\"https:\/\/tunisia-building-partners.com\/wp-content\/uploads\/2019\/09\/Logo.png\",\"width\":853,\"height\":368,\"caption\":\"Tunisia Building Partners\"},\"image\":{\"@id\":\"https:\/\/tunisia-building-partners.com\/en\/#\/schema\/logo\/image\/\"},\"sameAs\":[\"https:\/\/www.facebook.com\/Tunisia.Building.Partners\",\"https:\/\/x.com\/TBPTunisia\",\"https:\/\/www.linkedin.com\/company\/28818891\",\"https:\/\/www.youtube.com\/channel\/UCtUmZUwZlDBs2S3GHJuAfuQ\/\"]}]}<\/script>\n<!-- \/ Yoast SEO plugin. -->","yoast_head_json":{"title":"who are we - Tunisia Building Partners","description":"who are we, Tunisia Building partners presentation, constructions and building, solutions for concrete, plumbing, civil engineering","robots":{"index":"index","follow":"follow","max-snippet":"max-snippet:-1","max-image-preview":"max-image-preview:large","max-video-preview":"max-video-preview:-1"},"canonical":"https:\/\/tunisia-building-partners.com\/en\/who-are-we\/","og_locale":"en_US","og_type":"article","og_title":"who are we - Tunisia Building Partners","og_description":"who are we, Tunisia Building partners presentation, constructions and building, solutions for concrete, plumbing, civil engineering","og_url":"https:\/\/tunisia-building-partners.com\/en\/who-are-we\/","og_site_name":"Tunisia Building Partners","article_publisher":"https:\/\/www.facebook.com\/Tunisia.Building.Partners","article_modified_time":"2024-07-05T16:05:56+00:00","twitter_card":"summary_large_image","twitter_site":"@TBPTunisia","twitter_misc":{"Est. reading time":"2 minutes"},"schema":{"@context":"https:\/\/schema.org","@graph":[{"@type":"WebPage","@id":"https:\/\/tunisia-building-partners.com\/en\/who-are-we\/","url":"https:\/\/tunisia-building-partners.com\/en\/who-are-we\/","name":"who are we - Tunisia Building Partners","isPartOf":{"@id":"https:\/\/tunisia-building-partners.com\/en\/#website"},"datePublished":"2021-04-27T13:27:09+00:00","dateModified":"2024-07-05T16:05:56+00:00","description":"who are we, Tunisia Building partners presentation, constructions and building, solutions for concrete, plumbing, civil engineering","breadcrumb":{"@id":"https:\/\/tunisia-building-partners.com\/en\/who-are-we\/#breadcrumb"},"inLanguage":"en-US","potentialAction":[{"@type":"ReadAction","target":["https:\/\/tunisia-building-partners.com\/en\/who-are-we\/"]}]},{"@type":"BreadcrumbList","@id":"https:\/\/tunisia-building-partners.com\/en\/who-are-we\/#breadcrumb","itemListElement":[{"@type":"ListItem","position":1,"name":"Accueil","item":"https:\/\/tunisia-building-partners.com\/en\/"},{"@type":"ListItem","position":2,"name":"who are we?"}]},{"@type":"WebSite","@id":"https:\/\/tunisia-building-partners.com\/en\/#website","url":"https:\/\/tunisia-building-partners.com\/en\/","name":"Tunisia Building Partners","description":"Solutions de constructions et b\u00e2timents, solutions b\u00e9ton, mat\u00e9riels \u00e9lectriques, chauffe-eau solaire, aluminium, fer marchand, plomberie et robinetterie, g\u00e9nie civil","publisher":{"@id":"https:\/\/tunisia-building-partners.com\/en\/#organization"},"potentialAction":[{"@type":"SearchAction","target":{"@type":"EntryPoint","urlTemplate":"https:\/\/tunisia-building-partners.com\/en\/?s={search_term_string}"},"query-input":{"@type":"PropertyValueSpecification","valueRequired":true,"valueName":"search_term_string"}}],"inLanguage":"en-US"},{"@type":"Organization","@id":"https:\/\/tunisia-building-partners.com\/en\/#organization","name":"Tunisia Building Partners","url":"https:\/\/tunisia-building-partners.com\/en\/","logo":{"@type":"ImageObject","inLanguage":"en-US","@id":"https:\/\/tunisia-building-partners.com\/en\/#\/schema\/logo\/image\/","url":"https:\/\/tunisia-building-partners.com\/wp-content\/uploads\/2019\/09\/Logo.png","contentUrl":"https:\/\/tunisia-building-partners.com\/wp-content\/uploads\/2019\/09\/Logo.png","width":853,"height":368,"caption":"Tunisia Building Partners"},"image":{"@id":"https:\/\/tunisia-building-partners.com\/en\/#\/schema\/logo\/image\/"},"sameAs":["https:\/\/www.facebook.com\/Tunisia.Building.Partners","https:\/\/x.com\/TBPTunisia","https:\/\/www.linkedin.com\/company\/28818891","https:\/\/www.youtube.com\/channel\/UCtUmZUwZlDBs2S3GHJuAfuQ\/"]}]}},"_links":{"self":[{"href":"https:\/\/tunisia-building-partners.com\/en\/wp-json\/wp\/v2\/pages\/3337","targetHints":{"allow":["GET"]}}],"collection":[{"href":"https:\/\/tunisia-building-partners.com\/en\/wp-json\/wp\/v2\/pages"}],"about":[{"href":"https:\/\/tunisia-building-partners.com\/en\/wp-json\/wp\/v2\/types\/page"}],"author":[{"embeddable":true,"href":"https:\/\/tunisia-building-partners.com\/en\/wp-json\/wp\/v2\/users\/3"}],"replies":[{"embeddable":true,"href":"https:\/\/tunisia-building-partners.com\/en\/wp-json\/wp\/v2\/comments?post=3337"}],"version-history":[{"count":11,"href":"https:\/\/tunisia-building-partners.com\/en\/wp-json\/wp\/v2\/pages\/3337\/revisions"}],"predecessor-version":[{"id":5338,"href":"https:\/\/tunisia-building-partners.com\/en\/wp-json\/wp\/v2\/pages\/3337\/revisions\/5338"}],"wp:attachment":[{"href":"https:\/\/tunisia-building-partners.com\/en\/wp-json\/wp\/v2\/media?parent=3337"}],"curies":[{"name":"wp","href":"https:\/\/api.w.org\/{rel}","templated":true}]}}